{"id":9427,"date":"2016-12-19T08:51:56","date_gmt":"2016-12-19T05:51:56","guid":{"rendered":"https:\/\/bienlawfirm.com\/our-team\/"},"modified":"2024-08-13T00:44:19","modified_gmt":"2024-08-12T21:44:19","slug":"our-team","status":"publish","type":"page","link":"https:\/\/bienlawfirm.com\/en\/our-team\/","title":{"rendered":"Our Team"},"content":{"rendered":"<div class=\"wpb-content-wrapper\"><style type=\"text\/css\" data-type=\"vc_cmsms_shortcodes-custom-css\"><\/style><p>[vc_row css=&#8221;.vc_custom_1482140740270{padding-top: 65px !important;padding-bottom: 40px !important;}&#8221;][vc_column width=&#8221;1\/6&#8243; offset=&#8221;vc_col-md-3&#8243; css=&#8221;.vc_custom_1722528851352{margin-bottom: 20px !important;}&#8221;][cmsms_profile uniqid=&#8221;cmsms_shcd_66ba3a5e345445_29219793&#8243; image=&#8221;8704&#8243; title=&#8221;Ahmet Oguzhan Balci&#8221; subtitle=&#8221;Foreigners Law, Contract Law, Corporate Law, International Law&#8221; text=&#8221;Education Kocaeli University<br \/>\nExperience: 4<br \/>\nLanguages: English, French&#8221; icons=&#8221;%5B%7B%22icon_class%22%3A%22Theme-Default-Icons-instagram-with-circle%22%2C%22icon_link%22%3A%22url%3A%2523%22%2C%22icon_color%22%3A%22%23919191%22%2C%22icon_color_hover%22%3A%22%23d1d1d1%22%7D%2C%7B%22icon_class%22%3A%22Theme-Default-Icons-linkedin-with-circle%22%2C%22icon_link%22%3A%22url%3A%2523%22%2C%22icon_color%22%3A%22%23919191%22%2C%22icon_color_hover%22%3A%22%23d1d1d1%22%7D%5D&#8221; el_class=&#8221;grayscale&#8221;][\/vc_column][vc_column width=&#8221;1\/2&#8243; offset=&#8221;vc_col-md-3&#8243; css=&#8221;.vc_custom_1519640002739{margin-bottom: 20px !important;}&#8221;][cmsms_profile uniqid=&#8221;cmsms_shcd_66ba3a6e4a2c41_76191955&#8243; image=&#8221;8707&#8243; title=&#8221;Bekir Dedeler&#8221; subtitle=&#8221;Real Estate Law, Commercial Law, Corporate Law&#8221; text=&#8221;Education: Istanbul University Faculty of Law<br \/>\nExperience: 25<br \/>\nLanguages English&#8221; icons=&#8221;%5B%7B%22icon_class%22%3A%22Theme-Default-Icons-instagram-with-circle%22%2C%22icon_link%22%3A%22url%3A%2523%22%2C%22icon_color%22%3A%22%23919191%22%2C%22icon_color_hover%22%3A%22%23d1d1d1%22%7D%2C%7B%22icon_class%22%3A%22Theme-Default-Icons-linkedin-with-circle%22%2C%22icon_link%22%3A%22url%3A%2523%22%2C%22icon_color%22%3A%22%23919191%22%2C%22icon_color_hover%22%3A%22%23d1d1d1%22%7D%5D&#8221;][\/vc_column][vc_column width=&#8221;1\/2&#8243; css=&#8221;.vc_custom_1519640011258{margin-bottom: 20px !important;}&#8221; offset=&#8221;vc_col-md-3&#8243;][cmsms_profile uniqid=&#8221;cmsms_shcd_66ba3a76bf3a70_60076521&#8243; image=&#8221;8705&#8243; title=&#8221;Hamza Yurtsever&#8221; subtitle=&#8221;Administrative Law, Criminal Law, Foreigners Law&#8221; text=&#8221;Education: Marmara University Faculty of Law<br \/>\nExperience: 6<br \/>\nLanguages: English, German&#8221; icons=&#8221;%5B%7B%22icon_class%22%3A%22Theme-Default-Icons-instagram-with-circle%22%2C%22icon_link%22%3A%22url%3A%2523%22%2C%22icon_color%22%3A%22%23919191%22%2C%22icon_color_hover%22%3A%22%23d1d1d1%22%7D%2C%7B%22icon_class%22%3A%22Theme-Default-Icons-linkedin-with-circle%22%2C%22icon_link%22%3A%22url%3A%2523%22%2C%22icon_color%22%3A%22%23919191%22%2C%22icon_color_hover%22%3A%22%23d1d1d1%22%7D%5D&#8221;][\/vc_column][vc_column width=&#8221;1\/2&#8243; offset=&#8221;vc_col-md-3&#8243;][cmsms_profile uniqid=&#8221;cmsms_shcd_66ba3a7ed80816_96567306&#8243; image=&#8221;8708&#8243; title=&#8221;Hasan H\u00fcseyin Y\u0131lmaz&#8221; subtitle=&#8221;Corporate Law, Commercial Law, Enforcement Law, Labor Law, Insurance Law&#8221; text=&#8221;Education: Marmara University Faculty of Law<br \/>\nExperience: 6<br \/>\nLanguages: English&#8221; icons=&#8221;%5B%7B%22icon_class%22%3A%22Theme-Default-Icons-instagram-with-circle%22%2C%22icon_link%22%3A%22url%3A%2523%22%2C%22icon_color%22%3A%22%23919191%22%2C%22icon_color_hover%22%3A%22%23d1d1d1%22%7D%2C%7B%22icon_class%22%3A%22Theme-Default-Icons-linkedin-with-circle%22%2C%22icon_link%22%3A%22url%3A%2523%22%2C%22icon_color%22%3A%22%23919191%22%2C%22icon_color_hover%22%3A%22%23d1d1d1%22%7D%5D&#8221;][\/vc_column][\/vc_row][vc_row css=&#8221;.vc_custom_1482140740270{padding-top: 65px !important;padding-bottom: 40px !important;}&#8221;][vc_column width=&#8221;1\/2&#8243; offset=&#8221;vc_col-md-3&#8243; css=&#8221;.vc_custom_1519639998323{margin-bottom: 20px !important;}&#8221;][\/vc_column][vc_column width=&#8221;1\/2&#8243; offset=&#8221;vc_col-md-3&#8243; css=&#8221;.vc_custom_1519640002739{margin-bottom: 20px !important;}&#8221;][cmsms_profile uniqid=&#8221;cmsms_shcd_66ba3a8fd33f03_04824555&#8243; image=&#8221;8780&#8243; title=&#8221;Mehmet Sava\u015f&#8221; subtitle=&#8221;Corporate Law, Construction Law&#8221; text=&#8221;Education: Istanbul University Faculty of Law<br \/>\nExperience: 25<br \/>\nLanguages English&#8221; icons=&#8221;%5B%7B%22icon_class%22%3A%22Theme-Default-Icons-instagram-with-circle%22%2C%22icon_link%22%3A%22url%3A%2523%22%2C%22icon_color%22%3A%22%23919191%22%2C%22icon_color_hover%22%3A%22%23d1d1d1%22%7D%2C%7B%22icon_class%22%3A%22Theme-Default-Icons-linkedin-with-circle%22%2C%22icon_link%22%3A%22url%3A%2523%22%2C%22icon_color%22%3A%22%23919191%22%2C%22icon_color_hover%22%3A%22%23d1d1d1%22%7D%5D&#8221;][\/vc_column][vc_column width=&#8221;1\/2&#8243; css=&#8221;.vc_custom_1519640011258{margin-bottom: 20px !important;}&#8221; offset=&#8221;vc_col-md-3&#8243;][cmsms_profile uniqid=&#8221;cmsms_shcd_66ba3a97504263_42379177&#8243; image=&#8221;8706&#8243; title=&#8221;Metin Yay&#8221; subtitle=&#8221;Enforcement Law, Mediation&#8221; text=&#8221;Education: Istanbul University Faculty of Law<br \/>\nExperience: 4<br \/>\nLanguages: English&#8221; icons=&#8221;%5B%7B%22icon_class%22%3A%22Theme-Default-Icons-instagram-with-circle%22%2C%22icon_link%22%3A%22url%3A%2523%22%2C%22icon_color%22%3A%22%23919191%22%2C%22icon_color_hover%22%3A%22%23d1d1d1%22%7D%2C%7B%22icon_class%22%3A%22Theme-Default-Icons-linkedin-with-circle%22%2C%22icon_link%22%3A%22url%3A%2523%22%2C%22icon_color%22%3A%22%23919191%22%2C%22icon_color_hover%22%3A%22%23d1d1d1%22%7D%5D&#8221;][\/vc_column][vc_column width=&#8221;1\/2&#8243; offset=&#8221;vc_col-md-3&#8243;][\/vc_column][\/vc_row][vc_row][vc_column][vc_column_text css=&#8221;&#8221;]<\/p>\n<h3 style=\"text-align: center;\">Trainee Lawyers<\/h3>\n<p>[\/vc_column_text][\/vc_column][\/vc_row][vc_row css=&#8221;.vc_custom_1482140740270{padding-top: 65px !important;padding-bottom: 40px !important;}&#8221;][vc_column width=&#8221;1\/5&#8243; css=&#8221;.vc_custom_1722944969287{margin-bottom: 20px !important;}&#8221;][\/vc_column][vc_column width=&#8221;1\/5&#8243; css=&#8221;.vc_custom_1722944976411{margin-bottom: 20px !important;}&#8221;][cmsms_profile uniqid=&#8221;cmsms_shcd_66ba3ab0b44e65_58234935&#8243; image=&#8221;8780&#8243; title=&#8221;Goknil Karag\u00f6z&#8221; subtitle=&#8221;Trainee Lawyer&#8221; icons=&#8221;%5B%7B%7D%5D&#8221; text=&#8221;Yeni Y\u00fczy\u0131l University&#8221;][\/vc_column][vc_column width=&#8221;1\/5&#8243;][cmsms_profile uniqid=&#8221;cmsms_shcd_66ba3aba5562f0_93818276&#8243; image=&#8221;8703&#8243; title=&#8221;Erdem Seno&#8221; subtitle=&#8221;Trainee Lawyer&#8221; icons=&#8221;%5B%7B%7D%5D&#8221; text=&#8221;Bahcesehir University&#8221;][\/vc_column][vc_column width=&#8221;1\/5&#8243;][cmsms_profile uniqid=&#8221;cmsms_shcd_66ba3ad5cf30a8_45701023&#8243; image=&#8221;8780&#8243; title=&#8221;Mehmet Can Kuyucu&#8221; subtitle=&#8221;Trainee Lawyer&#8221; icons=&#8221;%5B%7B%7D%5D&#8221; text=&#8221;Beykent University&#8221;][\/vc_column][vc_column width=&#8221;1\/5&#8243;][\/vc_column][\/vc_row]<\/p>\n<\/div>","protected":false},"excerpt":{"rendered":"<p>[vc_row css=&#8221;.vc_custom_1482140740270{padding-top: 65px !important;padding-bottom: 40px !important;}&#8221;][vc_column width=&#8221;1\/6&#8243; offset=&#8221;vc_col-md-3&#8243; css=&#8221;.vc_custom_1722528851352{margin-bottom: 20px !important;}&#8221;][cmsms_profile uniqid=&#8221;cmsms_shcd_66ba3a5e345445_29219793&#8243; image=&#8221;8704&#8243; title=&#8221;Ahmet Oguzhan Balci&#8221; subtitle=&#8221;Foreigners Law, Contract Law, Corporate Law, International Law&#8221; text=&#8221;Education Kocaeli University Experience: 4 Languages: English, French&#8221; icons=&#8221;%5B%7B%22icon_class%22%3A%22Theme-Default-Icons-instagram-with-circle%22%2C%22icon_link%22%3A%22url%3A%2523%22%2C%22icon_color%22%3A%22%23919191%22%2C%22icon_color_hover%22%3A%22%23d1d1d1%22%7D%2C%7B%22icon_class%22%3A%22Theme-Default-Icons-linkedin-with-circle%22%2C%22icon_link%22%3A%22url%3A%2523%22%2C%22icon_color%22%3A%22%23919191%22%2C%22icon_color_hover%22%3A%22%23d1d1d1%22%7D%5D&#8221; el_class=&#8221;grayscale&#8221;][\/vc_column][vc_column width=&#8221;1\/2&#8243; offset=&#8221;vc_col-md-3&#8243; css=&#8221;.vc_custom_1519640002739{margin-bottom: 20px !important;}&#8221;][cmsms_profile uniqid=&#8221;cmsms_shcd_66ba3a6e4a2c41_76191955&#8243; image=&#8221;8707&#8243; title=&#8221;Bekir Dedeler&#8221; subtitle=&#8221;Real Estate Law, Commercial Law, Corporate Law&#8221; text=&#8221;Education: Istanbul University Faculty of&#8230;<\/p>\n","protected":false},"author":1,"featured_media":0,"parent":0,"menu_order":0,"comment_status":"closed","ping_status":"closed","template":"","meta":{"footnotes":""},"class_list":["post-9427","page","type-page","status-publish","hentry"],"yoast_head":"<!-- This site is optimized with the Yoast SEO Premium plugin v23.8 (Yoast SEO v23.8) - https:\/\/yoast.com\/wordpress\/plugins\/seo\/ -->\n<title>Our Team - BienLaw<\/title>\n<meta name=\"robots\" content=\"index, follow, max-snippet:-1, max-image-preview:large, max-video-preview:-1\" \/>\n<link rel=\"canonical\" href=\"https:\/\/bienlawfirm.com\/en\/our-team\/\" \/>\n<meta property=\"og:locale\" content=\"en_US\" \/>\n<meta property=\"og:type\" content=\"article\" \/>\n<meta property=\"og:title\" content=\"Our Team\" \/>\n<meta property=\"og:description\" content=\"[vc_row css=&#8221;.vc_custom_1482140740270{padding-top: 65px !important;padding-bottom: 40px !important;}&#8221;][vc_column width=&#8221;1\/6&#8243; offset=&#8221;vc_col-md-3&#8243; css=&#8221;.vc_custom_1722528851352{margin-bottom: 20px !important;}&#8221;][cmsms_profile uniqid=&#8221;cmsms_shcd_66ba3a5e345445_29219793&#8243; image=&#8221;8704&#8243; title=&#8221;Ahmet Oguzhan Balci&#8221; subtitle=&#8221;Foreigners Law, Contract Law, Corporate Law, International Law&#8221; text=&#8221;Education Kocaeli University Experience: 4 Languages: English, French&#8221; icons=&#8221;%5B%7B%22icon_class%22%3A%22Theme-Default-Icons-instagram-with-circle%22%2C%22icon_link%22%3A%22url%3A%2523%22%2C%22icon_color%22%3A%22%23919191%22%2C%22icon_color_hover%22%3A%22%23d1d1d1%22%7D%2C%7B%22icon_class%22%3A%22Theme-Default-Icons-linkedin-with-circle%22%2C%22icon_link%22%3A%22url%3A%2523%22%2C%22icon_color%22%3A%22%23919191%22%2C%22icon_color_hover%22%3A%22%23d1d1d1%22%7D%5D&#8221; el_class=&#8221;grayscale&#8221;][\/vc_column][vc_column width=&#8221;1\/2&#8243; offset=&#8221;vc_col-md-3&#8243; css=&#8221;.vc_custom_1519640002739{margin-bottom: 20px !important;}&#8221;][cmsms_profile uniqid=&#8221;cmsms_shcd_66ba3a6e4a2c41_76191955&#8243; image=&#8221;8707&#8243; title=&#8221;Bekir Dedeler&#8221; subtitle=&#8221;Real Estate Law, Commercial Law, Corporate Law&#8221; text=&#8221;Education: Istanbul University Faculty of...\" \/>\n<meta property=\"og:url\" content=\"https:\/\/bienlawfirm.com\/en\/our-team\/\" \/>\n<meta property=\"og:site_name\" content=\"BienLaw\" \/>\n<meta property=\"article:modified_time\" content=\"2024-08-12T21:44:19+00:00\" \/>\n<meta name=\"twitter:card\" content=\"summary_large_image\" \/>\n<meta name=\"twitter:label1\" content=\"Est. reading time\" \/>\n\t<meta name=\"twitter:data1\" content=\"4 minutes\" \/>\n<script type=\"application\/ld+json\" class=\"yoast-schema-graph\">{\"@context\":\"https:\/\/schema.org\",\"@graph\":[{\"@type\":\"WebPage\",\"@id\":\"https:\/\/bienlawfirm.com\/en\/our-team\/\",\"url\":\"https:\/\/bienlawfirm.com\/en\/our-team\/\",\"name\":\"Our Team - BienLaw\",\"isPartOf\":{\"@id\":\"https:\/\/bienlawfirm.com\/en\/#website\"},\"datePublished\":\"2016-12-19T05:51:56+00:00\",\"dateModified\":\"2024-08-12T21:44:19+00:00\",\"breadcrumb\":{\"@id\":\"https:\/\/bienlawfirm.com\/en\/our-team\/#breadcrumb\"},\"inLanguage\":\"en-US\",\"potentialAction\":[{\"@type\":\"ReadAction\",\"target\":[\"https:\/\/bienlawfirm.com\/en\/our-team\/\"]}]},{\"@type\":\"BreadcrumbList\",\"@id\":\"https:\/\/bienlawfirm.com\/en\/our-team\/#breadcrumb\",\"itemListElement\":[{\"@type\":\"ListItem\",\"position\":1,\"name\":\"Anasayfa\",\"item\":\"https:\/\/bienlawfirm.com\/en\/\"},{\"@type\":\"ListItem\",\"position\":2,\"name\":\"Our Team\"}]},{\"@type\":\"WebSite\",\"@id\":\"https:\/\/bienlawfirm.com\/en\/#website\",\"url\":\"https:\/\/bienlawfirm.com\/en\/\",\"name\":\"BienLaw\",\"description\":\"Hukuk ve Dan\u0131\u015fmanl\u0131k B\u00fcrosu\",\"publisher\":{\"@id\":\"https:\/\/bienlawfirm.com\/en\/#organization\"},\"potentialAction\":[{\"@type\":\"SearchAction\",\"target\":{\"@type\":\"EntryPoint\",\"urlTemplate\":\"https:\/\/bienlawfirm.com\/en\/?s={search_term_string}\"},\"query-input\":{\"@type\":\"PropertyValueSpecification\",\"valueRequired\":true,\"valueName\":\"search_term_string\"}}],\"inLanguage\":\"en-US\"},{\"@type\":\"Organization\",\"@id\":\"https:\/\/bienlawfirm.com\/en\/#organization\",\"name\":\"BienLaw\",\"url\":\"https:\/\/bienlawfirm.com\/en\/\",\"logo\":{\"@type\":\"ImageObject\",\"inLanguage\":\"en-US\",\"@id\":\"https:\/\/bienlawfirm.com\/en\/#\/schema\/logo\/image\/\",\"url\":\"https:\/\/bienlawfirm.com\/wp-content\/uploads\/2024\/08\/logo.svg\",\"contentUrl\":\"https:\/\/bienlawfirm.com\/wp-content\/uploads\/2024\/08\/logo.svg\",\"width\":1920,\"height\":1080,\"caption\":\"BienLaw\"},\"image\":{\"@id\":\"https:\/\/bienlawfirm.com\/en\/#\/schema\/logo\/image\/\"}}]}<\/script>\n<!-- \/ Yoast SEO Premium plugin. -->","yoast_head_json":{"title":"Our Team - BienLaw","robots":{"index":"index","follow":"follow","max-snippet":"max-snippet:-1","max-image-preview":"max-image-preview:large","max-video-preview":"max-video-preview:-1"},"canonical":"https:\/\/bienlawfirm.com\/en\/our-team\/","og_locale":"en_US","og_type":"article","og_title":"Our Team","og_description":"[vc_row css=&#8221;.vc_custom_1482140740270{padding-top: 65px !important;padding-bottom: 40px !important;}&#8221;][vc_column width=&#8221;1\/6&#8243; offset=&#8221;vc_col-md-3&#8243; css=&#8221;.vc_custom_1722528851352{margin-bottom: 20px !important;}&#8221;][cmsms_profile uniqid=&#8221;cmsms_shcd_66ba3a5e345445_29219793&#8243; image=&#8221;8704&#8243; title=&#8221;Ahmet Oguzhan Balci&#8221; subtitle=&#8221;Foreigners Law, Contract Law, Corporate Law, International Law&#8221; text=&#8221;Education Kocaeli University Experience: 4 Languages: English, French&#8221; icons=&#8221;%5B%7B%22icon_class%22%3A%22Theme-Default-Icons-instagram-with-circle%22%2C%22icon_link%22%3A%22url%3A%2523%22%2C%22icon_color%22%3A%22%23919191%22%2C%22icon_color_hover%22%3A%22%23d1d1d1%22%7D%2C%7B%22icon_class%22%3A%22Theme-Default-Icons-linkedin-with-circle%22%2C%22icon_link%22%3A%22url%3A%2523%22%2C%22icon_color%22%3A%22%23919191%22%2C%22icon_color_hover%22%3A%22%23d1d1d1%22%7D%5D&#8221; el_class=&#8221;grayscale&#8221;][\/vc_column][vc_column width=&#8221;1\/2&#8243; offset=&#8221;vc_col-md-3&#8243; css=&#8221;.vc_custom_1519640002739{margin-bottom: 20px !important;}&#8221;][cmsms_profile uniqid=&#8221;cmsms_shcd_66ba3a6e4a2c41_76191955&#8243; image=&#8221;8707&#8243; title=&#8221;Bekir Dedeler&#8221; subtitle=&#8221;Real Estate Law, Commercial Law, Corporate Law&#8221; text=&#8221;Education: Istanbul University Faculty of...","og_url":"https:\/\/bienlawfirm.com\/en\/our-team\/","og_site_name":"BienLaw","article_modified_time":"2024-08-12T21:44:19+00:00","twitter_card":"summary_large_image","twitter_misc":{"Est. reading time":"4 minutes"},"schema":{"@context":"https:\/\/schema.org","@graph":[{"@type":"WebPage","@id":"https:\/\/bienlawfirm.com\/en\/our-team\/","url":"https:\/\/bienlawfirm.com\/en\/our-team\/","name":"Our Team - BienLaw","isPartOf":{"@id":"https:\/\/bienlawfirm.com\/en\/#website"},"datePublished":"2016-12-19T05:51:56+00:00","dateModified":"2024-08-12T21:44:19+00:00","breadcrumb":{"@id":"https:\/\/bienlawfirm.com\/en\/our-team\/#breadcrumb"},"inLanguage":"en-US","potentialAction":[{"@type":"ReadAction","target":["https:\/\/bienlawfirm.com\/en\/our-team\/"]}]},{"@type":"BreadcrumbList","@id":"https:\/\/bienlawfirm.com\/en\/our-team\/#breadcrumb","itemListElement":[{"@type":"ListItem","position":1,"name":"Anasayfa","item":"https:\/\/bienlawfirm.com\/en\/"},{"@type":"ListItem","position":2,"name":"Our Team"}]},{"@type":"WebSite","@id":"https:\/\/bienlawfirm.com\/en\/#website","url":"https:\/\/bienlawfirm.com\/en\/","name":"BienLaw","description":"Hukuk ve Dan\u0131\u015fmanl\u0131k B\u00fcrosu","publisher":{"@id":"https:\/\/bienlawfirm.com\/en\/#organization"},"potentialAction":[{"@type":"SearchAction","target":{"@type":"EntryPoint","urlTemplate":"https:\/\/bienlawfirm.com\/en\/?s={search_term_string}"},"query-input":{"@type":"PropertyValueSpecification","valueRequired":true,"valueName":"search_term_string"}}],"inLanguage":"en-US"},{"@type":"Organization","@id":"https:\/\/bienlawfirm.com\/en\/#organization","name":"BienLaw","url":"https:\/\/bienlawfirm.com\/en\/","logo":{"@type":"ImageObject","inLanguage":"en-US","@id":"https:\/\/bienlawfirm.com\/en\/#\/schema\/logo\/image\/","url":"https:\/\/bienlawfirm.com\/wp-content\/uploads\/2024\/08\/logo.svg","contentUrl":"https:\/\/bienlawfirm.com\/wp-content\/uploads\/2024\/08\/logo.svg","width":1920,"height":1080,"caption":"BienLaw"},"image":{"@id":"https:\/\/bienlawfirm.com\/en\/#\/schema\/logo\/image\/"}}]}},"_links":{"self":[{"href":"https:\/\/bienlawfirm.com\/en\/wp-json\/wp\/v2\/pages\/9427","targetHints":{"allow":["GET"]}}],"collection":[{"href":"https:\/\/bienlawfirm.com\/en\/wp-json\/wp\/v2\/pages"}],"about":[{"href":"https:\/\/bienlawfirm.com\/en\/wp-json\/wp\/v2\/types\/page"}],"author":[{"embeddable":true,"href":"https:\/\/bienlawfirm.com\/en\/wp-json\/wp\/v2\/users\/1"}],"replies":[{"embeddable":true,"href":"https:\/\/bienlawfirm.com\/en\/wp-json\/wp\/v2\/comments?post=9427"}],"version-history":[{"count":4,"href":"https:\/\/bienlawfirm.com\/en\/wp-json\/wp\/v2\/pages\/9427\/revisions"}],"predecessor-version":[{"id":9471,"href":"https:\/\/bienlawfirm.com\/en\/wp-json\/wp\/v2\/pages\/9427\/revisions\/9471"}],"wp:attachment":[{"href":"https:\/\/bienlawfirm.com\/en\/wp-json\/wp\/v2\/media?parent=9427"}],"curies":[{"name":"wp","href":"https:\/\/api.w.org\/{rel}","templated":true}]}}