{"id":9434,"date":"2016-12-30T08:19:05","date_gmt":"2016-12-30T05:19:05","guid":{"rendered":"https:\/\/bienlawfirm.com\/about-us\/"},"modified":"2024-08-13T00:42:57","modified_gmt":"2024-08-12T21:42:57","slug":"about-us","status":"publish","type":"page","link":"https:\/\/bienlawfirm.com\/en\/about-us\/","title":{"rendered":"About Us"},"content":{"rendered":"<div class=\"wpb-content-wrapper\"><style type=\"text\/css\" data-type=\"vc_cmsms_shortcodes-custom-css\"><\/style><p>[vc_row full_width=&#8221;stretch_row&#8221; parallax=&#8221;content-moving-fade&#8221; parallax_image=&#8221;8494&#8243; css_animation=&#8221;none&#8221; parallax_content=&#8221;off&#8221; fadeout_row=&#8221;fadeout_row_value&#8221; fadeout_start_effect=&#8221;70&#8243; enable_overlay=&#8221;enable_overlay_value&#8221; overlay_color=&#8221;rgba(17,17,17,0.78)&#8221; seperator_enable=&#8221;off&#8221; css=&#8221;.vc_custom_1722511420518{margin-bottom: 0px !important;background-color: #232323 !important;}&#8221;][vc_column][vc_single_image image=&#8221;9001&#8243; img_size=&#8221;full&#8221; alignment=&#8221;center&#8221; css=&#8221;.vc_custom_1723230779506{margin-top: 120px !important;}&#8221;][\/vc_column][\/vc_row][vc_row css=&#8221;.vc_custom_1517662995692{margin-top: 50px !important;}&#8221;][vc_column width=&#8221;1\/3&#8243; css=&#8221;.vc_custom_1517663429983{padding-right: 20px !important;padding-left: 10px !important;}&#8221;][vc_column_text css=&#8221;.vc_custom_1723249285871{margin-bottom: 0px !important;}&#8221;]<\/p>\n<h3><span style=\"color: #d6c399;\">01. <\/span>Expert Legal Consultancy<\/h3>\n<p>[\/vc_column_text][vc_custom_heading text=&#8221;Real Experts&#8221; font_container=&#8221;tag:p|font_size:16|text_align:left&#8221; use_theme_fonts=&#8221;yes&#8221; css=&#8221;.vc_custom_1722511987141{margin-top: 15px !important;margin-bottom: 30px !important;}&#8221;][vc_column_text css=&#8221;&#8221;]BienLaw, with its competent team that has high international communication skills, offers the most effective solutions to your legal problems. We have experience in every field of commerce and carefully address the needs of our clients.[\/vc_column_text][\/vc_column][vc_column width=&#8221;1\/3&#8243; css=&#8221;.vc_custom_1517663436254{padding-right: 20px !important;padding-left: 10px !important;}&#8221;][vc_column_text css=&#8221;.vc_custom_1723479302556{margin-bottom: 0px !important;}&#8221;]<\/p>\n<h3><span style=\"color: #d6c399;\">02.<\/span> We Defend Your Rights with Our Expert Team<\/h3>\n<p>[\/vc_column_text][vc_custom_heading text=&#8221;Reliable Source&#8221; font_container=&#8221;tag:p|font_size:16|text_align:left&#8221; use_theme_fonts=&#8221;yes&#8221; css=&#8221;.vc_custom_1723479322672{margin-top: 15px !important;margin-bottom: 30px !important;}&#8221;][vc_column_text css=&#8221;&#8221;]We defend your rights in the best possible way with our extensive legal knowledge and practical experience in both national and international arenas. Our goal is to provide the fastest and most reliable legal support to our clients.[\/vc_column_text][\/vc_column][vc_column width=&#8221;1\/3&#8243; css=&#8221;.vc_custom_1517663442092{padding-right: 20px !important;padding-left: 10px !important;}&#8221;][vc_column_text css=&#8221;.vc_custom_1723249296806{margin-bottom: 0px !important;}&#8221;]<\/p>\n<h3><span style=\"color: #d6c399;\">03. <\/span> We are at your side with international experience<\/h3>\n<p>[\/vc_column_text][vc_custom_heading text=&#8221;Global Perspective&#8221; font_container=&#8221;tag:p|font_size:16|text_align:left&#8221; use_theme_fonts=&#8221;yes&#8221; css=&#8221;.vc_custom_1722512100515{margin-top: 15px !important;margin-bottom: 30px !important;}&#8221;][vc_column_text css=&#8221;&#8221;]Our interactions with our foreign clients enable us to closely follow international legal processes. We are determined to leverage our experiences to facilitate trade and ease your business in foreign law matters.[\/vc_column_text][\/vc_column][\/vc_row][vc_row gap=&#8221;30&#8243; enable_overlay=&#8221;enable_overlay_value&#8221; overlay_color=&#8221;rgba(0,0,0,0.39)&#8221; overlay_pattern=&#8221;09.png&#8221; overlay_pattern_opacity=&#8221;0.8&#8243; overlay_pattern_size=&#8221;0.9&#8243; seperator_enable=&#8221;seperator_enable_value&#8221; seperator_type=&#8221;xlarge_triangle_seperator&#8221; seperator_position=&#8221;bottom_seperator&#8221; seperator_svg_height=&#8221;60&#8243; seperator_shape_background=&#8221;#ffffff&#8221; css=&#8221;.vc_custom_1505457418462{padding-top: 0px !important;padding-bottom: 0px !important;}&#8221;][vc_column css=&#8221;.vc_custom_1505458957917{padding-top: 20px !important;}&#8221; offset=&#8221;vc_hidden-xs&#8221;][\/vc_column][vc_column width=&#8221;1\/2&#8243;][vc_single_image image=&#8221;8763&#8243; img_size=&#8221;570&#215;400&#8243; alignment=&#8221;center&#8221; css=&#8221;.vc_custom_1722852306587{padding-bottom: 0px !important;}&#8221;][vc_tta_accordion c_icon=&#8221;&#8221; active_section=&#8221;1&#8243;][vc_tta_section title=&#8221;Areas of Practice&#8221; tab_id=&#8221;1722852029032-11a65040-411b&#8221;][vc_column_text css=&#8221;&#8221;]<\/p>\n<ul>\n<li>Foreign Direct Investment Law<\/li>\n<li>Corporate and Commercial Law<\/li>\n<li>Intellectual Property Law<\/li>\n<li>Foreigners Law<\/li>\n<li>Construction and Real Estate Law<\/li>\n<\/ul>\n<p>[\/vc_column_text][\/vc_tta_section][\/vc_tta_accordion][\/vc_column][vc_column width=&#8221;1\/2&#8243;][vc_custom_heading text=&#8221;About Us&#8221; font_container=&#8221;tag:h2|font_size:26px|text_align:left|line_height:34px&#8221; google_fonts=&#8221;font_family:Adamina%3Aregular|font_style:400%20regular%3A400%3Anormal&#8221; css=&#8221;.vc_custom_1722511501728{margin-bottom: 25px !important;}&#8221;][vc_column_text css=&#8221;&#8221;]As BienLaw Law and Consultancy Office, we offer a wide range of services, primarily in the fields of Corporate Law and Foreigners Law, within the scope of Private Law. With our competent team that has high international communication skills and language proficiency, we have experience in resolving many legal disputes both nationally and internationally in almost every field of commerce. The integration of international trade within our firm has provided us with both theoretical and practical knowledge.<\/p>\n<p>Our interactions with our foreign clients contribute to our ability to closely monitor dispute processes within the scope of foreign law and enhance our experience in this field. Our aim is to facilitate trade within the context of international law by leveraging our experience and to make it easier for our clients to navigate foreign law matters, ensuring they receive the same level of attention as a citizen both in Turkey and abroad.[\/vc_column_text][vc_custom_heading text=&#8221;Our Vision&#8221; font_container=&#8221;tag:h2|font_size:26px|text_align:left|line_height:34px&#8221; google_fonts=&#8221;font_family:Adamina%3Aregular|font_style:400%20regular%3A400%3Anormal&#8221; css=&#8221;.vc_custom_1722511517987{margin-bottom: 25px !important;}&#8221;][vc_column_text css=&#8221;&#8221;]<strong>Our Vision<\/strong><br \/>\nOur vision is to become a leading law firm in national and international law by providing our clients with reliable, fast, and effective legal solutions. With our expert team and global perspective, we aim to offer the highest quality service to our clients in every field of commerce.[\/vc_column_text][\/vc_column][\/vc_row][vc_row full_width=&#8221;stretch_row&#8221; gap=&#8221;30&#8243; css=&#8221;.vc_custom_1526541943424{border-top-width: 1px !important;padding-top: 70px !important;padding-bottom: 20px !important;border-top-color: #dddddd !important;border-top-style: solid !important;}&#8221;][vc_column offset=&#8221;vc_hidden-lg vc_hidden-md vc_hidden-xs&#8221;][vc_custom_heading text=&#8221;Publications&#8221; font_container=&#8221;tag:h2|font_size:26px|text_align:left|line_height:34px&#8221; use_theme_fonts=&#8221;yes&#8221; css=&#8221;.vc_custom_1722514180468{padding-top: 0px !important;}&#8221;][vc_custom_heading text=&#8221;Last Shared Publications&#8221; font_container=&#8221;tag:p|font_size:15|text_align:left&#8221; use_theme_fonts=&#8221;yes&#8221; css=&#8221;.vc_custom_1722514215579{margin-top: -5px !important;margin-bottom: 0px !important;}&#8221;][\/vc_column][vc_column width=&#8221;1\/4&#8243; css=&#8221;.vc_custom_1526550976928{padding-top: 0px !important;padding-bottom: 0px !important;}&#8221; offset=&#8221;vc_hidden-sm&#8221;][vc_custom_heading text=&#8221;Publications&#8221; font_container=&#8221;tag:h2|font_size:26px|text_align:left|line_height:34px&#8221; use_theme_fonts=&#8221;yes&#8221; css=&#8221;.vc_custom_1722514166458{padding-top: 0px !important;}&#8221;][vc_custom_heading text=&#8221;Last Shared Publications&#8221; font_container=&#8221;tag:p|font_size:15|text_align:left&#8221; use_theme_fonts=&#8221;yes&#8221; css=&#8221;.vc_custom_1722514203493{margin-top: -5px !important;margin-bottom: 30px !important;}&#8221;][vc_column_text css=&#8221;.vc_custom_1723479424719{margin-top: 0px !important;}&#8221;]We closely follow legal developments and important cases with our expert team. We are proud to provide you with the most up-to-date and reliable information.[\/vc_column_text][\/vc_column][vc_column css=&#8221;.vc_custom_1526550952830{margin-top: 0px !important;padding-top: 0px !important;padding-bottom: 0px !important;}&#8221; offset=&#8221;vc_col-md-9&#8243;][vc_basic_grid post_type=&#8221;post&#8221; max_items=&#8221;3&#8243; item=&#8221;2249&#8243; css=&#8221;.vc_custom_1526550963952{padding-top: 0px !important;}&#8221; grid_id=&#8221;vc_gid:1723479206000-177f0b7c441dc6650b5cae284d3925c2-10&#8243;][\/vc_column][\/vc_row]<\/p>\n<\/div>","protected":false},"excerpt":{"rendered":"<p>[vc_row full_width=&#8221;stretch_row&#8221; parallax=&#8221;content-moving-fade&#8221; parallax_image=&#8221;8494&#8243; css_animation=&#8221;none&#8221; parallax_content=&#8221;off&#8221; fadeout_row=&#8221;fadeout_row_value&#8221; fadeout_start_effect=&#8221;70&#8243; enable_overlay=&#8221;enable_overlay_value&#8221; overlay_color=&#8221;rgba(17,17,17,0.78)&#8221; seperator_enable=&#8221;off&#8221; css=&#8221;.vc_custom_1722511420518{margin-bottom: 0px !important;background-color: #232323 !important;}&#8221;][vc_column][vc_single_image image=&#8221;9001&#8243; img_size=&#8221;full&#8221; alignment=&#8221;center&#8221; css=&#8221;.vc_custom_1723230779506{margin-top: 120px !important;}&#8221;][\/vc_column][\/vc_row][vc_row css=&#8221;.vc_custom_1517662995692{margin-top: 50px !important;}&#8221;][vc_column width=&#8221;1\/3&#8243; css=&#8221;.vc_custom_1517663429983{padding-right: 20px !important;padding-left: 10px !important;}&#8221;][vc_column_text css=&#8221;.vc_custom_1723249285871{margin-bottom: 0px !important;}&#8221;] 01. Expert Legal Consultancy [\/vc_column_text][vc_custom_heading text=&#8221;Real Experts&#8221; font_container=&#8221;tag:p|font_size:16|text_align:left&#8221; use_theme_fonts=&#8221;yes&#8221; css=&#8221;.vc_custom_1722511987141{margin-top: 15px !important;margin-bottom: 30px !important;}&#8221;][vc_column_text css=&#8221;&#8221;]BienLaw, with its competent team that has&#8230;<\/p>\n","protected":false},"author":1,"featured_media":0,"parent":0,"menu_order":0,"comment_status":"closed","ping_status":"closed","template":"","meta":{"footnotes":""},"class_list":["post-9434","page","type-page","status-publish","hentry"],"yoast_head":"<!-- This site is optimized with the Yoast SEO Premium plugin v23.8 (Yoast SEO v23.8) - https:\/\/yoast.com\/wordpress\/plugins\/seo\/ -->\n<title>About Us - BienLaw<\/title>\n<meta name=\"robots\" content=\"index, follow, max-snippet:-1, max-image-preview:large, max-video-preview:-1\" \/>\n<link rel=\"canonical\" href=\"https:\/\/bienlawfirm.com\/en\/about-us\/\" \/>\n<meta property=\"og:locale\" content=\"en_US\" \/>\n<meta property=\"og:type\" content=\"article\" \/>\n<meta property=\"og:title\" content=\"About Us\" \/>\n<meta property=\"og:description\" content=\"[vc_row full_width=&#8221;stretch_row&#8221; parallax=&#8221;content-moving-fade&#8221; parallax_image=&#8221;8494&#8243; css_animation=&#8221;none&#8221; parallax_content=&#8221;off&#8221; fadeout_row=&#8221;fadeout_row_value&#8221; fadeout_start_effect=&#8221;70&#8243; enable_overlay=&#8221;enable_overlay_value&#8221; overlay_color=&#8221;rgba(17,17,17,0.78)&#8221; seperator_enable=&#8221;off&#8221; css=&#8221;.vc_custom_1722511420518{margin-bottom: 0px !important;background-color: #232323 !important;}&#8221;][vc_column][vc_single_image image=&#8221;9001&#8243; img_size=&#8221;full&#8221; alignment=&#8221;center&#8221; css=&#8221;.vc_custom_1723230779506{margin-top: 120px !important;}&#8221;][\/vc_column][\/vc_row][vc_row css=&#8221;.vc_custom_1517662995692{margin-top: 50px !important;}&#8221;][vc_column width=&#8221;1\/3&#8243; css=&#8221;.vc_custom_1517663429983{padding-right: 20px !important;padding-left: 10px !important;}&#8221;][vc_column_text css=&#8221;.vc_custom_1723249285871{margin-bottom: 0px !important;}&#8221;] 01. Expert Legal Consultancy [\/vc_column_text][vc_custom_heading text=&#8221;Real Experts&#8221; font_container=&#8221;tag:p|font_size:16|text_align:left&#8221; use_theme_fonts=&#8221;yes&#8221; css=&#8221;.vc_custom_1722511987141{margin-top: 15px !important;margin-bottom: 30px !important;}&#8221;][vc_column_text css=&#8221;&#8221;]BienLaw, with its competent team that has...\" \/>\n<meta property=\"og:url\" content=\"https:\/\/bienlawfirm.com\/en\/about-us\/\" \/>\n<meta property=\"og:site_name\" content=\"BienLaw\" \/>\n<meta property=\"article:modified_time\" content=\"2024-08-12T21:42:57+00:00\" \/>\n<meta name=\"twitter:card\" content=\"summary_large_image\" \/>\n<meta name=\"twitter:label1\" content=\"Est. reading time\" \/>\n\t<meta name=\"twitter:data1\" content=\"5 minutes\" \/>\n<script type=\"application\/ld+json\" class=\"yoast-schema-graph\">{\"@context\":\"https:\/\/schema.org\",\"@graph\":[{\"@type\":\"WebPage\",\"@id\":\"https:\/\/bienlawfirm.com\/en\/about-us\/\",\"url\":\"https:\/\/bienlawfirm.com\/en\/about-us\/\",\"name\":\"About Us - BienLaw\",\"isPartOf\":{\"@id\":\"https:\/\/bienlawfirm.com\/en\/#website\"},\"datePublished\":\"2016-12-30T05:19:05+00:00\",\"dateModified\":\"2024-08-12T21:42:57+00:00\",\"breadcrumb\":{\"@id\":\"https:\/\/bienlawfirm.com\/en\/about-us\/#breadcrumb\"},\"inLanguage\":\"en-US\",\"potentialAction\":[{\"@type\":\"ReadAction\",\"target\":[\"https:\/\/bienlawfirm.com\/en\/about-us\/\"]}]},{\"@type\":\"BreadcrumbList\",\"@id\":\"https:\/\/bienlawfirm.com\/en\/about-us\/#breadcrumb\",\"itemListElement\":[{\"@type\":\"ListItem\",\"position\":1,\"name\":\"Anasayfa\",\"item\":\"https:\/\/bienlawfirm.com\/en\/\"},{\"@type\":\"ListItem\",\"position\":2,\"name\":\"About Us\"}]},{\"@type\":\"WebSite\",\"@id\":\"https:\/\/bienlawfirm.com\/en\/#website\",\"url\":\"https:\/\/bienlawfirm.com\/en\/\",\"name\":\"BienLaw\",\"description\":\"Hukuk ve Dan\u0131\u015fmanl\u0131k B\u00fcrosu\",\"publisher\":{\"@id\":\"https:\/\/bienlawfirm.com\/en\/#organization\"},\"potentialAction\":[{\"@type\":\"SearchAction\",\"target\":{\"@type\":\"EntryPoint\",\"urlTemplate\":\"https:\/\/bienlawfirm.com\/en\/?s={search_term_string}\"},\"query-input\":{\"@type\":\"PropertyValueSpecification\",\"valueRequired\":true,\"valueName\":\"search_term_string\"}}],\"inLanguage\":\"en-US\"},{\"@type\":\"Organization\",\"@id\":\"https:\/\/bienlawfirm.com\/en\/#organization\",\"name\":\"BienLaw\",\"url\":\"https:\/\/bienlawfirm.com\/en\/\",\"logo\":{\"@type\":\"ImageObject\",\"inLanguage\":\"en-US\",\"@id\":\"https:\/\/bienlawfirm.com\/en\/#\/schema\/logo\/image\/\",\"url\":\"https:\/\/bienlawfirm.com\/wp-content\/uploads\/2024\/08\/logo.svg\",\"contentUrl\":\"https:\/\/bienlawfirm.com\/wp-content\/uploads\/2024\/08\/logo.svg\",\"width\":1920,\"height\":1080,\"caption\":\"BienLaw\"},\"image\":{\"@id\":\"https:\/\/bienlawfirm.com\/en\/#\/schema\/logo\/image\/\"}}]}<\/script>\n<!-- \/ Yoast SEO Premium plugin. -->","yoast_head_json":{"title":"About Us - BienLaw","robots":{"index":"index","follow":"follow","max-snippet":"max-snippet:-1","max-image-preview":"max-image-preview:large","max-video-preview":"max-video-preview:-1"},"canonical":"https:\/\/bienlawfirm.com\/en\/about-us\/","og_locale":"en_US","og_type":"article","og_title":"About Us","og_description":"[vc_row full_width=&#8221;stretch_row&#8221; parallax=&#8221;content-moving-fade&#8221; parallax_image=&#8221;8494&#8243; css_animation=&#8221;none&#8221; parallax_content=&#8221;off&#8221; fadeout_row=&#8221;fadeout_row_value&#8221; fadeout_start_effect=&#8221;70&#8243; enable_overlay=&#8221;enable_overlay_value&#8221; overlay_color=&#8221;rgba(17,17,17,0.78)&#8221; seperator_enable=&#8221;off&#8221; css=&#8221;.vc_custom_1722511420518{margin-bottom: 0px !important;background-color: #232323 !important;}&#8221;][vc_column][vc_single_image image=&#8221;9001&#8243; img_size=&#8221;full&#8221; alignment=&#8221;center&#8221; css=&#8221;.vc_custom_1723230779506{margin-top: 120px !important;}&#8221;][\/vc_column][\/vc_row][vc_row css=&#8221;.vc_custom_1517662995692{margin-top: 50px !important;}&#8221;][vc_column width=&#8221;1\/3&#8243; css=&#8221;.vc_custom_1517663429983{padding-right: 20px !important;padding-left: 10px !important;}&#8221;][vc_column_text css=&#8221;.vc_custom_1723249285871{margin-bottom: 0px !important;}&#8221;] 01. Expert Legal Consultancy [\/vc_column_text][vc_custom_heading text=&#8221;Real Experts&#8221; font_container=&#8221;tag:p|font_size:16|text_align:left&#8221; use_theme_fonts=&#8221;yes&#8221; css=&#8221;.vc_custom_1722511987141{margin-top: 15px !important;margin-bottom: 30px !important;}&#8221;][vc_column_text css=&#8221;&#8221;]BienLaw, with its competent team that has...","og_url":"https:\/\/bienlawfirm.com\/en\/about-us\/","og_site_name":"BienLaw","article_modified_time":"2024-08-12T21:42:57+00:00","twitter_card":"summary_large_image","twitter_misc":{"Est. reading time":"5 minutes"},"schema":{"@context":"https:\/\/schema.org","@graph":[{"@type":"WebPage","@id":"https:\/\/bienlawfirm.com\/en\/about-us\/","url":"https:\/\/bienlawfirm.com\/en\/about-us\/","name":"About Us - BienLaw","isPartOf":{"@id":"https:\/\/bienlawfirm.com\/en\/#website"},"datePublished":"2016-12-30T05:19:05+00:00","dateModified":"2024-08-12T21:42:57+00:00","breadcrumb":{"@id":"https:\/\/bienlawfirm.com\/en\/about-us\/#breadcrumb"},"inLanguage":"en-US","potentialAction":[{"@type":"ReadAction","target":["https:\/\/bienlawfirm.com\/en\/about-us\/"]}]},{"@type":"BreadcrumbList","@id":"https:\/\/bienlawfirm.com\/en\/about-us\/#breadcrumb","itemListElement":[{"@type":"ListItem","position":1,"name":"Anasayfa","item":"https:\/\/bienlawfirm.com\/en\/"},{"@type":"ListItem","position":2,"name":"About Us"}]},{"@type":"WebSite","@id":"https:\/\/bienlawfirm.com\/en\/#website","url":"https:\/\/bienlawfirm.com\/en\/","name":"BienLaw","description":"Hukuk ve Dan\u0131\u015fmanl\u0131k B\u00fcrosu","publisher":{"@id":"https:\/\/bienlawfirm.com\/en\/#organization"},"potentialAction":[{"@type":"SearchAction","target":{"@type":"EntryPoint","urlTemplate":"https:\/\/bienlawfirm.com\/en\/?s={search_term_string}"},"query-input":{"@type":"PropertyValueSpecification","valueRequired":true,"valueName":"search_term_string"}}],"inLanguage":"en-US"},{"@type":"Organization","@id":"https:\/\/bienlawfirm.com\/en\/#organization","name":"BienLaw","url":"https:\/\/bienlawfirm.com\/en\/","logo":{"@type":"ImageObject","inLanguage":"en-US","@id":"https:\/\/bienlawfirm.com\/en\/#\/schema\/logo\/image\/","url":"https:\/\/bienlawfirm.com\/wp-content\/uploads\/2024\/08\/logo.svg","contentUrl":"https:\/\/bienlawfirm.com\/wp-content\/uploads\/2024\/08\/logo.svg","width":1920,"height":1080,"caption":"BienLaw"},"image":{"@id":"https:\/\/bienlawfirm.com\/en\/#\/schema\/logo\/image\/"}}]}},"_links":{"self":[{"href":"https:\/\/bienlawfirm.com\/en\/wp-json\/wp\/v2\/pages\/9434","targetHints":{"allow":["GET"]}}],"collection":[{"href":"https:\/\/bienlawfirm.com\/en\/wp-json\/wp\/v2\/pages"}],"about":[{"href":"https:\/\/bienlawfirm.com\/en\/wp-json\/wp\/v2\/types\/page"}],"author":[{"embeddable":true,"href":"https:\/\/bienlawfirm.com\/en\/wp-json\/wp\/v2\/users\/1"}],"replies":[{"embeddable":true,"href":"https:\/\/bienlawfirm.com\/en\/wp-json\/wp\/v2\/comments?post=9434"}],"version-history":[{"count":3,"href":"https:\/\/bienlawfirm.com\/en\/wp-json\/wp\/v2\/pages\/9434\/revisions"}],"predecessor-version":[{"id":9465,"href":"https:\/\/bienlawfirm.com\/en\/wp-json\/wp\/v2\/pages\/9434\/revisions\/9465"}],"wp:attachment":[{"href":"https:\/\/bienlawfirm.com\/en\/wp-json\/wp\/v2\/media?parent=9434"}],"curies":[{"name":"wp","href":"https:\/\/api.w.org\/{rel}","templated":true}]}}