{"id":9439,"date":"2016-12-28T13:23:09","date_gmt":"2016-12-28T10:23:09","guid":{"rendered":"https:\/\/bienlawfirm.com\/contact\/"},"modified":"2024-08-13T00:43:05","modified_gmt":"2024-08-12T21:43:05","slug":"contact","status":"publish","type":"page","link":"https:\/\/bienlawfirm.com\/en\/contact\/","title":{"rendered":"Contact"},"content":{"rendered":"<div class=\"wpb-content-wrapper\"><style type=\"text\/css\" data-type=\"vc_cmsms_shortcodes-custom-css\"><\/style><p>[vc_row full_width=&#8221;stretch_row_content_no_spaces&#8221; css=&#8221;.vc_custom_1519121501343{margin-top: 0px !important;margin-right: 0px !important;margin-bottom: 0px !important;margin-left: 0px !important;border-top-width: 0px !important;border-right-width: 0px !important;border-bottom-width: 0px !important;border-left-width: 0px !important;padding-top: 0px !important;padding-right: 0px !important;padding-bottom: 0px !important;padding-left: 0px !important;border-left-style: none !important;border-right-style: none !important;border-top-style: none !important;border-bottom-style: none !important;}&#8221;][vc_column css=&#8221;.vc_custom_1519117916998{margin-top: 0px !important;margin-right: 0px !important;margin-bottom: 0px !important;margin-left: 0px !important;border-top-width: 0px !important;border-right-width: 0px !important;border-bottom-width: 0px !important;border-left-width: 0px !important;padding-top: 0px !important;padding-right: 0px !important;padding-bottom: 0px !important;padding-left: 0px !important;border-left-style: none !important;border-right-style: none !important;border-top-style: none !important;border-bottom-style: none !important;}&#8221;][vc_gmaps link=&#8221;#E-8_JTNDaWZyYW1lJTIwc3JjJTNEJTIyaHR0cHMlM0ElMkYlMkZ3d3cuZ29vZ2xlLmNvbSUyRm1hcHMlMkZlbWJlZCUzRnBiJTNEJTIxMW0xNCUyMTFtMTIlMjExbTMlMjExZDIxNC4zNDA1MjAzMjA3ODU3NCUyMTJkMjkuMDQyNTY0NDA1MzU3NjU1JTIxM2Q0MC45OTI2OTE5NjIzOTIyMTUlMjEybTMlMjExZjAlMjEyZjAlMjEzZjAlMjEzbTIlMjExaTEwMjQlMjEyaTc2OCUyMTRmMTMuMSUyMTVlMCUyMTNtMiUyMTFzZW4lMjEyc3RyJTIxNHYxNzIyOTQzNjgwOTM3JTIxNW0yJTIxMXNlbiUyMTJzdHIlMjIlMjB3aWR0aCUzRCUyMjYwMCUyMiUyMGhlaWdodCUzRCUyMjQ1MCUyMiUyMHN0eWxlJTNEJTIyYm9yZGVyJTNBMCUzQiUyMiUyMGFsbG93ZnVsbHNjcmVlbiUzRCUyMiUyMiUyMGxvYWRpbmclM0QlMjJsYXp5JTIyJTIwcmVmZXJyZXJwb2xpY3klM0QlMjJuby1yZWZlcnJlci13aGVuLWRvd25ncmFkZSUyMiUzRSUzQyUyRmlmcmFtZSUzRQ==&#8221; size=&#8221;450&#8243; css=&#8221;.vc_custom_1722943690401{margin-top: 0px !important;margin-right: 0px !important;margin-bottom: 0px !important;margin-left: 0px !important;border-top-width: 0px !important;border-right-width: 0px !important;border-bottom-width: 0px !important;border-left-width: 0px !important;padding-top: 0px !important;padding-right: 0px !important;padding-bottom: 0px !important;padding-left: 0px !important;border-left-style: none !important;border-right-style: none !important;border-top-style: none !important;border-bottom-style: none !important;}&#8221;][\/vc_column][\/vc_row][vc_row css=&#8221;.vc_custom_1519121440370{margin-top: 10px !important;margin-bottom: 80px !important;}&#8221;][vc_column width=&#8221;1\/3&#8243; css=&#8221;.vc_custom_1723249419746{margin-top: -50px !important;margin-bottom: 20px !important;padding-top: 60px !important;padding-right: 40px !important;padding-bottom: 70px !important;padding-left: 40px !important;background-color: #d6c399 !important;}&#8221; offset=&#8221;vc_col-lg-3&#8243;][vc_custom_heading text=&#8221;Contact Information&#8221; font_container=&#8221;tag:h3|font_size:24|text_align:left|color:%23ffffff&#8221; use_theme_fonts=&#8221;yes&#8221; css=&#8221;&#8221;][vc_column_text css=&#8221;.vc_custom_1722947392628{margin-bottom: 0px !important;}&#8221;]<span style=\"color: #ffffff;\"><img loading=\"lazy\" decoding=\"async\" class=\"alignnone wp-image-8817\" src=\"https:\/\/bienlawfirm.com\/wp-content\/uploads\/2024\/08\/icons8-location-30.png\" alt=\"\" width=\"19\" height=\"19\" \/> E\u011fitim Mahallesi Ad\u0131m Sokak No:4 Ofis:16 Atak Plaza Kad\u0131k\u00f6y\/\u0130stanbul<\/span>[\/vc_column_text][cmsms_icon_box icon=&#8221;Theme-Default-Icons-mail-3&#8243; title_tag=&#8221;h2&#8243; subtitle_tag=&#8221;p&#8221; uniqid=&#8221;cmsms_shcd_66aba8fac59e35_21645197&#8243; custom_typography=&#8221;true&#8221; box_settings=&#8221;true&#8221; subtitle=&#8221;info@bienlawfirm.com&#8221; title_font_family=&#8221;font_family:|font_call:&#8221; link=&#8221;url:mailto%3Ainfo%40bienlawfirm.com|title:bienlawfirm.com&#8221; subtitle_color=&#8221;#ffffff&#8221; subtitle_color_hover=&#8221;rgba(255,255,255,0.7)&#8221; box_bg_color=&#8221;rgba(255,255,255,0.01)&#8221; box_bd_color=&#8221;rgba(255,255,255,0.01)&#8221; icon_size=&#8221;16&#8243; icon_padding=&#8221;10&#8243; icon_border=&#8221;0&#8243; icon_gap=&#8221;0&#8243; icon_color=&#8221;#ffffff&#8221; icon_color_hover=&#8221;rgba(255,255,255,0.7)&#8221; css=&#8221;.vc_custom_1722525919781{margin-top: 25px !important;margin-bottom: 0px !important;}&#8221;][cmsms_icon_box icon=&#8221;Theme-Default-Icons-phone-4&#8243; title_tag=&#8221;h2&#8243; subtitle_tag=&#8221;p&#8221; uniqid=&#8221;cmsms_shcd_66aba91bc80787_13379881&#8243; custom_typography=&#8221;true&#8221; box_settings=&#8221;true&#8221; subtitle=&#8221;+90 (216) 446 66 76&#8243; title_font_family=&#8221;font_family:|font_call:&#8221; link=&#8221;|||&#8221; subtitle_color=&#8221;#ffffff&#8221; box_bg_color=&#8221;rgba(255,255,255,0.01)&#8221; box_bd_color=&#8221;rgba(255,255,255,0.01)&#8221; icon_size=&#8221;16&#8243; icon_padding=&#8221;10&#8243; icon_border=&#8221;0&#8243; icon_gap=&#8221;0&#8243; icon_color=&#8221;#ffffff&#8221; css=&#8221;.vc_custom_1722525953628{margin-top: 0px !important;margin-bottom: 0px !important;}&#8221;][cmsms_icon_box icon=&#8221;Theme-Default-Icons-phone-4&#8243; title_tag=&#8221;h2&#8243; subtitle_tag=&#8221;p&#8221; uniqid=&#8221;cmsms_shcd_66aba906e88829_89874369&#8243; custom_typography=&#8221;true&#8221; box_settings=&#8221;true&#8221; subtitle=&#8221;+90 530 651 24 34&#8243; title_font_family=&#8221;font_family:|font_call:&#8221; link=&#8221;|||&#8221; subtitle_color=&#8221;#ffffff&#8221; box_bg_color=&#8221;rgba(255,255,255,0.01)&#8221; box_bd_color=&#8221;rgba(255,255,255,0.01)&#8221; icon_size=&#8221;16&#8243; icon_padding=&#8221;10&#8243; icon_border=&#8221;0&#8243; icon_gap=&#8221;0&#8243; icon_color=&#8221;#ffffff&#8221; css=&#8221;.vc_custom_1722525944618{margin-top: 0px !important;margin-bottom: 0px !important;}&#8221;][\/vc_column][vc_column width=&#8221;2\/3&#8243; css=&#8221;.vc_custom_1519641697173{margin-top: 30px !important;border-top-width: 0px !important;padding-top: 0px !important;padding-right: 60px !important;padding-left: 60px !important;}&#8221; offset=&#8221;vc_col-lg-9&#8243;][vc_custom_heading text=&#8221;Contact Form&#8221; font_container=&#8221;tag:h2|font_size:22px|text_align:left|line_height:30px&#8221; use_theme_fonts=&#8221;yes&#8221; css=&#8221;.vc_custom_1722525803832{padding-bottom: 0px !important;}&#8221;]\n<div class=\"wpcf7 no-js\" id=\"wpcf7-f9748-o1\" lang=\"en-US\" dir=\"ltr\">\n<div class=\"screen-reader-response\"><p role=\"status\" aria-live=\"polite\" aria-atomic=\"true\"><\/p> <ul><\/ul><\/div>\n<form action=\"\/en\/wp-json\/wp\/v2\/pages\/9439#wpcf7-f9748-o1\" method=\"post\" class=\"wpcf7-form init\" aria-label=\"Contact form\" novalidate=\"novalidate\" data-status=\"init\">\n<div style=\"display: none;\">\n<input type=\"hidden\" name=\"_wpcf7\" value=\"9748\" \/>\n<input type=\"hidden\" name=\"_wpcf7_version\" value=\"5.9.8\" \/>\n<input type=\"hidden\" name=\"_wpcf7_locale\" value=\"en_US\" \/>\n<input type=\"hidden\" name=\"_wpcf7_unit_tag\" value=\"wpcf7-f9748-o1\" \/>\n<input type=\"hidden\" name=\"_wpcf7_container_post\" value=\"0\" \/>\n<input type=\"hidden\" name=\"_wpcf7_posted_data_hash\" value=\"\" \/>\n<\/div>\n<div class=\"cmsms_form\">\n\t<div class=\"cmsms_form_third\">\n\t\t<p><span class=\"wpcf7-form-control-wrap\" data-name=\"your-name\"><input size=\"40\" maxlength=\"400\" class=\"wpcf7-form-control wpcf7-text wpcf7-validates-as-required\" aria-required=\"true\" aria-invalid=\"false\" placeholder=\"Full Name\" value=\"\" type=\"text\" name=\"your-name\" \/><\/span>\n\t\t<\/p>\n\t<\/div>\n\t<div class=\"cmsms_form_third\">\n\t\t<p><span class=\"wpcf7-form-control-wrap\" data-name=\"your-email\"><input size=\"40\" maxlength=\"400\" class=\"wpcf7-form-control wpcf7-email wpcf7-validates-as-required wpcf7-text wpcf7-validates-as-email\" aria-required=\"true\" aria-invalid=\"false\" placeholder=\"Email\" value=\"\" type=\"email\" name=\"your-email\" \/><\/span>\n\t\t<\/p>\n\t<\/div>\n\t<div class=\"cmsms_form_third\">\n\t\t<p><span class=\"wpcf7-form-control-wrap\" data-name=\"your-phone\"><input size=\"40\" maxlength=\"400\" class=\"wpcf7-form-control wpcf7-tel wpcf7-validates-as-required wpcf7-text wpcf7-validates-as-tel\" aria-required=\"true\" aria-invalid=\"false\" placeholder=\"Phone Number\" value=\"\" type=\"tel\" name=\"your-phone\" \/><\/span>\n\t\t<\/p>\n\t<\/div>\n\t<div class=\"cmsms_form_third\">\n\t\t<p><span class=\"wpcf7-form-control-wrap\" data-name=\"your-subject\"><input size=\"40\" maxlength=\"400\" class=\"wpcf7-form-control wpcf7-text\" aria-invalid=\"false\" placeholder=\"Subject\" value=\"\" type=\"text\" name=\"your-subject\" \/><\/span>\n\t\t<\/p>\n\t<\/div>\n\t<div class=\"cmsms_form_full\">\n\t\t<p><span class=\"wpcf7-form-control-wrap\" data-name=\"your-message\"><textarea cols=\"40\" rows=\"10\" maxlength=\"2000\" class=\"wpcf7-form-control wpcf7-textarea\" aria-invalid=\"false\" placeholder=\"Message\" name=\"your-message\"><\/textarea><\/span>\n\t\t<\/p>\n\t<\/div>\n\t<div class=\"cmsms_form_full\">\n\t\t<p><input class=\"wpcf7-form-control wpcf7-submit has-spinner\" type=\"submit\" value=\"Send Message\" \/>\n\t\t<\/p>\n\t<\/div>\n<\/div><div class=\"wpcf7-response-output\" aria-hidden=\"true\"><\/div>\n<\/form>\n<\/div>\n[\/vc_column][\/vc_row]<\/p>\n<\/div>","protected":false},"excerpt":{"rendered":"<p>[vc_row full_width=&#8221;stretch_row_content_no_spaces&#8221; css=&#8221;.vc_custom_1519121501343{margin-top: 0px !important;margin-right: 0px !important;margin-bottom: 0px !important;margin-left: 0px !important;border-top-width: 0px !important;border-right-width: 0px !important;border-bottom-width: 0px !important;border-left-width: 0px !important;padding-top: 0px !important;padding-right: 0px !important;padding-bottom: 0px !important;padding-left: 0px !important;border-left-style: none !important;border-right-style: none !important;border-top-style: none !important;border-bottom-style: none !important;}&#8221;][vc_column css=&#8221;.vc_custom_1519117916998{margin-top: 0px !important;margin-right: 0px !important;margin-bottom: 0px !important;margin-left: 0px !important;border-top-width: 0px !important;border-right-width: 0px !important;border-bottom-width: 0px !important;border-left-width: 0px !important;padding-top: 0px !important;padding-right: 0px&#8230;<\/p>\n","protected":false},"author":1,"featured_media":0,"parent":0,"menu_order":0,"comment_status":"closed","ping_status":"closed","template":"","meta":{"footnotes":""},"class_list":["post-9439","page","type-page","status-publish","hentry"],"yoast_head":"<!-- This site is optimized with the Yoast SEO Premium plugin v23.8 (Yoast SEO v23.8) - https:\/\/yoast.com\/wordpress\/plugins\/seo\/ -->\n<title>Contact - BienLaw<\/title>\n<meta name=\"robots\" content=\"index, follow, max-snippet:-1, max-image-preview:large, max-video-preview:-1\" \/>\n<link rel=\"canonical\" href=\"https:\/\/bienlawfirm.com\/en\/contact\/\" \/>\n<meta property=\"og:locale\" content=\"en_US\" \/>\n<meta property=\"og:type\" content=\"article\" \/>\n<meta property=\"og:title\" content=\"Contact\" \/>\n<meta property=\"og:description\" content=\"[vc_row full_width=&#8221;stretch_row_content_no_spaces&#8221; css=&#8221;.vc_custom_1519121501343{margin-top: 0px !important;margin-right: 0px !important;margin-bottom: 0px !important;margin-left: 0px !important;border-top-width: 0px !important;border-right-width: 0px !important;border-bottom-width: 0px !important;border-left-width: 0px !important;padding-top: 0px !important;padding-right: 0px !important;padding-bottom: 0px !important;padding-left: 0px !important;border-left-style: none !important;border-right-style: none !important;border-top-style: none !important;border-bottom-style: none !important;}&#8221;][vc_column css=&#8221;.vc_custom_1519117916998{margin-top: 0px !important;margin-right: 0px !important;margin-bottom: 0px !important;margin-left: 0px !important;border-top-width: 0px !important;border-right-width: 0px !important;border-bottom-width: 0px !important;border-left-width: 0px !important;padding-top: 0px !important;padding-right: 0px...\" \/>\n<meta property=\"og:url\" content=\"https:\/\/bienlawfirm.com\/en\/contact\/\" \/>\n<meta property=\"og:site_name\" content=\"BienLaw\" \/>\n<meta property=\"article:modified_time\" content=\"2024-08-12T21:43:05+00:00\" \/>\n<meta property=\"og:image\" content=\"https:\/\/bienlawfirm.com\/wp-content\/uploads\/2024\/08\/icons8-location-30.png\" \/>\n<meta name=\"twitter:card\" content=\"summary_large_image\" \/>\n<meta name=\"twitter:label1\" content=\"Est. reading time\" \/>\n\t<meta name=\"twitter:data1\" content=\"3 minutes\" \/>\n<script type=\"application\/ld+json\" class=\"yoast-schema-graph\">{\"@context\":\"https:\/\/schema.org\",\"@graph\":[{\"@type\":\"WebPage\",\"@id\":\"https:\/\/bienlawfirm.com\/en\/contact\/\",\"url\":\"https:\/\/bienlawfirm.com\/en\/contact\/\",\"name\":\"Contact - BienLaw\",\"isPartOf\":{\"@id\":\"https:\/\/bienlawfirm.com\/en\/#website\"},\"primaryImageOfPage\":{\"@id\":\"https:\/\/bienlawfirm.com\/en\/contact\/#primaryimage\"},\"image\":{\"@id\":\"https:\/\/bienlawfirm.com\/en\/contact\/#primaryimage\"},\"thumbnailUrl\":\"https:\/\/bienlawfirm.com\/wp-content\/uploads\/2024\/08\/icons8-location-30.png\",\"datePublished\":\"2016-12-28T10:23:09+00:00\",\"dateModified\":\"2024-08-12T21:43:05+00:00\",\"breadcrumb\":{\"@id\":\"https:\/\/bienlawfirm.com\/en\/contact\/#breadcrumb\"},\"inLanguage\":\"en-US\",\"potentialAction\":[{\"@type\":\"ReadAction\",\"target\":[\"https:\/\/bienlawfirm.com\/en\/contact\/\"]}]},{\"@type\":\"ImageObject\",\"inLanguage\":\"en-US\",\"@id\":\"https:\/\/bienlawfirm.com\/en\/contact\/#primaryimage\",\"url\":\"https:\/\/bienlawfirm.com\/wp-content\/uploads\/2024\/08\/icons8-location-30.png\",\"contentUrl\":\"https:\/\/bienlawfirm.com\/wp-content\/uploads\/2024\/08\/icons8-location-30.png\"},{\"@type\":\"BreadcrumbList\",\"@id\":\"https:\/\/bienlawfirm.com\/en\/contact\/#breadcrumb\",\"itemListElement\":[{\"@type\":\"ListItem\",\"position\":1,\"name\":\"Anasayfa\",\"item\":\"https:\/\/bienlawfirm.com\/en\/\"},{\"@type\":\"ListItem\",\"position\":2,\"name\":\"Contact\"}]},{\"@type\":\"WebSite\",\"@id\":\"https:\/\/bienlawfirm.com\/en\/#website\",\"url\":\"https:\/\/bienlawfirm.com\/en\/\",\"name\":\"BienLaw\",\"description\":\"Hukuk ve Dan\u0131\u015fmanl\u0131k B\u00fcrosu\",\"publisher\":{\"@id\":\"https:\/\/bienlawfirm.com\/en\/#organization\"},\"potentialAction\":[{\"@type\":\"SearchAction\",\"target\":{\"@type\":\"EntryPoint\",\"urlTemplate\":\"https:\/\/bienlawfirm.com\/en\/?s={search_term_string}\"},\"query-input\":{\"@type\":\"PropertyValueSpecification\",\"valueRequired\":true,\"valueName\":\"search_term_string\"}}],\"inLanguage\":\"en-US\"},{\"@type\":\"Organization\",\"@id\":\"https:\/\/bienlawfirm.com\/en\/#organization\",\"name\":\"BienLaw\",\"url\":\"https:\/\/bienlawfirm.com\/en\/\",\"logo\":{\"@type\":\"ImageObject\",\"inLanguage\":\"en-US\",\"@id\":\"https:\/\/bienlawfirm.com\/en\/#\/schema\/logo\/image\/\",\"url\":\"https:\/\/bienlawfirm.com\/wp-content\/uploads\/2024\/08\/logo.svg\",\"contentUrl\":\"https:\/\/bienlawfirm.com\/wp-content\/uploads\/2024\/08\/logo.svg\",\"width\":1920,\"height\":1080,\"caption\":\"BienLaw\"},\"image\":{\"@id\":\"https:\/\/bienlawfirm.com\/en\/#\/schema\/logo\/image\/\"}}]}<\/script>\n<!-- \/ Yoast SEO Premium plugin. -->","yoast_head_json":{"title":"Contact - BienLaw","robots":{"index":"index","follow":"follow","max-snippet":"max-snippet:-1","max-image-preview":"max-image-preview:large","max-video-preview":"max-video-preview:-1"},"canonical":"https:\/\/bienlawfirm.com\/en\/contact\/","og_locale":"en_US","og_type":"article","og_title":"Contact","og_description":"[vc_row full_width=&#8221;stretch_row_content_no_spaces&#8221; css=&#8221;.vc_custom_1519121501343{margin-top: 0px !important;margin-right: 0px !important;margin-bottom: 0px !important;margin-left: 0px !important;border-top-width: 0px !important;border-right-width: 0px !important;border-bottom-width: 0px !important;border-left-width: 0px !important;padding-top: 0px !important;padding-right: 0px !important;padding-bottom: 0px !important;padding-left: 0px !important;border-left-style: none !important;border-right-style: none !important;border-top-style: none !important;border-bottom-style: none !important;}&#8221;][vc_column css=&#8221;.vc_custom_1519117916998{margin-top: 0px !important;margin-right: 0px !important;margin-bottom: 0px !important;margin-left: 0px !important;border-top-width: 0px !important;border-right-width: 0px !important;border-bottom-width: 0px !important;border-left-width: 0px !important;padding-top: 0px !important;padding-right: 0px...","og_url":"https:\/\/bienlawfirm.com\/en\/contact\/","og_site_name":"BienLaw","article_modified_time":"2024-08-12T21:43:05+00:00","og_image":[{"url":"https:\/\/bienlawfirm.com\/wp-content\/uploads\/2024\/08\/icons8-location-30.png"}],"twitter_card":"summary_large_image","twitter_misc":{"Est. reading time":"3 minutes"},"schema":{"@context":"https:\/\/schema.org","@graph":[{"@type":"WebPage","@id":"https:\/\/bienlawfirm.com\/en\/contact\/","url":"https:\/\/bienlawfirm.com\/en\/contact\/","name":"Contact - BienLaw","isPartOf":{"@id":"https:\/\/bienlawfirm.com\/en\/#website"},"primaryImageOfPage":{"@id":"https:\/\/bienlawfirm.com\/en\/contact\/#primaryimage"},"image":{"@id":"https:\/\/bienlawfirm.com\/en\/contact\/#primaryimage"},"thumbnailUrl":"https:\/\/bienlawfirm.com\/wp-content\/uploads\/2024\/08\/icons8-location-30.png","datePublished":"2016-12-28T10:23:09+00:00","dateModified":"2024-08-12T21:43:05+00:00","breadcrumb":{"@id":"https:\/\/bienlawfirm.com\/en\/contact\/#breadcrumb"},"inLanguage":"en-US","potentialAction":[{"@type":"ReadAction","target":["https:\/\/bienlawfirm.com\/en\/contact\/"]}]},{"@type":"ImageObject","inLanguage":"en-US","@id":"https:\/\/bienlawfirm.com\/en\/contact\/#primaryimage","url":"https:\/\/bienlawfirm.com\/wp-content\/uploads\/2024\/08\/icons8-location-30.png","contentUrl":"https:\/\/bienlawfirm.com\/wp-content\/uploads\/2024\/08\/icons8-location-30.png"},{"@type":"BreadcrumbList","@id":"https:\/\/bienlawfirm.com\/en\/contact\/#breadcrumb","itemListElement":[{"@type":"ListItem","position":1,"name":"Anasayfa","item":"https:\/\/bienlawfirm.com\/en\/"},{"@type":"ListItem","position":2,"name":"Contact"}]},{"@type":"WebSite","@id":"https:\/\/bienlawfirm.com\/en\/#website","url":"https:\/\/bienlawfirm.com\/en\/","name":"BienLaw","description":"Hukuk ve Dan\u0131\u015fmanl\u0131k B\u00fcrosu","publisher":{"@id":"https:\/\/bienlawfirm.com\/en\/#organization"},"potentialAction":[{"@type":"SearchAction","target":{"@type":"EntryPoint","urlTemplate":"https:\/\/bienlawfirm.com\/en\/?s={search_term_string}"},"query-input":{"@type":"PropertyValueSpecification","valueRequired":true,"valueName":"search_term_string"}}],"inLanguage":"en-US"},{"@type":"Organization","@id":"https:\/\/bienlawfirm.com\/en\/#organization","name":"BienLaw","url":"https:\/\/bienlawfirm.com\/en\/","logo":{"@type":"ImageObject","inLanguage":"en-US","@id":"https:\/\/bienlawfirm.com\/en\/#\/schema\/logo\/image\/","url":"https:\/\/bienlawfirm.com\/wp-content\/uploads\/2024\/08\/logo.svg","contentUrl":"https:\/\/bienlawfirm.com\/wp-content\/uploads\/2024\/08\/logo.svg","width":1920,"height":1080,"caption":"BienLaw"},"image":{"@id":"https:\/\/bienlawfirm.com\/en\/#\/schema\/logo\/image\/"}}]}},"_links":{"self":[{"href":"https:\/\/bienlawfirm.com\/en\/wp-json\/wp\/v2\/pages\/9439","targetHints":{"allow":["GET"]}}],"collection":[{"href":"https:\/\/bienlawfirm.com\/en\/wp-json\/wp\/v2\/pages"}],"about":[{"href":"https:\/\/bienlawfirm.com\/en\/wp-json\/wp\/v2\/types\/page"}],"author":[{"embeddable":true,"href":"https:\/\/bienlawfirm.com\/en\/wp-json\/wp\/v2\/users\/1"}],"replies":[{"embeddable":true,"href":"https:\/\/bienlawfirm.com\/en\/wp-json\/wp\/v2\/comments?post=9439"}],"version-history":[{"count":5,"href":"https:\/\/bienlawfirm.com\/en\/wp-json\/wp\/v2\/pages\/9439\/revisions"}],"predecessor-version":[{"id":9750,"href":"https:\/\/bienlawfirm.com\/en\/wp-json\/wp\/v2\/pages\/9439\/revisions\/9750"}],"wp:attachment":[{"href":"https:\/\/bienlawfirm.com\/en\/wp-json\/wp\/v2\/media?parent=9439"}],"curies":[{"name":"wp","href":"https:\/\/api.w.org\/{rel}","templated":true}]}}