{"id":9691,"date":"2016-12-19T08:51:56","date_gmt":"2016-12-19T05:51:56","guid":{"rendered":"https:\/\/bienlawfirm.com\/ekibimiz\/"},"modified":"2024-08-13T00:27:24","modified_gmt":"2024-08-12T21:27:24","slug":"notre-equipe","status":"publish","type":"page","link":"https:\/\/bienlawfirm.com\/fr\/notre-equipe\/","title":{"rendered":"Notre \u00e9quipe"},"content":{"rendered":"<div class=\"wpb-content-wrapper\"><style type=\"text\/css\" data-type=\"vc_cmsms_shortcodes-custom-css\"><\/style><p>[vc_row css=\u00a0\u00bb.vc_custom_1482140740270{padding-top: 65px !important;padding-bottom: 40px !important;}\u00a0\u00bb][vc_column width=\u00a0\u00bb1\/6&Prime; offset=\u00a0\u00bbvc_col-md-3&Prime; css=\u00a0\u00bb.vc_custom_1722528851352{margin-bottom: 20px !important;}\u00a0\u00bb][cmsms_profile uniqid=\u00a0\u00bbcmsms_shcd_66ba69ccccc9c9_21037806&Prime; image=\u00a0\u00bb8704&Prime; title=\u00a0\u00bbAhmet O\u011fuzhan Balc\u0131\u00a0\u00bb subtitle=\u00a0\u00bbDroit des \u00c9trangers, Droit des Contrats, Droit des Soci\u00e9t\u00e9s, Droit International\u00a0\u00bb text=\u00a0\u00bbFormation : Universit\u00e9 de Kocaeli<br \/>\nExp\u00e9rience : 4<br \/>\nLangues : Anglais, Fran\u00e7ais\u00a0\u00bb icons=\u00a0\u00bb%5B%7B%22icon_class%22%3A%22Theme-Default-Icons-instagram-with-circle%22%2C%22icon_link%22%3A%22url%3A%2523%22%2C%22icon_color%22%3A%22%23919191%22%2C%22icon_color_hover%22%3A%22%23d1d1d1%22%7D%2C%7B%22icon_class%22%3A%22Theme-Default-Icons-linkedin-with-circle%22%2C%22icon_link%22%3A%22url%3A%2523%22%2C%22icon_color%22%3A%22%23919191%22%2C%22icon_color_hover%22%3A%22%23d1d1d1%22%7D%5D\u00a0\u00bb el_class=\u00a0\u00bbgrayscale\u00a0\u00bb][\/vc_column][vc_column width=\u00a0\u00bb1\/2&Prime; offset=\u00a0\u00bbvc_col-md-3&Prime; css=\u00a0\u00bb.vc_custom_1519640002739{margin-bottom: 20px !important;}\u00a0\u00bb][cmsms_profile uniqid=\u00a0\u00bbcmsms_shcd_66ba69f03689d2_14278785&Prime; image=\u00a0\u00bb8707&Prime; title=\u00a0\u00bbBekir Dedeler\u00a0\u00bb subtitle=\u00a0\u00bbDroit Immobilier, Droit Commercial, Droit des Soci\u00e9t\u00e9s\u00a0\u00bb text=\u00a0\u00bbFormation : Facult\u00e9 de Droit de l&rsquo;Universit\u00e9 d&rsquo;Istanbul<br \/>\nExp\u00e9rience : 25<br \/>\nLangues : Anglais\u00a0\u00bb icons=\u00a0\u00bb%5B%7B%22icon_class%22%3A%22Theme-Default-Icons-instagram-with-circle%22%2C%22icon_link%22%3A%22url%3A%2523%22%2C%22icon_color%22%3A%22%23919191%22%2C%22icon_color_hover%22%3A%22%23d1d1d1%22%7D%2C%7B%22icon_class%22%3A%22Theme-Default-Icons-linkedin-with-circle%22%2C%22icon_link%22%3A%22url%3A%2523%22%2C%22icon_color%22%3A%22%23919191%22%2C%22icon_color_hover%22%3A%22%23d1d1d1%22%7D%5D\u00a0\u00bb][\/vc_column][vc_column width=\u00a0\u00bb1\/2&Prime; css=\u00a0\u00bb.vc_custom_1519640011258{margin-bottom: 20px !important;}\u00a0\u00bb offset=\u00a0\u00bbvc_col-md-3&Prime;][cmsms_profile uniqid=\u00a0\u00bbcmsms_shcd_66ba69fe8a1b58_12426497&Prime; image=\u00a0\u00bb8705&Prime; title=\u00a0\u00bbHamza Yurtsever\u00a0\u00bb subtitle=\u00a0\u00bbDroit Administratif, Droit P\u00e9nal, Droit des \u00c9trangers\u00a0\u00bb text=\u00a0\u00bbFormation : Facult\u00e9 de Droit de l&rsquo;Universit\u00e9 de Marmara<br \/>\nExp\u00e9rience : 6<br \/>\nLangues : Anglais, Allemand\u00a0\u00bb icons=\u00a0\u00bb%5B%7B%22icon_class%22%3A%22Theme-Default-Icons-instagram-with-circle%22%2C%22icon_link%22%3A%22url%3A%2523%22%2C%22icon_color%22%3A%22%23919191%22%2C%22icon_color_hover%22%3A%22%23d1d1d1%22%7D%2C%7B%22icon_class%22%3A%22Theme-Default-Icons-linkedin-with-circle%22%2C%22icon_link%22%3A%22url%3A%2523%22%2C%22icon_color%22%3A%22%23919191%22%2C%22icon_color_hover%22%3A%22%23d1d1d1%22%7D%5D\u00a0\u00bb][\/vc_column][vc_column width=\u00a0\u00bb1\/2&Prime; offset=\u00a0\u00bbvc_col-md-3&Prime;][cmsms_profile uniqid=\u00a0\u00bbcmsms_shcd_66ba6a0d21f907_32532500&Prime; image=\u00a0\u00bb8708&Prime; title=\u00a0\u00bbHasan H\u00fcseyin Y\u0131lmaz\u00a0\u00bb subtitle=\u00a0\u00bbDroit des Soci\u00e9t\u00e9s, Droit Commercial, Droit de l&rsquo;Ex\u00e9cution, Droit du Travail, Droit des Assurances\u00a0\u00bb text=\u00a0\u00bbFormation : Facult\u00e9 de Droit de l&rsquo;Universit\u00e9 de Marmara<br \/>\nExp\u00e9rience : 6<br \/>\nLangues : Anglais\u00a0\u00bb icons=\u00a0\u00bb%5B%7B%22icon_class%22%3A%22Theme-Default-Icons-instagram-with-circle%22%2C%22icon_link%22%3A%22url%3A%2523%22%2C%22icon_color%22%3A%22%23919191%22%2C%22icon_color_hover%22%3A%22%23d1d1d1%22%7D%2C%7B%22icon_class%22%3A%22Theme-Default-Icons-linkedin-with-circle%22%2C%22icon_link%22%3A%22url%3A%2523%22%2C%22icon_color%22%3A%22%23919191%22%2C%22icon_color_hover%22%3A%22%23d1d1d1%22%7D%5D\u00a0\u00bb][\/vc_column][\/vc_row][vc_row css=\u00a0\u00bb.vc_custom_1482140740270{padding-top: 65px !important;padding-bottom: 40px !important;}\u00a0\u00bb][vc_column width=\u00a0\u00bb1\/2&Prime; offset=\u00a0\u00bbvc_col-md-3&Prime; css=\u00a0\u00bb.vc_custom_1519639998323{margin-bottom: 20px !important;}\u00a0\u00bb][\/vc_column][vc_column width=\u00a0\u00bb1\/2&Prime; offset=\u00a0\u00bbvc_col-md-3&Prime; css=\u00a0\u00bb.vc_custom_1519640002739{margin-bottom: 20px !important;}\u00a0\u00bb][cmsms_profile uniqid=\u00a0\u00bbcmsms_shcd_66ba6a1c4edb75_37725915&Prime; image=\u00a0\u00bb8780&Prime; title=\u00a0\u00bbMehmet Sava\u015f\u00a0\u00bb subtitle=\u00a0\u00bbDroit des Soci\u00e9t\u00e9s, Droit de la Construction\u00a0\u00bb text=\u00a0\u00bbFormation : Facult\u00e9 de Droit de l&rsquo;Universit\u00e9 d&rsquo;Istanbul<br \/>\nExp\u00e9rience : 25<br \/>\nLangues : Anglais\u00a0\u00bb icons=\u00a0\u00bb%5B%7B%22icon_class%22%3A%22Theme-Default-Icons-instagram-with-circle%22%2C%22icon_link%22%3A%22url%3A%2523%22%2C%22icon_color%22%3A%22%23919191%22%2C%22icon_color_hover%22%3A%22%23d1d1d1%22%7D%2C%7B%22icon_class%22%3A%22Theme-Default-Icons-linkedin-with-circle%22%2C%22icon_link%22%3A%22url%3A%2523%22%2C%22icon_color%22%3A%22%23919191%22%2C%22icon_color_hover%22%3A%22%23d1d1d1%22%7D%5D\u00a0\u00bb][\/vc_column][vc_column width=\u00a0\u00bb1\/2&Prime; css=\u00a0\u00bb.vc_custom_1519640011258{margin-bottom: 20px !important;}\u00a0\u00bb offset=\u00a0\u00bbvc_col-md-3&Prime;][cmsms_profile uniqid=\u00a0\u00bbcmsms_shcd_66ba6a2c3c6c21_57177857&Prime; image=\u00a0\u00bb8706&Prime; title=\u00a0\u00bbMetin Yay\u00a0\u00bb subtitle=\u00a0\u00bbDroit de l&rsquo;Ex\u00e9cution, M\u00e9diation\u00a0\u00bb text=\u00a0\u00bbFormation : Facult\u00e9 de Droit de l&rsquo;Universit\u00e9 d&rsquo;Istanbul<br \/>\nExp\u00e9rience : 4<br \/>\nLangues : Anglais\u00a0\u00bb icons=\u00a0\u00bb%5B%7B%22icon_class%22%3A%22Theme-Default-Icons-instagram-with-circle%22%2C%22icon_link%22%3A%22url%3A%2523%22%2C%22icon_color%22%3A%22%23919191%22%2C%22icon_color_hover%22%3A%22%23d1d1d1%22%7D%2C%7B%22icon_class%22%3A%22Theme-Default-Icons-linkedin-with-circle%22%2C%22icon_link%22%3A%22url%3A%2523%22%2C%22icon_color%22%3A%22%23919191%22%2C%22icon_color_hover%22%3A%22%23d1d1d1%22%7D%5D\u00a0\u00bb][\/vc_column][vc_column width=\u00a0\u00bb1\/2&Prime; offset=\u00a0\u00bbvc_col-md-3&Prime;][\/vc_column][\/vc_row][vc_row][vc_column][vc_column_text css=\u00a0\u00bb\u00a0\u00bb]<\/p>\n<h3 style=\"text-align: center;\">Avocat Stagiaire<\/h3>\n<p>[\/vc_column_text][\/vc_column][\/vc_row][vc_row css=\u00a0\u00bb.vc_custom_1482140740270{padding-top: 65px !important;padding-bottom: 40px !important;}\u00a0\u00bb][vc_column width=\u00a0\u00bb1\/5&Prime; css=\u00a0\u00bb.vc_custom_1722944969287{margin-bottom: 20px !important;}\u00a0\u00bb][\/vc_column][vc_column width=\u00a0\u00bb1\/5&Prime; css=\u00a0\u00bb.vc_custom_1722944976411{margin-bottom: 20px !important;}\u00a0\u00bb][cmsms_profile uniqid=\u00a0\u00bbcmsms_shcd_66ba6a43d113d5_43204489&Prime; image=\u00a0\u00bb8780&Prime; title=\u00a0\u00bbG\u00f6knil Karag\u00f6z\u00a0\u00bb subtitle=\u00a0\u00bbAvocat Stagiaire\u00a0\u00bb icons=\u00a0\u00bb%5B%7B%7D%5D\u00a0\u00bb text=\u00a0\u00bbUniversit\u00e9 Yeni Y\u00fczy\u0131l\u00a0\u00bb][\/vc_column][vc_column width=\u00a0\u00bb1\/5&Prime;][cmsms_profile uniqid=\u00a0\u00bbcmsms_shcd_66ba6a4eefed81_53390184&Prime; image=\u00a0\u00bb8703&Prime; title=\u00a0\u00bbErdem \u015eeno\u00a0\u00bb subtitle=\u00a0\u00bbAvocat Stagiaire\u00a0\u00bb icons=\u00a0\u00bb%5B%7B%7D%5D\u00a0\u00bb text=\u00a0\u00bbUniversit\u00e9 Bah\u00e7e\u015fehir\u00a0\u00bb][\/vc_column][vc_column width=\u00a0\u00bb1\/5&Prime;][cmsms_profile uniqid=\u00a0\u00bbcmsms_shcd_66ba6a5e00da02_85827128&Prime; image=\u00a0\u00bb8780&Prime; title=\u00a0\u00bbMehmet Can Kuyucu\u00a0\u00bb subtitle=\u00a0\u00bbAvocat Stagiaire\u00a0\u00bb icons=\u00a0\u00bb%5B%7B%7D%5D\u00a0\u00bb text=\u00a0\u00bbUniversit\u00e9 Beykent\u00a0\u00bb][\/vc_column][vc_column width=\u00a0\u00bb1\/5&Prime;][\/vc_column][\/vc_row]<\/p>\n<\/div>","protected":false},"excerpt":{"rendered":"<p>[vc_row css=\u00a0\u00bb.vc_custom_1482140740270{padding-top: 65px !important;padding-bottom: 40px !important;}\u00a0\u00bb][vc_column width=\u00a0\u00bb1\/6&Prime; offset=\u00a0\u00bbvc_col-md-3&Prime; css=\u00a0\u00bb.vc_custom_1722528851352{margin-bottom: 20px !important;}\u00a0\u00bb][cmsms_profile uniqid=\u00a0\u00bbcmsms_shcd_66ba69ccccc9c9_21037806&Prime; image=\u00a0\u00bb8704&Prime; title=\u00a0\u00bbAhmet O\u011fuzhan Balc\u0131\u00a0\u00bb subtitle=\u00a0\u00bbDroit des \u00c9trangers, Droit des Contrats, Droit des Soci\u00e9t\u00e9s, Droit International\u00a0\u00bb text=\u00a0\u00bbFormation : Universit\u00e9 de Kocaeli Exp\u00e9rience : 4 Langues : Anglais, Fran\u00e7ais\u00a0\u00bb icons=\u00a0\u00bb%5B%7B%22icon_class%22%3A%22Theme-Default-Icons-instagram-with-circle%22%2C%22icon_link%22%3A%22url%3A%2523%22%2C%22icon_color%22%3A%22%23919191%22%2C%22icon_color_hover%22%3A%22%23d1d1d1%22%7D%2C%7B%22icon_class%22%3A%22Theme-Default-Icons-linkedin-with-circle%22%2C%22icon_link%22%3A%22url%3A%2523%22%2C%22icon_color%22%3A%22%23919191%22%2C%22icon_color_hover%22%3A%22%23d1d1d1%22%7D%5D\u00a0\u00bb el_class=\u00a0\u00bbgrayscale\u00a0\u00bb][\/vc_column][vc_column width=\u00a0\u00bb1\/2&Prime; offset=\u00a0\u00bbvc_col-md-3&Prime; css=\u00a0\u00bb.vc_custom_1519640002739{margin-bottom: 20px !important;}\u00a0\u00bb][cmsms_profile uniqid=\u00a0\u00bbcmsms_shcd_66ba69f03689d2_14278785&Prime; image=\u00a0\u00bb8707&Prime; title=\u00a0\u00bbBekir Dedeler\u00a0\u00bb subtitle=\u00a0\u00bbDroit Immobilier, Droit Commercial, Droit&#8230;<\/p>\n","protected":false},"author":1,"featured_media":0,"parent":0,"menu_order":0,"comment_status":"closed","ping_status":"closed","template":"","meta":{"footnotes":""},"class_list":["post-9691","page","type-page","status-publish","hentry"],"yoast_head":"<!-- This site is optimized with the Yoast SEO Premium plugin v23.8 (Yoast SEO v23.8) - https:\/\/yoast.com\/wordpress\/plugins\/seo\/ -->\n<title>Notre \u00e9quipe - BienLaw<\/title>\n<meta name=\"robots\" content=\"index, follow, max-snippet:-1, max-image-preview:large, max-video-preview:-1\" \/>\n<link rel=\"canonical\" href=\"https:\/\/bienlawfirm.com\/fr\/notre-equipe\/\" \/>\n<meta property=\"og:locale\" content=\"fr_FR\" \/>\n<meta property=\"og:type\" content=\"article\" \/>\n<meta property=\"og:title\" content=\"Notre \u00e9quipe\" \/>\n<meta property=\"og:description\" content=\"[vc_row css=\u00a0\u00bb.vc_custom_1482140740270{padding-top: 65px !important;padding-bottom: 40px !important;}\u00a0\u00bb][vc_column width=\u00a0\u00bb1\/6&Prime; offset=\u00a0\u00bbvc_col-md-3&Prime; css=\u00a0\u00bb.vc_custom_1722528851352{margin-bottom: 20px !important;}\u00a0\u00bb][cmsms_profile uniqid=\u00a0\u00bbcmsms_shcd_66ba69ccccc9c9_21037806&Prime; image=\u00a0\u00bb8704&Prime; title=\u00a0\u00bbAhmet O\u011fuzhan Balc\u0131\u00a0\u00bb subtitle=\u00a0\u00bbDroit des \u00c9trangers, Droit des Contrats, Droit des Soci\u00e9t\u00e9s, Droit International\u00a0\u00bb text=\u00a0\u00bbFormation : Universit\u00e9 de Kocaeli Exp\u00e9rience : 4 Langues : Anglais, Fran\u00e7ais\u00a0\u00bb icons=\u00a0\u00bb%5B%7B%22icon_class%22%3A%22Theme-Default-Icons-instagram-with-circle%22%2C%22icon_link%22%3A%22url%3A%2523%22%2C%22icon_color%22%3A%22%23919191%22%2C%22icon_color_hover%22%3A%22%23d1d1d1%22%7D%2C%7B%22icon_class%22%3A%22Theme-Default-Icons-linkedin-with-circle%22%2C%22icon_link%22%3A%22url%3A%2523%22%2C%22icon_color%22%3A%22%23919191%22%2C%22icon_color_hover%22%3A%22%23d1d1d1%22%7D%5D\u00a0\u00bb el_class=\u00a0\u00bbgrayscale\u00a0\u00bb][\/vc_column][vc_column width=\u00a0\u00bb1\/2&Prime; offset=\u00a0\u00bbvc_col-md-3&Prime; css=\u00a0\u00bb.vc_custom_1519640002739{margin-bottom: 20px !important;}\u00a0\u00bb][cmsms_profile uniqid=\u00a0\u00bbcmsms_shcd_66ba69f03689d2_14278785&Prime; image=\u00a0\u00bb8707&Prime; title=\u00a0\u00bbBekir Dedeler\u00a0\u00bb subtitle=\u00a0\u00bbDroit Immobilier, Droit Commercial, Droit...\" \/>\n<meta property=\"og:url\" content=\"https:\/\/bienlawfirm.com\/fr\/notre-equipe\/\" \/>\n<meta property=\"og:site_name\" content=\"BienLaw\" \/>\n<meta property=\"article:modified_time\" content=\"2024-08-12T21:27:24+00:00\" \/>\n<meta name=\"twitter:card\" content=\"summary_large_image\" \/>\n<meta name=\"twitter:label1\" content=\"Dur\u00e9e de lecture estim\u00e9e\" \/>\n\t<meta name=\"twitter:data1\" content=\"4 minutes\" \/>\n<script type=\"application\/ld+json\" class=\"yoast-schema-graph\">{\"@context\":\"https:\/\/schema.org\",\"@graph\":[{\"@type\":\"WebPage\",\"@id\":\"https:\/\/bienlawfirm.com\/fr\/notre-equipe\/\",\"url\":\"https:\/\/bienlawfirm.com\/fr\/notre-equipe\/\",\"name\":\"Notre \u00e9quipe - BienLaw\",\"isPartOf\":{\"@id\":\"https:\/\/bienlawfirm.com\/fr\/#website\"},\"datePublished\":\"2016-12-19T05:51:56+00:00\",\"dateModified\":\"2024-08-12T21:27:24+00:00\",\"breadcrumb\":{\"@id\":\"https:\/\/bienlawfirm.com\/fr\/notre-equipe\/#breadcrumb\"},\"inLanguage\":\"fr-FR\",\"potentialAction\":[{\"@type\":\"ReadAction\",\"target\":[\"https:\/\/bienlawfirm.com\/fr\/notre-equipe\/\"]}]},{\"@type\":\"BreadcrumbList\",\"@id\":\"https:\/\/bienlawfirm.com\/fr\/notre-equipe\/#breadcrumb\",\"itemListElement\":[{\"@type\":\"ListItem\",\"position\":1,\"name\":\"Anasayfa\",\"item\":\"https:\/\/bienlawfirm.com\/fr\/accueil\/\"},{\"@type\":\"ListItem\",\"position\":2,\"name\":\"Notre \u00e9quipe\"}]},{\"@type\":\"WebSite\",\"@id\":\"https:\/\/bienlawfirm.com\/fr\/#website\",\"url\":\"https:\/\/bienlawfirm.com\/fr\/\",\"name\":\"BienLaw\",\"description\":\"Hukuk ve Dan\u0131\u015fmanl\u0131k B\u00fcrosu\",\"publisher\":{\"@id\":\"https:\/\/bienlawfirm.com\/fr\/#organization\"},\"potentialAction\":[{\"@type\":\"SearchAction\",\"target\":{\"@type\":\"EntryPoint\",\"urlTemplate\":\"https:\/\/bienlawfirm.com\/fr\/?s={search_term_string}\"},\"query-input\":{\"@type\":\"PropertyValueSpecification\",\"valueRequired\":true,\"valueName\":\"search_term_string\"}}],\"inLanguage\":\"fr-FR\"},{\"@type\":\"Organization\",\"@id\":\"https:\/\/bienlawfirm.com\/fr\/#organization\",\"name\":\"BienLaw\",\"url\":\"https:\/\/bienlawfirm.com\/fr\/\",\"logo\":{\"@type\":\"ImageObject\",\"inLanguage\":\"fr-FR\",\"@id\":\"https:\/\/bienlawfirm.com\/fr\/#\/schema\/logo\/image\/\",\"url\":\"https:\/\/bienlawfirm.com\/wp-content\/uploads\/2024\/08\/logo.svg\",\"contentUrl\":\"https:\/\/bienlawfirm.com\/wp-content\/uploads\/2024\/08\/logo.svg\",\"width\":1920,\"height\":1080,\"caption\":\"BienLaw\"},\"image\":{\"@id\":\"https:\/\/bienlawfirm.com\/fr\/#\/schema\/logo\/image\/\"}}]}<\/script>\n<!-- \/ Yoast SEO Premium plugin. -->","yoast_head_json":{"title":"Notre \u00e9quipe - BienLaw","robots":{"index":"index","follow":"follow","max-snippet":"max-snippet:-1","max-image-preview":"max-image-preview:large","max-video-preview":"max-video-preview:-1"},"canonical":"https:\/\/bienlawfirm.com\/fr\/notre-equipe\/","og_locale":"fr_FR","og_type":"article","og_title":"Notre \u00e9quipe","og_description":"[vc_row css=\u00a0\u00bb.vc_custom_1482140740270{padding-top: 65px !important;padding-bottom: 40px !important;}\u00a0\u00bb][vc_column width=\u00a0\u00bb1\/6&Prime; offset=\u00a0\u00bbvc_col-md-3&Prime; css=\u00a0\u00bb.vc_custom_1722528851352{margin-bottom: 20px !important;}\u00a0\u00bb][cmsms_profile uniqid=\u00a0\u00bbcmsms_shcd_66ba69ccccc9c9_21037806&Prime; image=\u00a0\u00bb8704&Prime; title=\u00a0\u00bbAhmet O\u011fuzhan Balc\u0131\u00a0\u00bb subtitle=\u00a0\u00bbDroit des \u00c9trangers, Droit des Contrats, Droit des Soci\u00e9t\u00e9s, Droit International\u00a0\u00bb text=\u00a0\u00bbFormation : Universit\u00e9 de Kocaeli Exp\u00e9rience : 4 Langues : Anglais, Fran\u00e7ais\u00a0\u00bb icons=\u00a0\u00bb%5B%7B%22icon_class%22%3A%22Theme-Default-Icons-instagram-with-circle%22%2C%22icon_link%22%3A%22url%3A%2523%22%2C%22icon_color%22%3A%22%23919191%22%2C%22icon_color_hover%22%3A%22%23d1d1d1%22%7D%2C%7B%22icon_class%22%3A%22Theme-Default-Icons-linkedin-with-circle%22%2C%22icon_link%22%3A%22url%3A%2523%22%2C%22icon_color%22%3A%22%23919191%22%2C%22icon_color_hover%22%3A%22%23d1d1d1%22%7D%5D\u00a0\u00bb el_class=\u00a0\u00bbgrayscale\u00a0\u00bb][\/vc_column][vc_column width=\u00a0\u00bb1\/2&Prime; offset=\u00a0\u00bbvc_col-md-3&Prime; css=\u00a0\u00bb.vc_custom_1519640002739{margin-bottom: 20px !important;}\u00a0\u00bb][cmsms_profile uniqid=\u00a0\u00bbcmsms_shcd_66ba69f03689d2_14278785&Prime; image=\u00a0\u00bb8707&Prime; title=\u00a0\u00bbBekir Dedeler\u00a0\u00bb subtitle=\u00a0\u00bbDroit Immobilier, Droit Commercial, Droit...","og_url":"https:\/\/bienlawfirm.com\/fr\/notre-equipe\/","og_site_name":"BienLaw","article_modified_time":"2024-08-12T21:27:24+00:00","twitter_card":"summary_large_image","twitter_misc":{"Dur\u00e9e de lecture estim\u00e9e":"4 minutes"},"schema":{"@context":"https:\/\/schema.org","@graph":[{"@type":"WebPage","@id":"https:\/\/bienlawfirm.com\/fr\/notre-equipe\/","url":"https:\/\/bienlawfirm.com\/fr\/notre-equipe\/","name":"Notre \u00e9quipe - BienLaw","isPartOf":{"@id":"https:\/\/bienlawfirm.com\/fr\/#website"},"datePublished":"2016-12-19T05:51:56+00:00","dateModified":"2024-08-12T21:27:24+00:00","breadcrumb":{"@id":"https:\/\/bienlawfirm.com\/fr\/notre-equipe\/#breadcrumb"},"inLanguage":"fr-FR","potentialAction":[{"@type":"ReadAction","target":["https:\/\/bienlawfirm.com\/fr\/notre-equipe\/"]}]},{"@type":"BreadcrumbList","@id":"https:\/\/bienlawfirm.com\/fr\/notre-equipe\/#breadcrumb","itemListElement":[{"@type":"ListItem","position":1,"name":"Anasayfa","item":"https:\/\/bienlawfirm.com\/fr\/accueil\/"},{"@type":"ListItem","position":2,"name":"Notre \u00e9quipe"}]},{"@type":"WebSite","@id":"https:\/\/bienlawfirm.com\/fr\/#website","url":"https:\/\/bienlawfirm.com\/fr\/","name":"BienLaw","description":"Hukuk ve Dan\u0131\u015fmanl\u0131k B\u00fcrosu","publisher":{"@id":"https:\/\/bienlawfirm.com\/fr\/#organization"},"potentialAction":[{"@type":"SearchAction","target":{"@type":"EntryPoint","urlTemplate":"https:\/\/bienlawfirm.com\/fr\/?s={search_term_string}"},"query-input":{"@type":"PropertyValueSpecification","valueRequired":true,"valueName":"search_term_string"}}],"inLanguage":"fr-FR"},{"@type":"Organization","@id":"https:\/\/bienlawfirm.com\/fr\/#organization","name":"BienLaw","url":"https:\/\/bienlawfirm.com\/fr\/","logo":{"@type":"ImageObject","inLanguage":"fr-FR","@id":"https:\/\/bienlawfirm.com\/fr\/#\/schema\/logo\/image\/","url":"https:\/\/bienlawfirm.com\/wp-content\/uploads\/2024\/08\/logo.svg","contentUrl":"https:\/\/bienlawfirm.com\/wp-content\/uploads\/2024\/08\/logo.svg","width":1920,"height":1080,"caption":"BienLaw"},"image":{"@id":"https:\/\/bienlawfirm.com\/fr\/#\/schema\/logo\/image\/"}}]}},"_links":{"self":[{"href":"https:\/\/bienlawfirm.com\/fr\/wp-json\/wp\/v2\/pages\/9691","targetHints":{"allow":["GET"]}}],"collection":[{"href":"https:\/\/bienlawfirm.com\/fr\/wp-json\/wp\/v2\/pages"}],"about":[{"href":"https:\/\/bienlawfirm.com\/fr\/wp-json\/wp\/v2\/types\/page"}],"author":[{"embeddable":true,"href":"https:\/\/bienlawfirm.com\/fr\/wp-json\/wp\/v2\/users\/1"}],"replies":[{"embeddable":true,"href":"https:\/\/bienlawfirm.com\/fr\/wp-json\/wp\/v2\/comments?post=9691"}],"version-history":[{"count":5,"href":"https:\/\/bienlawfirm.com\/fr\/wp-json\/wp\/v2\/pages\/9691\/revisions"}],"predecessor-version":[{"id":9728,"href":"https:\/\/bienlawfirm.com\/fr\/wp-json\/wp\/v2\/pages\/9691\/revisions\/9728"}],"wp:attachment":[{"href":"https:\/\/bienlawfirm.com\/fr\/wp-json\/wp\/v2\/media?parent=9691"}],"curies":[{"name":"wp","href":"https:\/\/api.w.org\/{rel}","templated":true}]}}