{"id":9694,"date":"2016-12-30T08:19:05","date_gmt":"2016-12-30T05:19:05","guid":{"rendered":"https:\/\/bienlawfirm.com\/hakkimizda\/"},"modified":"2024-08-13T00:26:42","modified_gmt":"2024-08-12T21:26:42","slug":"a-propos-de-nous","status":"publish","type":"page","link":"https:\/\/bienlawfirm.com\/fr\/a-propos-de-nous\/","title":{"rendered":"\u00c0 Propos"},"content":{"rendered":"<div class=\"wpb-content-wrapper\"><style type=\"text\/css\" data-type=\"vc_cmsms_shortcodes-custom-css\"><\/style><p>[vc_row full_width=\u00a0\u00bbstretch_row\u00a0\u00bb parallax=\u00a0\u00bbcontent-moving-fade\u00a0\u00bb parallax_image=\u00a0\u00bb8494&Prime; css_animation=\u00a0\u00bbnone\u00a0\u00bb parallax_content=\u00a0\u00bboff\u00a0\u00bb fadeout_row=\u00a0\u00bbfadeout_row_value\u00a0\u00bb fadeout_start_effect=\u00a0\u00bb70&Prime; enable_overlay=\u00a0\u00bbenable_overlay_value\u00a0\u00bb overlay_color=\u00a0\u00bbrgba(17,17,17,0.78)\u00a0\u00bb seperator_enable=\u00a0\u00bboff\u00a0\u00bb css=\u00a0\u00bb.vc_custom_1722511420518{margin-bottom: 0px !important;background-color: #232323 !important;}\u00a0\u00bb][vc_column][vc_single_image image=\u00a0\u00bb9001&Prime; img_size=\u00a0\u00bbfull\u00a0\u00bb alignment=\u00a0\u00bbcenter\u00a0\u00bb css=\u00a0\u00bb.vc_custom_1723230779506{margin-top: 120px !important;}\u00a0\u00bb][\/vc_column][\/vc_row][vc_row css=\u00a0\u00bb.vc_custom_1517662995692{margin-top: 50px !important;}\u00a0\u00bb][vc_column width=\u00a0\u00bb1\/3&Prime; css=\u00a0\u00bb.vc_custom_1517663429983{padding-right: 20px !important;padding-left: 10px !important;}\u00a0\u00bb][vc_column_text css=\u00a0\u00bb.vc_custom_1723491508492{margin-bottom: 0px !important;}\u00a0\u00bb]<\/p>\n<h3><span style=\"color: #d6c399;\">01. <\/span>Conseil Juridique Sp\u00e9cialis\u00e9<\/h3>\n<p>[\/vc_column_text][vc_custom_heading text=\u00a0\u00bbVrais Experts\u00a0\u00bb font_container=\u00a0\u00bbtag:p|font_size:16|text_align:left\u00a0\u00bb use_theme_fonts=\u00a0\u00bbyes\u00a0\u00bb css=\u00a0\u00bb.vc_custom_1723491518361{margin-top: 15px !important;margin-bottom: 30px !important;}\u00a0\u00bb][vc_column_text css=\u00a0\u00bb\u00a0\u00bb]BienLaw, avec son \u00e9quipe comp\u00e9tente et dot\u00e9e de grandes capacit\u00e9s de communication internationale, offre les solutions les plus efficaces \u00e0 vos probl\u00e8mes juridiques. Nous avons de l&rsquo;exp\u00e9rience dans tous les domaines du commerce et nous prenons en charge les besoins de nos clients avec soin.[\/vc_column_text][\/vc_column][vc_column width=\u00a0\u00bb1\/3&Prime; css=\u00a0\u00bb.vc_custom_1517663436254{padding-right: 20px !important;padding-left: 10px !important;}\u00a0\u00bb][vc_column_text css=\u00a0\u00bb.vc_custom_1723491540529{margin-bottom: 0px !important;}\u00a0\u00bb]<\/p>\n<h3><span style=\"color: #d6c399;\">02.<\/span> Nous D\u00e9fendons Vos Droits avec Notre \u00c9quipe d&rsquo;Experts<\/h3>\n<p>[\/vc_column_text][vc_custom_heading text=\u00a0\u00bbSource Fiable\u00a0\u00bb font_container=\u00a0\u00bbtag:p|font_size:16|text_align:left\u00a0\u00bb use_theme_fonts=\u00a0\u00bbyes\u00a0\u00bb css=\u00a0\u00bb.vc_custom_1723491550372{margin-top: 15px !important;margin-bottom: 30px !important;}\u00a0\u00bb][vc_column_text css=\u00a0\u00bb\u00a0\u00bb]Sur le plan national et international, nous d\u00e9fendons vos droits de la meilleure mani\u00e8re possible gr\u00e2ce \u00e0 notre vaste connaissance juridique et \u00e0 notre exp\u00e9rience pratique. Notre objectif est de fournir \u00e0 nos clients un soutien juridique rapide et fiable.[\/vc_column_text][\/vc_column][vc_column width=\u00a0\u00bb1\/3&Prime; css=\u00a0\u00bb.vc_custom_1517663442092{padding-right: 20px !important;padding-left: 10px !important;}\u00a0\u00bb][vc_column_text css=\u00a0\u00bb.vc_custom_1723491570788{margin-bottom: 0px !important;}\u00a0\u00bb]<\/p>\n<h3><span style=\"color: #d6c399;\">03. <\/span> Nous Sommes \u00e0 Vos C\u00f4t\u00e9s avec une Exp\u00e9rience Internationale<\/h3>\n<p>[\/vc_column_text][vc_custom_heading text=\u00a0\u00bbPerspective Globale\u00a0\u00bb font_container=\u00a0\u00bbtag:p|font_size:16|text_align:left\u00a0\u00bb use_theme_fonts=\u00a0\u00bbyes\u00a0\u00bb css=\u00a0\u00bb.vc_custom_1723491580270{margin-top: 15px !important;margin-bottom: 30px !important;}\u00a0\u00bb][vc_column_text css=\u00a0\u00bb\u00a0\u00bb]Nos interactions avec nos clients \u00e9trangers nous permettent de suivre de pr\u00e8s les processus juridiques internationaux. Nous sommes d\u00e9termin\u00e9s \u00e0 tirer parti de notre exp\u00e9rience pour faciliter le commerce et simplifier vos affaires en droit des \u00e9trangers.[\/vc_column_text][\/vc_column][\/vc_row][vc_row gap=\u00a0\u00bb30&Prime; enable_overlay=\u00a0\u00bbenable_overlay_value\u00a0\u00bb overlay_color=\u00a0\u00bbrgba(0,0,0,0.39)\u00a0\u00bb overlay_pattern=\u00a0\u00bb09.png\u00a0\u00bb overlay_pattern_opacity=\u00a0\u00bb0.8&Prime; overlay_pattern_size=\u00a0\u00bb0.9&Prime; seperator_enable=\u00a0\u00bbseperator_enable_value\u00a0\u00bb seperator_type=\u00a0\u00bbxlarge_triangle_seperator\u00a0\u00bb seperator_position=\u00a0\u00bbbottom_seperator\u00a0\u00bb seperator_svg_height=\u00a0\u00bb60&Prime; seperator_shape_background=\u00a0\u00bb#ffffff\u00a0\u00bb css=\u00a0\u00bb.vc_custom_1505457418462{padding-top: 0px !important;padding-bottom: 0px !important;}\u00a0\u00bb][vc_column css=\u00a0\u00bb.vc_custom_1505458957917{padding-top: 20px !important;}\u00a0\u00bb offset=\u00a0\u00bbvc_hidden-xs\u00a0\u00bb][\/vc_column][vc_column width=\u00a0\u00bb1\/2&Prime;][vc_single_image image=\u00a0\u00bb8763&Prime; img_size=\u00a0\u00bb570&#215;400&Prime; alignment=\u00a0\u00bbcenter\u00a0\u00bb css=\u00a0\u00bb.vc_custom_1722852306587{padding-bottom: 0px !important;}\u00a0\u00bb][vc_tta_accordion c_icon=\u00a0\u00bb\u00a0\u00bb active_section=\u00a0\u00bb1&Prime;][vc_tta_section title=\u00a0\u00bbDomaines d&rsquo;Activit\u00e9\u00a0\u00bb tab_id=\u00a0\u00bb1722852029032-11a65040-411b\u00a0\u00bb][vc_column_text css=\u00a0\u00bb\u00a0\u00bb]<\/p>\n<ul>\n<li>Droit des Investissements \u00c9trangers Directs<\/li>\n<li>Droit des Soci\u00e9t\u00e9s et du Commerce<\/li>\n<li>Droit de la Propri\u00e9t\u00e9 Intellectuelle<\/li>\n<li>Droit des \u00c9trangers<\/li>\n<li>Droit de la Construction et de l&rsquo;Immobilier<\/li>\n<\/ul>\n<p>[\/vc_column_text][\/vc_tta_section][\/vc_tta_accordion][\/vc_column][vc_column width=\u00a0\u00bb1\/2&Prime;][vc_custom_heading text=\u00a0\u00bb\u00c0 Propos de Nous\u00a0\u00bb font_container=\u00a0\u00bbtag:h2|font_size:26px|text_align:left|line_height:34px\u00a0\u00bb google_fonts=\u00a0\u00bbfont_family:Adamina%3Aregular|font_style:400%20regular%3A400%3Anormal\u00a0\u00bb css=\u00a0\u00bb.vc_custom_1723491598315{margin-bottom: 25px !important;}\u00a0\u00bb][vc_column_text css=\u00a0\u00bb\u00a0\u00bb]En tant que BienLaw Cabinet d&rsquo;Avocats et de Conseil, nous offrons une large gamme de services dans le domaine du Droit Priv\u00e9, principalement dans les domaines du Droit des Soci\u00e9t\u00e9s et du Droit des \u00c9trangers. Avec notre \u00e9quipe comp\u00e9tente, dot\u00e9e de capacit\u00e9s de communication internationale et de comp\u00e9tences linguistiques, nous avons de l&rsquo;exp\u00e9rience dans la r\u00e9solution de nombreux litiges juridiques tant au niveau national qu&rsquo;international dans presque tous les domaines du commerce. Le fait que le commerce international se d\u00e9roule au sein de notre cabinet nous a permis d&rsquo;acqu\u00e9rir des connaissances th\u00e9oriques et pratiques.<\/p>\n<p>Nos interactions avec nos clients \u00e9trangers contribuent \u00e0 notre capacit\u00e9 \u00e0 suivre de pr\u00e8s les processus de litige dans le cadre du droit des \u00e9trangers et \u00e0 renforcer notre exp\u00e9rience dans ce domaine. Notre objectif est de faciliter le commerce dans le contexte du droit international en tirant parti de notre exp\u00e9rience et de faciliter les affaires de nos clients en droit des \u00e9trangers, tant en Turquie qu&rsquo;\u00e0 l&rsquo;\u00e9tranger, en leur offrant le m\u00eame niveau d&rsquo;attention qu&rsquo;\u00e0 un citoyen.[\/vc_column_text][vc_custom_heading text=\u00a0\u00bbNotre Vision<br \/>\n\u00a0\u00bb font_container=\u00a0\u00bbtag:h2|font_size:26px|text_align:left|line_height:34px\u00a0\u00bb google_fonts=\u00a0\u00bbfont_family:Adamina%3Aregular|font_style:400%20regular%3A400%3Anormal\u00a0\u00bb css=\u00a0\u00bb.vc_custom_1723491634378{margin-bottom: 25px !important;}\u00a0\u00bb][vc_column_text css=\u00a0\u00bb\u00a0\u00bb]Notre vision est de devenir un cabinet d&rsquo;avocats de premier plan dans le domaine du droit national et international en offrant \u00e0 nos clients des solutions juridiques fiables, rapides et efficaces. Avec notre \u00e9quipe d&rsquo;experts et notre perspective globale, nous visons \u00e0 offrir \u00e0 nos clients des services de la plus haute qualit\u00e9 dans tous les domaines du commerce.[\/vc_column_text][\/vc_column][\/vc_row][vc_row full_width=\u00a0\u00bbstretch_row\u00a0\u00bb gap=\u00a0\u00bb30&Prime; css=\u00a0\u00bb.vc_custom_1526541943424{border-top-width: 1px !important;padding-top: 70px !important;padding-bottom: 20px !important;border-top-color: #dddddd !important;border-top-style: solid !important;}\u00a0\u00bb][vc_column offset=\u00a0\u00bbvc_hidden-lg vc_hidden-md vc_hidden-xs\u00a0\u00bb][vc_custom_heading text=\u00a0\u00bbPublications<br \/>\n\u00a0\u00bb font_container=\u00a0\u00bbtag:h2|font_size:26px|text_align:left|line_height:34px\u00a0\u00bb use_theme_fonts=\u00a0\u00bbyes\u00a0\u00bb css=\u00a0\u00bb.vc_custom_1723491662849{padding-top: 0px !important;}\u00a0\u00bb][vc_custom_heading text=\u00a0\u00bbDerni\u00e8res Publications\u00a0\u00bb font_container=\u00a0\u00bbtag:p|font_size:15|text_align:left\u00a0\u00bb use_theme_fonts=\u00a0\u00bbyes\u00a0\u00bb css=\u00a0\u00bb.vc_custom_1723491678739{margin-top: -5px !important;margin-bottom: 0px !important;}\u00a0\u00bb][\/vc_column][vc_column width=\u00a0\u00bb1\/4&Prime; css=\u00a0\u00bb.vc_custom_1526550976928{padding-top: 0px !important;padding-bottom: 0px !important;}\u00a0\u00bb offset=\u00a0\u00bbvc_hidden-sm\u00a0\u00bb][vc_custom_heading text=\u00a0\u00bbPublications<br \/>\n\u00a0\u00bb font_container=\u00a0\u00bbtag:h2|font_size:26px|text_align:left|line_height:34px\u00a0\u00bb use_theme_fonts=\u00a0\u00bbyes\u00a0\u00bb css=\u00a0\u00bb.vc_custom_1723491654886{padding-top: 0px !important;}\u00a0\u00bb][vc_custom_heading text=\u00a0\u00bbDerni\u00e8res Publications<\/p>\n<p>\u00a0\u00bb font_container=\u00a0\u00bbtag:p|font_size:15|text_align:left\u00a0\u00bb use_theme_fonts=\u00a0\u00bbyes\u00a0\u00bb css=\u00a0\u00bb.vc_custom_1723491684979{margin-top: -5px !important;margin-bottom: 30px !important;}\u00a0\u00bb][vc_column_text css=\u00a0\u00bb.vc_custom_1723491691523{margin-top: 0px !important;}\u00a0\u00bb]Avec notre \u00e9quipe d&rsquo;experts, nous suivons de pr\u00e8s les d\u00e9veloppements juridiques et les affaires importantes. Nous sommes fiers de vous fournir les informations les plus r\u00e9centes et les plus fiables.[\/vc_column_text][\/vc_column][vc_column css=\u00a0\u00bb.vc_custom_1526550952830{margin-top: 0px !important;padding-top: 0px !important;padding-bottom: 0px !important;}\u00a0\u00bb offset=\u00a0\u00bbvc_col-md-9&Prime;][vc_basic_grid post_type=\u00a0\u00bbpost\u00a0\u00bb max_items=\u00a0\u00bb3&Prime; item=\u00a0\u00bb2249&Prime; css=\u00a0\u00bb.vc_custom_1526550963952{padding-top: 0px !important;}\u00a0\u00bb grid_id=\u00a0\u00bbvc_gid:1723491424886-d0303854644246fd763cf210827c8e13-5&Prime;][\/vc_column][\/vc_row]<\/p>\n<\/div>","protected":false},"excerpt":{"rendered":"<p>[vc_row full_width=\u00a0\u00bbstretch_row\u00a0\u00bb parallax=\u00a0\u00bbcontent-moving-fade\u00a0\u00bb parallax_image=\u00a0\u00bb8494&Prime; css_animation=\u00a0\u00bbnone\u00a0\u00bb parallax_content=\u00a0\u00bboff\u00a0\u00bb fadeout_row=\u00a0\u00bbfadeout_row_value\u00a0\u00bb fadeout_start_effect=\u00a0\u00bb70&Prime; enable_overlay=\u00a0\u00bbenable_overlay_value\u00a0\u00bb overlay_color=\u00a0\u00bbrgba(17,17,17,0.78)\u00a0\u00bb seperator_enable=\u00a0\u00bboff\u00a0\u00bb css=\u00a0\u00bb.vc_custom_1722511420518{margin-bottom: 0px !important;background-color: #232323 !important;}\u00a0\u00bb][vc_column][vc_single_image image=\u00a0\u00bb9001&Prime; img_size=\u00a0\u00bbfull\u00a0\u00bb alignment=\u00a0\u00bbcenter\u00a0\u00bb css=\u00a0\u00bb.vc_custom_1723230779506{margin-top: 120px !important;}\u00a0\u00bb][\/vc_column][\/vc_row][vc_row css=\u00a0\u00bb.vc_custom_1517662995692{margin-top: 50px !important;}\u00a0\u00bb][vc_column width=\u00a0\u00bb1\/3&Prime; css=\u00a0\u00bb.vc_custom_1517663429983{padding-right: 20px !important;padding-left: 10px !important;}\u00a0\u00bb][vc_column_text css=\u00a0\u00bb.vc_custom_1723491508492{margin-bottom: 0px !important;}\u00a0\u00bb] 01. Conseil Juridique Sp\u00e9cialis\u00e9 [\/vc_column_text][vc_custom_heading text=\u00a0\u00bbVrais Experts\u00a0\u00bb font_container=\u00a0\u00bbtag:p|font_size:16|text_align:left\u00a0\u00bb use_theme_fonts=\u00a0\u00bbyes\u00a0\u00bb css=\u00a0\u00bb.vc_custom_1723491518361{margin-top: 15px !important;margin-bottom: 30px !important;}\u00a0\u00bb][vc_column_text css=\u00a0\u00bb\u00a0\u00bb]BienLaw, avec son \u00e9quipe comp\u00e9tente et dot\u00e9e&#8230;<\/p>\n","protected":false},"author":1,"featured_media":0,"parent":0,"menu_order":0,"comment_status":"closed","ping_status":"closed","template":"","meta":{"footnotes":""},"class_list":["post-9694","page","type-page","status-publish","hentry"],"yoast_head":"<!-- This site is optimized with the Yoast SEO Premium plugin v23.8 (Yoast SEO v23.8) - https:\/\/yoast.com\/wordpress\/plugins\/seo\/ -->\n<title>\u00c0 Propos - BienLaw<\/title>\n<meta name=\"robots\" content=\"index, follow, max-snippet:-1, max-image-preview:large, max-video-preview:-1\" \/>\n<link rel=\"canonical\" href=\"https:\/\/bienlawfirm.com\/fr\/a-propos-de-nous\/\" \/>\n<meta property=\"og:locale\" content=\"fr_FR\" \/>\n<meta property=\"og:type\" content=\"article\" \/>\n<meta property=\"og:title\" content=\"\u00c0 Propos\" \/>\n<meta property=\"og:description\" content=\"[vc_row full_width=\u00a0\u00bbstretch_row\u00a0\u00bb parallax=\u00a0\u00bbcontent-moving-fade\u00a0\u00bb parallax_image=\u00a0\u00bb8494&Prime; css_animation=\u00a0\u00bbnone\u00a0\u00bb parallax_content=\u00a0\u00bboff\u00a0\u00bb fadeout_row=\u00a0\u00bbfadeout_row_value\u00a0\u00bb fadeout_start_effect=\u00a0\u00bb70&Prime; enable_overlay=\u00a0\u00bbenable_overlay_value\u00a0\u00bb overlay_color=\u00a0\u00bbrgba(17,17,17,0.78)\u00a0\u00bb seperator_enable=\u00a0\u00bboff\u00a0\u00bb css=\u00a0\u00bb.vc_custom_1722511420518{margin-bottom: 0px !important;background-color: #232323 !important;}\u00a0\u00bb][vc_column][vc_single_image image=\u00a0\u00bb9001&Prime; img_size=\u00a0\u00bbfull\u00a0\u00bb alignment=\u00a0\u00bbcenter\u00a0\u00bb css=\u00a0\u00bb.vc_custom_1723230779506{margin-top: 120px !important;}\u00a0\u00bb][\/vc_column][\/vc_row][vc_row css=\u00a0\u00bb.vc_custom_1517662995692{margin-top: 50px !important;}\u00a0\u00bb][vc_column width=\u00a0\u00bb1\/3&Prime; css=\u00a0\u00bb.vc_custom_1517663429983{padding-right: 20px !important;padding-left: 10px !important;}\u00a0\u00bb][vc_column_text css=\u00a0\u00bb.vc_custom_1723491508492{margin-bottom: 0px !important;}\u00a0\u00bb] 01. Conseil Juridique Sp\u00e9cialis\u00e9 [\/vc_column_text][vc_custom_heading text=\u00a0\u00bbVrais Experts\u00a0\u00bb font_container=\u00a0\u00bbtag:p|font_size:16|text_align:left\u00a0\u00bb use_theme_fonts=\u00a0\u00bbyes\u00a0\u00bb css=\u00a0\u00bb.vc_custom_1723491518361{margin-top: 15px !important;margin-bottom: 30px !important;}\u00a0\u00bb][vc_column_text css=\u00a0\u00bb\u00a0\u00bb]BienLaw, avec son \u00e9quipe comp\u00e9tente et dot\u00e9e...\" \/>\n<meta property=\"og:url\" content=\"https:\/\/bienlawfirm.com\/fr\/a-propos-de-nous\/\" \/>\n<meta property=\"og:site_name\" content=\"BienLaw\" \/>\n<meta property=\"article:modified_time\" content=\"2024-08-12T21:26:42+00:00\" \/>\n<meta name=\"twitter:card\" content=\"summary_large_image\" \/>\n<meta name=\"twitter:label1\" content=\"Dur\u00e9e de lecture estim\u00e9e\" \/>\n\t<meta name=\"twitter:data1\" content=\"6 minutes\" \/>\n<script type=\"application\/ld+json\" class=\"yoast-schema-graph\">{\"@context\":\"https:\/\/schema.org\",\"@graph\":[{\"@type\":\"WebPage\",\"@id\":\"https:\/\/bienlawfirm.com\/fr\/a-propos-de-nous\/\",\"url\":\"https:\/\/bienlawfirm.com\/fr\/a-propos-de-nous\/\",\"name\":\"\u00c0 Propos - BienLaw\",\"isPartOf\":{\"@id\":\"https:\/\/bienlawfirm.com\/fr\/#website\"},\"datePublished\":\"2016-12-30T05:19:05+00:00\",\"dateModified\":\"2024-08-12T21:26:42+00:00\",\"breadcrumb\":{\"@id\":\"https:\/\/bienlawfirm.com\/fr\/a-propos-de-nous\/#breadcrumb\"},\"inLanguage\":\"fr-FR\",\"potentialAction\":[{\"@type\":\"ReadAction\",\"target\":[\"https:\/\/bienlawfirm.com\/fr\/a-propos-de-nous\/\"]}]},{\"@type\":\"BreadcrumbList\",\"@id\":\"https:\/\/bienlawfirm.com\/fr\/a-propos-de-nous\/#breadcrumb\",\"itemListElement\":[{\"@type\":\"ListItem\",\"position\":1,\"name\":\"Anasayfa\",\"item\":\"https:\/\/bienlawfirm.com\/fr\/accueil\/\"},{\"@type\":\"ListItem\",\"position\":2,\"name\":\"\u00c0 Propos\"}]},{\"@type\":\"WebSite\",\"@id\":\"https:\/\/bienlawfirm.com\/fr\/#website\",\"url\":\"https:\/\/bienlawfirm.com\/fr\/\",\"name\":\"BienLaw\",\"description\":\"Hukuk ve Dan\u0131\u015fmanl\u0131k B\u00fcrosu\",\"publisher\":{\"@id\":\"https:\/\/bienlawfirm.com\/fr\/#organization\"},\"potentialAction\":[{\"@type\":\"SearchAction\",\"target\":{\"@type\":\"EntryPoint\",\"urlTemplate\":\"https:\/\/bienlawfirm.com\/fr\/?s={search_term_string}\"},\"query-input\":{\"@type\":\"PropertyValueSpecification\",\"valueRequired\":true,\"valueName\":\"search_term_string\"}}],\"inLanguage\":\"fr-FR\"},{\"@type\":\"Organization\",\"@id\":\"https:\/\/bienlawfirm.com\/fr\/#organization\",\"name\":\"BienLaw\",\"url\":\"https:\/\/bienlawfirm.com\/fr\/\",\"logo\":{\"@type\":\"ImageObject\",\"inLanguage\":\"fr-FR\",\"@id\":\"https:\/\/bienlawfirm.com\/fr\/#\/schema\/logo\/image\/\",\"url\":\"https:\/\/bienlawfirm.com\/wp-content\/uploads\/2024\/08\/logo.svg\",\"contentUrl\":\"https:\/\/bienlawfirm.com\/wp-content\/uploads\/2024\/08\/logo.svg\",\"width\":1920,\"height\":1080,\"caption\":\"BienLaw\"},\"image\":{\"@id\":\"https:\/\/bienlawfirm.com\/fr\/#\/schema\/logo\/image\/\"}}]}<\/script>\n<!-- \/ Yoast SEO Premium plugin. -->","yoast_head_json":{"title":"\u00c0 Propos - BienLaw","robots":{"index":"index","follow":"follow","max-snippet":"max-snippet:-1","max-image-preview":"max-image-preview:large","max-video-preview":"max-video-preview:-1"},"canonical":"https:\/\/bienlawfirm.com\/fr\/a-propos-de-nous\/","og_locale":"fr_FR","og_type":"article","og_title":"\u00c0 Propos","og_description":"[vc_row full_width=\u00a0\u00bbstretch_row\u00a0\u00bb parallax=\u00a0\u00bbcontent-moving-fade\u00a0\u00bb parallax_image=\u00a0\u00bb8494&Prime; css_animation=\u00a0\u00bbnone\u00a0\u00bb parallax_content=\u00a0\u00bboff\u00a0\u00bb fadeout_row=\u00a0\u00bbfadeout_row_value\u00a0\u00bb fadeout_start_effect=\u00a0\u00bb70&Prime; enable_overlay=\u00a0\u00bbenable_overlay_value\u00a0\u00bb overlay_color=\u00a0\u00bbrgba(17,17,17,0.78)\u00a0\u00bb seperator_enable=\u00a0\u00bboff\u00a0\u00bb css=\u00a0\u00bb.vc_custom_1722511420518{margin-bottom: 0px !important;background-color: #232323 !important;}\u00a0\u00bb][vc_column][vc_single_image image=\u00a0\u00bb9001&Prime; img_size=\u00a0\u00bbfull\u00a0\u00bb alignment=\u00a0\u00bbcenter\u00a0\u00bb css=\u00a0\u00bb.vc_custom_1723230779506{margin-top: 120px !important;}\u00a0\u00bb][\/vc_column][\/vc_row][vc_row css=\u00a0\u00bb.vc_custom_1517662995692{margin-top: 50px !important;}\u00a0\u00bb][vc_column width=\u00a0\u00bb1\/3&Prime; css=\u00a0\u00bb.vc_custom_1517663429983{padding-right: 20px !important;padding-left: 10px !important;}\u00a0\u00bb][vc_column_text css=\u00a0\u00bb.vc_custom_1723491508492{margin-bottom: 0px !important;}\u00a0\u00bb] 01. Conseil Juridique Sp\u00e9cialis\u00e9 [\/vc_column_text][vc_custom_heading text=\u00a0\u00bbVrais Experts\u00a0\u00bb font_container=\u00a0\u00bbtag:p|font_size:16|text_align:left\u00a0\u00bb use_theme_fonts=\u00a0\u00bbyes\u00a0\u00bb css=\u00a0\u00bb.vc_custom_1723491518361{margin-top: 15px !important;margin-bottom: 30px !important;}\u00a0\u00bb][vc_column_text css=\u00a0\u00bb\u00a0\u00bb]BienLaw, avec son \u00e9quipe comp\u00e9tente et dot\u00e9e...","og_url":"https:\/\/bienlawfirm.com\/fr\/a-propos-de-nous\/","og_site_name":"BienLaw","article_modified_time":"2024-08-12T21:26:42+00:00","twitter_card":"summary_large_image","twitter_misc":{"Dur\u00e9e de lecture estim\u00e9e":"6 minutes"},"schema":{"@context":"https:\/\/schema.org","@graph":[{"@type":"WebPage","@id":"https:\/\/bienlawfirm.com\/fr\/a-propos-de-nous\/","url":"https:\/\/bienlawfirm.com\/fr\/a-propos-de-nous\/","name":"\u00c0 Propos - BienLaw","isPartOf":{"@id":"https:\/\/bienlawfirm.com\/fr\/#website"},"datePublished":"2016-12-30T05:19:05+00:00","dateModified":"2024-08-12T21:26:42+00:00","breadcrumb":{"@id":"https:\/\/bienlawfirm.com\/fr\/a-propos-de-nous\/#breadcrumb"},"inLanguage":"fr-FR","potentialAction":[{"@type":"ReadAction","target":["https:\/\/bienlawfirm.com\/fr\/a-propos-de-nous\/"]}]},{"@type":"BreadcrumbList","@id":"https:\/\/bienlawfirm.com\/fr\/a-propos-de-nous\/#breadcrumb","itemListElement":[{"@type":"ListItem","position":1,"name":"Anasayfa","item":"https:\/\/bienlawfirm.com\/fr\/accueil\/"},{"@type":"ListItem","position":2,"name":"\u00c0 Propos"}]},{"@type":"WebSite","@id":"https:\/\/bienlawfirm.com\/fr\/#website","url":"https:\/\/bienlawfirm.com\/fr\/","name":"BienLaw","description":"Hukuk ve Dan\u0131\u015fmanl\u0131k B\u00fcrosu","publisher":{"@id":"https:\/\/bienlawfirm.com\/fr\/#organization"},"potentialAction":[{"@type":"SearchAction","target":{"@type":"EntryPoint","urlTemplate":"https:\/\/bienlawfirm.com\/fr\/?s={search_term_string}"},"query-input":{"@type":"PropertyValueSpecification","valueRequired":true,"valueName":"search_term_string"}}],"inLanguage":"fr-FR"},{"@type":"Organization","@id":"https:\/\/bienlawfirm.com\/fr\/#organization","name":"BienLaw","url":"https:\/\/bienlawfirm.com\/fr\/","logo":{"@type":"ImageObject","inLanguage":"fr-FR","@id":"https:\/\/bienlawfirm.com\/fr\/#\/schema\/logo\/image\/","url":"https:\/\/bienlawfirm.com\/wp-content\/uploads\/2024\/08\/logo.svg","contentUrl":"https:\/\/bienlawfirm.com\/wp-content\/uploads\/2024\/08\/logo.svg","width":1920,"height":1080,"caption":"BienLaw"},"image":{"@id":"https:\/\/bienlawfirm.com\/fr\/#\/schema\/logo\/image\/"}}]}},"_links":{"self":[{"href":"https:\/\/bienlawfirm.com\/fr\/wp-json\/wp\/v2\/pages\/9694","targetHints":{"allow":["GET"]}}],"collection":[{"href":"https:\/\/bienlawfirm.com\/fr\/wp-json\/wp\/v2\/pages"}],"about":[{"href":"https:\/\/bienlawfirm.com\/fr\/wp-json\/wp\/v2\/types\/page"}],"author":[{"embeddable":true,"href":"https:\/\/bienlawfirm.com\/fr\/wp-json\/wp\/v2\/users\/1"}],"replies":[{"embeddable":true,"href":"https:\/\/bienlawfirm.com\/fr\/wp-json\/wp\/v2\/comments?post=9694"}],"version-history":[{"count":5,"href":"https:\/\/bienlawfirm.com\/fr\/wp-json\/wp\/v2\/pages\/9694\/revisions"}],"predecessor-version":[{"id":9730,"href":"https:\/\/bienlawfirm.com\/fr\/wp-json\/wp\/v2\/pages\/9694\/revisions\/9730"}],"wp:attachment":[{"href":"https:\/\/bienlawfirm.com\/fr\/wp-json\/wp\/v2\/media?parent=9694"}],"curies":[{"name":"wp","href":"https:\/\/api.w.org\/{rel}","templated":true}]}}