{"id":9698,"date":"2016-12-30T08:32:15","date_gmt":"2016-12-30T05:32:15","guid":{"rendered":"https:\/\/bienlawfirm.com\/hizmetlerimiz\/"},"modified":"2024-08-13T00:27:51","modified_gmt":"2024-08-12T21:27:51","slug":"services","status":"publish","type":"page","link":"https:\/\/bienlawfirm.com\/fr\/services\/","title":{"rendered":"Services"},"content":{"rendered":"<div class=\"wpb-content-wrapper\"><style type=\"text\/css\" data-type=\"vc_cmsms_shortcodes-custom-css\"><\/style><p>[vc_row full_width=\u00a0\u00bbstretch_row\u00a0\u00bb css=\u00a0\u00bb.vc_custom_1519291204528{margin-bottom: 50px !important;padding-top: 90px !important;}\u00a0\u00bb][vc_column][vc_custom_heading text=\u00a0\u00bbNos Services\u00a0\u00bb font_container=\u00a0\u00bbtag:h2|text_align:center\u00a0\u00bb use_theme_fonts=\u00a0\u00bbyes\u00a0\u00bb css=\u00a0\u00bb\u00a0\u00bb][vc_custom_heading text=\u00a0\u00bbEn tant que BienLaw Cabinet d&rsquo;Avocats et de Conseil, nous offrons une large gamme de services juridiques pour fournir les solutions les plus adapt\u00e9es aux besoins de nos clients. Nous sommes toujours \u00e0 vos c\u00f4t\u00e9s avec notre \u00e9quipe d&rsquo;experts, tant au niveau national qu&rsquo;international.\u00a0\u00bb font_container=\u00a0\u00bbtag:p|text_align:center\u00a0\u00bb use_theme_fonts=\u00a0\u00bbyes\u00a0\u00bb css=\u00a0\u00bb\u00a0\u00bb][\/vc_column][\/vc_row][vc_row css=\u00a0\u00bb.vc_custom_1484123817979{padding-bottom: 80px !important;}\u00a0\u00bb][vc_column][vc_row_inner equal_height=\u00a0\u00bbyes\u00a0\u00bb content_placement=\u00a0\u00bbmiddle\u00a0\u00bb gap=\u00a0\u00bb25&Prime;][vc_column_inner width=\u00a0\u00bb1\/3&Prime; css=\u00a0\u00bb.vc_custom_1484062725992{border-top-width: 1px !important;border-right-width: 1px !important;border-bottom-width: 1px !important;border-left-width: 1px !important;padding-top: 60px !important;padding-right: 30px !important;padding-bottom: 20px !important;padding-left: 30px !important;border-left-color: #e0e0e0 !important;border-left-style: solid !important;border-right-color: #e0e0e0 !important;border-right-style: solid !important;border-top-color: #e0e0e0 !important;border-top-style: solid !important;border-bottom-color: #e0e0e0 !important;border-bottom-style: solid !important;}\u00a0\u00bb][vc_single_image image=\u00a0\u00bb8635&Prime; img_size=\u00a0\u00bbfull\u00a0\u00bb css=\u00a0\u00bb\u00a0\u00bb][vc_custom_heading text=\u00a0\u00bbDroit des Investissements \u00c9trangers Directs\u00a0\u00bb font_container=\u00a0\u00bbtag:h6|font_size:20|text_align:center|color:%23d6c399&Prime; google_fonts=\u00a0\u00bbfont_family:PT%20Serif%3Aregular%2Citalic%2C700%2C700italic|font_style:700%20bold%20italic%3A700%3Aitalic\u00a0\u00bb css=\u00a0\u00bb.vc_custom_1723493020675{margin-bottom: -15px !important;}\u00a0\u00bb][vc_custom_heading text=\u00a0\u00bb<b>Conseils d&rsquo;Experts pour Vos Investissements \u00c9trangers<\/b><br \/>\nNous offrons des services de conseil complets pour s\u00e9curiser vos investissements \u00e9trangers et g\u00e9rer vos processus juridiques sans accroc. En r\u00e9pondant \u00e0 toutes les exigences l\u00e9gales de vos investissements en Turquie, nous facilitons vos processus d&rsquo;investissement.\u00a0\u00bb font_container=\u00a0\u00bbtag:h2|font_size:16|text_align:center|color:%23898989|line_height:28%20px\u00a0\u00bb google_fonts=\u00a0\u00bbfont_family:PT%20Serif%3Aregular%2Citalic%2C700%2C700italic|font_style:400%20italic%3A400%3Aitalic\u00a0\u00bb css=\u00a0\u00bb.vc_custom_1723493036140{margin-top: 30px !important;}\u00a0\u00bb][\/vc_column_inner][vc_column_inner width=\u00a0\u00bb1\/3&Prime; css=\u00a0\u00bb.vc_custom_1484063404167{border-top-width: 1px !important;border-right-width: 1px !important;border-bottom-width: 1px !important;border-left-width: 1px !important;padding-top: 60px !important;padding-right: 30px !important;padding-bottom: 20px !important;padding-left: 30px !important;border-left-color: #e0e0e0 !important;border-left-style: solid !important;border-right-color: #e0e0e0 !important;border-right-style: solid !important;border-top-color: #e0e0e0 !important;border-top-style: solid !important;border-bottom-color: #e0e0e0 !important;border-bottom-style: solid !important;}\u00a0\u00bb][vc_single_image image=\u00a0\u00bb8636&Prime; img_size=\u00a0\u00bbfull\u00a0\u00bb css=\u00a0\u00bb\u00a0\u00bb][vc_custom_heading text=\u00a0\u00bbDroit des Soci\u00e9t\u00e9s et du Commerce\u00a0\u00bb font_container=\u00a0\u00bbtag:h6|font_size:20|text_align:center|color:%23d6c399&Prime; google_fonts=\u00a0\u00bbfont_family:PT%20Serif%3Aregular%2Citalic%2C700%2C700italic|font_style:700%20bold%20italic%3A700%3Aitalic\u00a0\u00bb css=\u00a0\u00bb.vc_custom_1723493042381{margin-bottom: -15px !important;}\u00a0\u00bb][vc_custom_heading text=\u00a0\u00bb<b>Soutien Total pour Vos Activit\u00e9s Commerciales<\/b><br \/>\nNous fournissons un soutien juridique expert pour toutes vos transactions commerciales, y compris la cr\u00e9ation d&rsquo;entreprises, les fusions, les acquisitions et les contrats commerciaux. En r\u00e9pondant professionnellement \u00e0 tous les besoins juridiques de votre entreprise, nous veillons \u00e0 ce que vos processus commerciaux se d\u00e9roulent sans encombre.\u00a0\u00bb font_container=\u00a0\u00bbtag:h2|font_size:16|text_align:center|color:%23898989|line_height:28%20px\u00a0\u00bb google_fonts=\u00a0\u00bbfont_family:PT%20Serif%3Aregular%2Citalic%2C700%2C700italic|font_style:400%20italic%3A400%3Aitalic\u00a0\u00bb css=\u00a0\u00bb.vc_custom_1723493057754{margin-top: 30px !important;}\u00a0\u00bb][\/vc_column_inner][vc_column_inner width=\u00a0\u00bb1\/3&Prime; css=\u00a0\u00bb.vc_custom_1723248579813{border-right-width: 1px !important;border-bottom-width: 1px !important;border-left-width: 1px !important;padding-right: 30px !important;padding-bottom: 20px !important;padding-left: 30px !important;border-left-style: solid !important;border-right-style: solid !important;border-bottom-style: solid !important;border-color: #e0e0e0 !important;}\u00a0\u00bb][vc_single_image image=\u00a0\u00bb8633&Prime; img_size=\u00a0\u00bbfull\u00a0\u00bb css=\u00a0\u00bb\u00a0\u00bb][vc_custom_heading text=\u00a0\u00bbDroit de la Propri\u00e9t\u00e9 Intellectuelle\u00a0\u00bb font_container=\u00a0\u00bbtag:h6|font_size:20|text_align:center|color:%23d6c399&Prime; google_fonts=\u00a0\u00bbfont_family:PT%20Serif%3Aregular%2Citalic%2C700%2C700italic|font_style:700%20bold%20italic%3A700%3Aitalic\u00a0\u00bb css=\u00a0\u00bb.vc_custom_1723493090563{margin-bottom: -15px !important;}\u00a0\u00bb][vc_custom_heading text=\u00a0\u00bb<b>Nous Prot\u00e9geons Vos Droits de Propri\u00e9t\u00e9 Intellectuelle<\/b><br \/>\nNous s\u00e9curisons vos marques, brevets et droits d&rsquo;auteur, prot\u00e9geant ainsi vos \u0153uvres cr\u00e9atives. Nous sommes \u00e0 vos c\u00f4t\u00e9s pour pr\u00e9venir la violation de vos droits de propri\u00e9t\u00e9 intellectuelle et d\u00e9fendre vos droits de la meilleure mani\u00e8re possible.\u00a0\u00bb font_container=\u00a0\u00bbtag:h2|font_size:16|text_align:center|color:%23898989|line_height:28%20px\u00a0\u00bb google_fonts=\u00a0\u00bbfont_family:PT%20Serif%3Aregular%2Citalic%2C700%2C700italic|font_style:400%20italic%3A400%3Aitalic\u00a0\u00bb css=\u00a0\u00bb.vc_custom_1723493081502{margin-top: 30px !important;}\u00a0\u00bb][\/vc_column_inner][\/vc_row_inner][vc_row_inner equal_height=\u00a0\u00bbyes\u00a0\u00bb content_placement=\u00a0\u00bbmiddle\u00a0\u00bb gap=\u00a0\u00bb25&Prime; css=\u00a0\u00bb.vc_custom_1517494986377{margin-bottom: 50px !important;}\u00a0\u00bb][vc_column_inner width=\u00a0\u00bb1\/3&Prime; css=\u00a0\u00bb.vc_custom_1484062725992{border-top-width: 1px !important;border-right-width: 1px !important;border-bottom-width: 1px !important;border-left-width: 1px !important;padding-top: 60px !important;padding-right: 30px !important;padding-bottom: 20px !important;padding-left: 30px !important;border-left-color: #e0e0e0 !important;border-left-style: solid !important;border-right-color: #e0e0e0 !important;border-right-style: solid !important;border-top-color: #e0e0e0 !important;border-top-style: solid !important;border-bottom-color: #e0e0e0 !important;border-bottom-style: solid !important;}\u00a0\u00bb][vc_single_image image=\u00a0\u00bb8637&Prime; img_size=\u00a0\u00bbfull\u00a0\u00bb css=\u00a0\u00bb\u00a0\u00bb][vc_custom_heading text=\u00a0\u00bbDroit des \u00c9trangers\u00a0\u00bb font_container=\u00a0\u00bbtag:h6|font_size:20|text_align:center|color:%23d6c399&Prime; google_fonts=\u00a0\u00bbfont_family:PT%20Serif%3Aregular%2Citalic%2C700%2C700italic|font_style:700%20bold%20italic%3A700%3Aitalic\u00a0\u00bb css=\u00a0\u00bb.vc_custom_1723493100283{margin-bottom: -15px !important;}\u00a0\u00bb][vc_custom_heading text=\u00a0\u00bb<b>Soutien Juridique Complet pour Nos Clients \u00c9trangers<\/b><br \/>\nNous fournissons des conseils d&rsquo;experts sur les questions de r\u00e9sidence, de permis de travail et de citoyennet\u00e9 en Turquie. En suivant de pr\u00e8s les processus juridiques de nos clients \u00e9trangers, nous offrons les solutions les plus adapt\u00e9es \u00e0 leurs besoins.\u00a0\u00bb font_container=\u00a0\u00bbtag:h2|font_size:16|text_align:center|color:%23898989|line_height:28%20px\u00a0\u00bb google_fonts=\u00a0\u00bbfont_family:PT%20Serif%3Aregular%2Citalic%2C700%2C700italic|font_style:400%20italic%3A400%3Aitalic\u00a0\u00bb css=\u00a0\u00bb.vc_custom_1723493123907{margin-top: 30px !important;}\u00a0\u00bb][\/vc_column_inner][vc_column_inner width=\u00a0\u00bb1\/3&Prime; css=\u00a0\u00bb.vc_custom_1484063404167{border-top-width: 1px !important;border-right-width: 1px !important;border-bottom-width: 1px !important;border-left-width: 1px !important;padding-top: 60px !important;padding-right: 30px !important;padding-bottom: 20px !important;padding-left: 30px !important;border-left-color: #e0e0e0 !important;border-left-style: solid !important;border-right-color: #e0e0e0 !important;border-right-style: solid !important;border-top-color: #e0e0e0 !important;border-top-style: solid !important;border-bottom-color: #e0e0e0 !important;border-bottom-style: solid !important;}\u00a0\u00bb][vc_single_image image=\u00a0\u00bb8639&Prime; img_size=\u00a0\u00bbfull\u00a0\u00bb css=\u00a0\u00bb\u00a0\u00bb][vc_custom_heading text=\u00a0\u00bbDroit de la Construction et de l&rsquo;Immobilier\u00a0\u00bb font_container=\u00a0\u00bbtag:h6|font_size:20|text_align:center|color:%23d6c399&Prime; google_fonts=\u00a0\u00bbfont_family:PT%20Serif%3Aregular%2Citalic%2C700%2C700italic|font_style:700%20bold%20italic%3A700%3Aitalic\u00a0\u00bb css=\u00a0\u00bb.vc_custom_1723493133069{margin-bottom: -15px !important;}\u00a0\u00bb][vc_custom_heading text=\u00a0\u00bb<b>Conseils Juridiques pour Vos Projets de Construction et d&rsquo;Immobilier<\/b><br \/>\nNous offrons des conseils juridiques \u00e0 chaque \u00e9tape de vos projets de construction et d&rsquo;immobilier. En g\u00e9rant les risques juridiques tout au long des processus, de la planification \u00e0 l&rsquo;ach\u00e8vement, nous veillons \u00e0 la r\u00e9ussite de vos projets.\u00a0\u00bb font_container=\u00a0\u00bbtag:h2|font_size:16|text_align:center|color:%23898989|line_height:28%20px\u00a0\u00bb google_fonts=\u00a0\u00bbfont_family:PT%20Serif%3Aregular%2Citalic%2C700%2C700italic|font_style:400%20italic%3A400%3Aitalic\u00a0\u00bb css=\u00a0\u00bb.vc_custom_1723493152587{margin-top: 30px !important;}\u00a0\u00bb][\/vc_column_inner][vc_column_inner width=\u00a0\u00bb1\/3&Prime; css=\u00a0\u00bb.vc_custom_1484063454134{border-top-width: 1px !important;border-right-width: 1px !important;border-bottom-width: 1px !important;border-left-width: 1px !important;padding-top: 60px !important;padding-right: 30px !important;padding-bottom: 20px !important;padding-left: 30px !important;border-left-color: #e0e0e0 !important;border-left-style: solid !important;border-right-color: #e0e0e0 !important;border-right-style: solid !important;border-top-color: #e0e0e0 !important;border-top-style: solid !important;border-bottom-color: #e0e0e0 !important;border-bottom-style: solid !important;}\u00a0\u00bb][\/vc_column_inner][\/vc_row_inner][\/vc_column][\/vc_row]<\/p>\n<\/div>","protected":false},"excerpt":{"rendered":"<p>[vc_row full_width=\u00a0\u00bbstretch_row\u00a0\u00bb css=\u00a0\u00bb.vc_custom_1519291204528{margin-bottom: 50px !important;padding-top: 90px !important;}\u00a0\u00bb][vc_column][vc_custom_heading text=\u00a0\u00bbNos Services\u00a0\u00bb font_container=\u00a0\u00bbtag:h2|text_align:center\u00a0\u00bb use_theme_fonts=\u00a0\u00bbyes\u00a0\u00bb css=\u00a0\u00bb\u00a0\u00bb][vc_custom_heading text=\u00a0\u00bbEn tant que BienLaw Cabinet d&rsquo;Avocats et de Conseil, nous offrons une large gamme de services juridiques pour fournir les solutions les plus adapt\u00e9es aux besoins de nos clients. Nous sommes toujours \u00e0 vos c\u00f4t\u00e9s avec notre \u00e9quipe d&rsquo;experts, tant au niveau national&#8230;<\/p>\n","protected":false},"author":1,"featured_media":0,"parent":0,"menu_order":0,"comment_status":"closed","ping_status":"closed","template":"","meta":{"footnotes":""},"class_list":["post-9698","page","type-page","status-publish","hentry"],"yoast_head":"<!-- This site is optimized with the Yoast SEO Premium plugin v23.8 (Yoast SEO v23.8) - https:\/\/yoast.com\/wordpress\/plugins\/seo\/ -->\n<title>Services - BienLaw<\/title>\n<meta name=\"robots\" content=\"index, follow, max-snippet:-1, max-image-preview:large, max-video-preview:-1\" \/>\n<link rel=\"canonical\" href=\"https:\/\/bienlawfirm.com\/fr\/services\/\" \/>\n<meta property=\"og:locale\" content=\"fr_FR\" \/>\n<meta property=\"og:type\" content=\"article\" \/>\n<meta property=\"og:title\" content=\"Services\" \/>\n<meta property=\"og:description\" content=\"[vc_row full_width=\u00a0\u00bbstretch_row\u00a0\u00bb css=\u00a0\u00bb.vc_custom_1519291204528{margin-bottom: 50px !important;padding-top: 90px !important;}\u00a0\u00bb][vc_column][vc_custom_heading text=\u00a0\u00bbNos Services\u00a0\u00bb font_container=\u00a0\u00bbtag:h2|text_align:center\u00a0\u00bb use_theme_fonts=\u00a0\u00bbyes\u00a0\u00bb css=\u00a0\u00bb\u00a0\u00bb][vc_custom_heading text=\u00a0\u00bbEn tant que BienLaw Cabinet d&rsquo;Avocats et de Conseil, nous offrons une large gamme de services juridiques pour fournir les solutions les plus adapt\u00e9es aux besoins de nos clients. Nous sommes toujours \u00e0 vos c\u00f4t\u00e9s avec notre \u00e9quipe d&rsquo;experts, tant au niveau national...\" \/>\n<meta property=\"og:url\" content=\"https:\/\/bienlawfirm.com\/fr\/services\/\" \/>\n<meta property=\"og:site_name\" content=\"BienLaw\" \/>\n<meta property=\"article:modified_time\" content=\"2024-08-12T21:27:51+00:00\" \/>\n<meta name=\"twitter:card\" content=\"summary_large_image\" \/>\n<meta name=\"twitter:label1\" content=\"Dur\u00e9e de lecture estim\u00e9e\" \/>\n\t<meta name=\"twitter:data1\" content=\"6 minutes\" \/>\n<script type=\"application\/ld+json\" class=\"yoast-schema-graph\">{\"@context\":\"https:\/\/schema.org\",\"@graph\":[{\"@type\":\"WebPage\",\"@id\":\"https:\/\/bienlawfirm.com\/fr\/services\/\",\"url\":\"https:\/\/bienlawfirm.com\/fr\/services\/\",\"name\":\"Services - BienLaw\",\"isPartOf\":{\"@id\":\"https:\/\/bienlawfirm.com\/fr\/#website\"},\"datePublished\":\"2016-12-30T05:32:15+00:00\",\"dateModified\":\"2024-08-12T21:27:51+00:00\",\"breadcrumb\":{\"@id\":\"https:\/\/bienlawfirm.com\/fr\/services\/#breadcrumb\"},\"inLanguage\":\"fr-FR\",\"potentialAction\":[{\"@type\":\"ReadAction\",\"target\":[\"https:\/\/bienlawfirm.com\/fr\/services\/\"]}]},{\"@type\":\"BreadcrumbList\",\"@id\":\"https:\/\/bienlawfirm.com\/fr\/services\/#breadcrumb\",\"itemListElement\":[{\"@type\":\"ListItem\",\"position\":1,\"name\":\"Anasayfa\",\"item\":\"https:\/\/bienlawfirm.com\/fr\/accueil\/\"},{\"@type\":\"ListItem\",\"position\":2,\"name\":\"Services\"}]},{\"@type\":\"WebSite\",\"@id\":\"https:\/\/bienlawfirm.com\/fr\/#website\",\"url\":\"https:\/\/bienlawfirm.com\/fr\/\",\"name\":\"BienLaw\",\"description\":\"Hukuk ve Dan\u0131\u015fmanl\u0131k B\u00fcrosu\",\"publisher\":{\"@id\":\"https:\/\/bienlawfirm.com\/fr\/#organization\"},\"potentialAction\":[{\"@type\":\"SearchAction\",\"target\":{\"@type\":\"EntryPoint\",\"urlTemplate\":\"https:\/\/bienlawfirm.com\/fr\/?s={search_term_string}\"},\"query-input\":{\"@type\":\"PropertyValueSpecification\",\"valueRequired\":true,\"valueName\":\"search_term_string\"}}],\"inLanguage\":\"fr-FR\"},{\"@type\":\"Organization\",\"@id\":\"https:\/\/bienlawfirm.com\/fr\/#organization\",\"name\":\"BienLaw\",\"url\":\"https:\/\/bienlawfirm.com\/fr\/\",\"logo\":{\"@type\":\"ImageObject\",\"inLanguage\":\"fr-FR\",\"@id\":\"https:\/\/bienlawfirm.com\/fr\/#\/schema\/logo\/image\/\",\"url\":\"https:\/\/bienlawfirm.com\/wp-content\/uploads\/2024\/08\/logo.svg\",\"contentUrl\":\"https:\/\/bienlawfirm.com\/wp-content\/uploads\/2024\/08\/logo.svg\",\"width\":1920,\"height\":1080,\"caption\":\"BienLaw\"},\"image\":{\"@id\":\"https:\/\/bienlawfirm.com\/fr\/#\/schema\/logo\/image\/\"}}]}<\/script>\n<!-- \/ Yoast SEO Premium plugin. -->","yoast_head_json":{"title":"Services - BienLaw","robots":{"index":"index","follow":"follow","max-snippet":"max-snippet:-1","max-image-preview":"max-image-preview:large","max-video-preview":"max-video-preview:-1"},"canonical":"https:\/\/bienlawfirm.com\/fr\/services\/","og_locale":"fr_FR","og_type":"article","og_title":"Services","og_description":"[vc_row full_width=\u00a0\u00bbstretch_row\u00a0\u00bb css=\u00a0\u00bb.vc_custom_1519291204528{margin-bottom: 50px !important;padding-top: 90px !important;}\u00a0\u00bb][vc_column][vc_custom_heading text=\u00a0\u00bbNos Services\u00a0\u00bb font_container=\u00a0\u00bbtag:h2|text_align:center\u00a0\u00bb use_theme_fonts=\u00a0\u00bbyes\u00a0\u00bb css=\u00a0\u00bb\u00a0\u00bb][vc_custom_heading text=\u00a0\u00bbEn tant que BienLaw Cabinet d&rsquo;Avocats et de Conseil, nous offrons une large gamme de services juridiques pour fournir les solutions les plus adapt\u00e9es aux besoins de nos clients. Nous sommes toujours \u00e0 vos c\u00f4t\u00e9s avec notre \u00e9quipe d&rsquo;experts, tant au niveau national...","og_url":"https:\/\/bienlawfirm.com\/fr\/services\/","og_site_name":"BienLaw","article_modified_time":"2024-08-12T21:27:51+00:00","twitter_card":"summary_large_image","twitter_misc":{"Dur\u00e9e de lecture estim\u00e9e":"6 minutes"},"schema":{"@context":"https:\/\/schema.org","@graph":[{"@type":"WebPage","@id":"https:\/\/bienlawfirm.com\/fr\/services\/","url":"https:\/\/bienlawfirm.com\/fr\/services\/","name":"Services - BienLaw","isPartOf":{"@id":"https:\/\/bienlawfirm.com\/fr\/#website"},"datePublished":"2016-12-30T05:32:15+00:00","dateModified":"2024-08-12T21:27:51+00:00","breadcrumb":{"@id":"https:\/\/bienlawfirm.com\/fr\/services\/#breadcrumb"},"inLanguage":"fr-FR","potentialAction":[{"@type":"ReadAction","target":["https:\/\/bienlawfirm.com\/fr\/services\/"]}]},{"@type":"BreadcrumbList","@id":"https:\/\/bienlawfirm.com\/fr\/services\/#breadcrumb","itemListElement":[{"@type":"ListItem","position":1,"name":"Anasayfa","item":"https:\/\/bienlawfirm.com\/fr\/accueil\/"},{"@type":"ListItem","position":2,"name":"Services"}]},{"@type":"WebSite","@id":"https:\/\/bienlawfirm.com\/fr\/#website","url":"https:\/\/bienlawfirm.com\/fr\/","name":"BienLaw","description":"Hukuk ve Dan\u0131\u015fmanl\u0131k B\u00fcrosu","publisher":{"@id":"https:\/\/bienlawfirm.com\/fr\/#organization"},"potentialAction":[{"@type":"SearchAction","target":{"@type":"EntryPoint","urlTemplate":"https:\/\/bienlawfirm.com\/fr\/?s={search_term_string}"},"query-input":{"@type":"PropertyValueSpecification","valueRequired":true,"valueName":"search_term_string"}}],"inLanguage":"fr-FR"},{"@type":"Organization","@id":"https:\/\/bienlawfirm.com\/fr\/#organization","name":"BienLaw","url":"https:\/\/bienlawfirm.com\/fr\/","logo":{"@type":"ImageObject","inLanguage":"fr-FR","@id":"https:\/\/bienlawfirm.com\/fr\/#\/schema\/logo\/image\/","url":"https:\/\/bienlawfirm.com\/wp-content\/uploads\/2024\/08\/logo.svg","contentUrl":"https:\/\/bienlawfirm.com\/wp-content\/uploads\/2024\/08\/logo.svg","width":1920,"height":1080,"caption":"BienLaw"},"image":{"@id":"https:\/\/bienlawfirm.com\/fr\/#\/schema\/logo\/image\/"}}]}},"_links":{"self":[{"href":"https:\/\/bienlawfirm.com\/fr\/wp-json\/wp\/v2\/pages\/9698","targetHints":{"allow":["GET"]}}],"collection":[{"href":"https:\/\/bienlawfirm.com\/fr\/wp-json\/wp\/v2\/pages"}],"about":[{"href":"https:\/\/bienlawfirm.com\/fr\/wp-json\/wp\/v2\/types\/page"}],"author":[{"embeddable":true,"href":"https:\/\/bienlawfirm.com\/fr\/wp-json\/wp\/v2\/users\/1"}],"replies":[{"embeddable":true,"href":"https:\/\/bienlawfirm.com\/fr\/wp-json\/wp\/v2\/comments?post=9698"}],"version-history":[{"count":6,"href":"https:\/\/bienlawfirm.com\/fr\/wp-json\/wp\/v2\/pages\/9698\/revisions"}],"predecessor-version":[{"id":9732,"href":"https:\/\/bienlawfirm.com\/fr\/wp-json\/wp\/v2\/pages\/9698\/revisions\/9732"}],"wp:attachment":[{"href":"https:\/\/bienlawfirm.com\/fr\/wp-json\/wp\/v2\/media?parent=9698"}],"curies":[{"name":"wp","href":"https:\/\/api.w.org\/{rel}","templated":true}]}}