{"id":9703,"date":"2011-05-20T18:51:43","date_gmt":"2011-05-20T15:51:43","guid":{"rendered":"https:\/\/bienlawfirm.com\/yayinlar\/"},"modified":"2024-08-13T00:28:01","modified_gmt":"2024-08-12T21:28:01","slug":"publications","status":"publish","type":"page","link":"https:\/\/bienlawfirm.com\/fr\/publications\/","title":{"rendered":"Publications"},"content":{"rendered":"<div class=\"wpb-content-wrapper\"><style type=\"text\/css\" data-type=\"vc_cmsms_shortcodes-custom-css\"><\/style><p>[vc_row css=\u00a0\u00bb.vc_custom_1519641791076{margin-top: 70px !important;margin-bottom: 60px !important;}\u00a0\u00bb][vc_column][vc_tta_tabs alignment=\u00a0\u00bbcenter\u00a0\u00bb active_section=\u00a0\u00bb1&Prime;][vc_tta_section title=\u00a0\u00bbBlog\u00a0\u00bb tab_id=\u00a0\u00bb1519291492503-cdfcc33d-3879&Prime;][vc_basic_grid post_type=\u00a0\u00bbpost\u00a0\u00bb max_items=\u00a0\u00bb-1&Prime; item=\u00a0\u00bbbasicGrid_SlideFromLeft\u00a0\u00bb css=\u00a0\u00bb\u00a0\u00bb grid_id=\u00a0\u00bbvc_gid:1723491429314-848a25c3e7ef54f3ad61dd17b0501e41-0&Prime; taxonomies=\u00a0\u00bb1&Prime;][\/vc_tta_section][vc_tta_section title=\u00a0\u00bbAnalyse des d\u00e9cisions judiciaires\u00a0\u00bb tab_id=\u00a0\u00bb1519291492527-5a8e40b7-6dd1&Prime;][vc_basic_grid post_type=\u00a0\u00bbpost\u00a0\u00bb max_items=\u00a0\u00bb-1&Prime; element_width=\u00a0\u00bb3&Prime; item=\u00a0\u00bbcmsms_GridProject\u00a0\u00bb css=\u00a0\u00bb.vc_custom_1722535814444{margin-top: 20px !important;}\u00a0\u00bb grid_id=\u00a0\u00bbvc_gid:1723491429324-a39544aaa35d9a912a5c55ef9b47ea65-0&Prime; taxonomies=\u00a0\u00bb31&Prime;][\/vc_tta_section][vc_tta_section title=\u00a0\u00bbVid\u00e9os\u00a0\u00bb tab_id=\u00a0\u00bb1519292081756-ba92f6a9-29eb\u00a0\u00bb][vc_basic_grid post_type=\u00a0\u00bbpost\u00a0\u00bb max_items=\u00a0\u00bb-1&Prime; element_width=\u00a0\u00bb3&Prime; item=\u00a0\u00bbcmsms_GridPost\u00a0\u00bb css=\u00a0\u00bb.vc_custom_1722535798365{margin-top: 20px !important;}\u00a0\u00bb grid_id=\u00a0\u00bbvc_gid:1723491429331-cf3135a85457f3dc17f7b90cea3ee6da-8&Prime; exclude=\u00a0\u00bb2418&Prime; taxonomies=\u00a0\u00bb32&Prime;][\/vc_tta_section][\/vc_tta_tabs][\/vc_column][\/vc_row]<\/p>\n<\/div>","protected":false},"excerpt":{"rendered":"<p>[vc_row css=\u00a0\u00bb.vc_custom_1519641791076{margin-top: 70px !important;margin-bottom: 60px !important;}\u00a0\u00bb][vc_column][vc_tta_tabs alignment=\u00a0\u00bbcenter\u00a0\u00bb active_section=\u00a0\u00bb1&Prime;][vc_tta_section title=\u00a0\u00bbBlog\u00a0\u00bb tab_id=\u00a0\u00bb1519291492503-cdfcc33d-3879&Prime;][vc_basic_grid post_type=\u00a0\u00bbpost\u00a0\u00bb max_items=\u00a0\u00bb-1&Prime; item=\u00a0\u00bbbasicGrid_SlideFromLeft\u00a0\u00bb css=\u00a0\u00bb\u00a0\u00bb grid_id=\u00a0\u00bbvc_gid:1723491429314-848a25c3e7ef54f3ad61dd17b0501e41-0&Prime; taxonomies=\u00a0\u00bb1&Prime;][\/vc_tta_section][vc_tta_section title=\u00a0\u00bbAnalyse des d\u00e9cisions judiciaires\u00a0\u00bb tab_id=\u00a0\u00bb1519291492527-5a8e40b7-6dd1&Prime;][vc_basic_grid post_type=\u00a0\u00bbpost\u00a0\u00bb max_items=\u00a0\u00bb-1&Prime; element_width=\u00a0\u00bb3&Prime; item=\u00a0\u00bbcmsms_GridProject\u00a0\u00bb css=\u00a0\u00bb.vc_custom_1722535814444{margin-top: 20px !important;}\u00a0\u00bb grid_id=\u00a0\u00bbvc_gid:1723491429324-a39544aaa35d9a912a5c55ef9b47ea65-0&Prime; taxonomies=\u00a0\u00bb31&Prime;][\/vc_tta_section][vc_tta_section title=\u00a0\u00bbVid\u00e9os\u00a0\u00bb tab_id=\u00a0\u00bb1519292081756-ba92f6a9-29eb\u00a0\u00bb][vc_basic_grid post_type=\u00a0\u00bbpost\u00a0\u00bb max_items=\u00a0\u00bb-1&Prime; element_width=\u00a0\u00bb3&Prime; item=\u00a0\u00bbcmsms_GridPost\u00a0\u00bb css=\u00a0\u00bb.vc_custom_1722535798365{margin-top: 20px !important;}\u00a0\u00bb grid_id=\u00a0\u00bbvc_gid:1723491429331-cf3135a85457f3dc17f7b90cea3ee6da-8&Prime; exclude=\u00a0\u00bb2418&Prime; taxonomies=\u00a0\u00bb32&Prime;][\/vc_tta_section][\/vc_tta_tabs][\/vc_column][\/vc_row]<\/p>\n","protected":false},"author":1,"featured_media":0,"parent":0,"menu_order":0,"comment_status":"closed","ping_status":"closed","template":"","meta":{"footnotes":""},"class_list":["post-9703","page","type-page","status-publish","hentry"],"yoast_head":"<!-- This site is optimized with the Yoast SEO Premium plugin v23.8 (Yoast SEO v23.8) - https:\/\/yoast.com\/wordpress\/plugins\/seo\/ -->\n<title>Publications - BienLaw<\/title>\n<meta name=\"robots\" content=\"index, follow, max-snippet:-1, max-image-preview:large, max-video-preview:-1\" \/>\n<link rel=\"canonical\" href=\"https:\/\/bienlawfirm.com\/fr\/publications\/\" \/>\n<meta property=\"og:locale\" content=\"fr_FR\" \/>\n<meta property=\"og:type\" content=\"article\" \/>\n<meta property=\"og:title\" content=\"Publications\" \/>\n<meta property=\"og:description\" content=\"[vc_row css=\u00a0\u00bb.vc_custom_1519641791076{margin-top: 70px !important;margin-bottom: 60px !important;}\u00a0\u00bb][vc_column][vc_tta_tabs alignment=\u00a0\u00bbcenter\u00a0\u00bb active_section=\u00a0\u00bb1&Prime;][vc_tta_section title=\u00a0\u00bbBlog\u00a0\u00bb tab_id=\u00a0\u00bb1519291492503-cdfcc33d-3879&Prime;][vc_basic_grid post_type=\u00a0\u00bbpost\u00a0\u00bb max_items=\u00a0\u00bb-1&Prime; item=\u00a0\u00bbbasicGrid_SlideFromLeft\u00a0\u00bb css=\u00a0\u00bb\u00a0\u00bb grid_id=\u00a0\u00bbvc_gid:1723491429314-848a25c3e7ef54f3ad61dd17b0501e41-0&Prime; taxonomies=\u00a0\u00bb1&Prime;][\/vc_tta_section][vc_tta_section title=\u00a0\u00bbAnalyse des d\u00e9cisions judiciaires\u00a0\u00bb tab_id=\u00a0\u00bb1519291492527-5a8e40b7-6dd1&Prime;][vc_basic_grid post_type=\u00a0\u00bbpost\u00a0\u00bb max_items=\u00a0\u00bb-1&Prime; element_width=\u00a0\u00bb3&Prime; item=\u00a0\u00bbcmsms_GridProject\u00a0\u00bb css=\u00a0\u00bb.vc_custom_1722535814444{margin-top: 20px !important;}\u00a0\u00bb grid_id=\u00a0\u00bbvc_gid:1723491429324-a39544aaa35d9a912a5c55ef9b47ea65-0&Prime; taxonomies=\u00a0\u00bb31&Prime;][\/vc_tta_section][vc_tta_section title=\u00a0\u00bbVid\u00e9os\u00a0\u00bb tab_id=\u00a0\u00bb1519292081756-ba92f6a9-29eb\u00a0\u00bb][vc_basic_grid post_type=\u00a0\u00bbpost\u00a0\u00bb max_items=\u00a0\u00bb-1&Prime; element_width=\u00a0\u00bb3&Prime; item=\u00a0\u00bbcmsms_GridPost\u00a0\u00bb css=\u00a0\u00bb.vc_custom_1722535798365{margin-top: 20px !important;}\u00a0\u00bb grid_id=\u00a0\u00bbvc_gid:1723491429331-cf3135a85457f3dc17f7b90cea3ee6da-8&Prime; exclude=\u00a0\u00bb2418&Prime; taxonomies=\u00a0\u00bb32&Prime;][\/vc_tta_section][\/vc_tta_tabs][\/vc_column][\/vc_row]\" \/>\n<meta property=\"og:url\" content=\"https:\/\/bienlawfirm.com\/fr\/publications\/\" \/>\n<meta property=\"og:site_name\" content=\"BienLaw\" \/>\n<meta property=\"article:modified_time\" content=\"2024-08-12T21:28:01+00:00\" \/>\n<meta name=\"twitter:card\" content=\"summary_large_image\" \/>\n<meta name=\"twitter:label1\" content=\"Dur\u00e9e de lecture estim\u00e9e\" \/>\n\t<meta name=\"twitter:data1\" content=\"1 minute\" \/>\n<script type=\"application\/ld+json\" class=\"yoast-schema-graph\">{\"@context\":\"https:\/\/schema.org\",\"@graph\":[{\"@type\":\"WebPage\",\"@id\":\"https:\/\/bienlawfirm.com\/fr\/publications\/\",\"url\":\"https:\/\/bienlawfirm.com\/fr\/publications\/\",\"name\":\"Publications - BienLaw\",\"isPartOf\":{\"@id\":\"https:\/\/bienlawfirm.com\/fr\/#website\"},\"datePublished\":\"2011-05-20T15:51:43+00:00\",\"dateModified\":\"2024-08-12T21:28:01+00:00\",\"breadcrumb\":{\"@id\":\"https:\/\/bienlawfirm.com\/fr\/publications\/#breadcrumb\"},\"inLanguage\":\"fr-FR\",\"potentialAction\":[{\"@type\":\"ReadAction\",\"target\":[\"https:\/\/bienlawfirm.com\/fr\/publications\/\"]}]},{\"@type\":\"BreadcrumbList\",\"@id\":\"https:\/\/bienlawfirm.com\/fr\/publications\/#breadcrumb\",\"itemListElement\":[{\"@type\":\"ListItem\",\"position\":1,\"name\":\"Anasayfa\",\"item\":\"https:\/\/bienlawfirm.com\/fr\/accueil\/\"},{\"@type\":\"ListItem\",\"position\":2,\"name\":\"Publications\"}]},{\"@type\":\"WebSite\",\"@id\":\"https:\/\/bienlawfirm.com\/fr\/#website\",\"url\":\"https:\/\/bienlawfirm.com\/fr\/\",\"name\":\"BienLaw\",\"description\":\"Hukuk ve Dan\u0131\u015fmanl\u0131k B\u00fcrosu\",\"publisher\":{\"@id\":\"https:\/\/bienlawfirm.com\/fr\/#organization\"},\"potentialAction\":[{\"@type\":\"SearchAction\",\"target\":{\"@type\":\"EntryPoint\",\"urlTemplate\":\"https:\/\/bienlawfirm.com\/fr\/?s={search_term_string}\"},\"query-input\":{\"@type\":\"PropertyValueSpecification\",\"valueRequired\":true,\"valueName\":\"search_term_string\"}}],\"inLanguage\":\"fr-FR\"},{\"@type\":\"Organization\",\"@id\":\"https:\/\/bienlawfirm.com\/fr\/#organization\",\"name\":\"BienLaw\",\"url\":\"https:\/\/bienlawfirm.com\/fr\/\",\"logo\":{\"@type\":\"ImageObject\",\"inLanguage\":\"fr-FR\",\"@id\":\"https:\/\/bienlawfirm.com\/fr\/#\/schema\/logo\/image\/\",\"url\":\"https:\/\/bienlawfirm.com\/wp-content\/uploads\/2024\/08\/logo.svg\",\"contentUrl\":\"https:\/\/bienlawfirm.com\/wp-content\/uploads\/2024\/08\/logo.svg\",\"width\":1920,\"height\":1080,\"caption\":\"BienLaw\"},\"image\":{\"@id\":\"https:\/\/bienlawfirm.com\/fr\/#\/schema\/logo\/image\/\"}}]}<\/script>\n<!-- \/ Yoast SEO Premium plugin. -->","yoast_head_json":{"title":"Publications - BienLaw","robots":{"index":"index","follow":"follow","max-snippet":"max-snippet:-1","max-image-preview":"max-image-preview:large","max-video-preview":"max-video-preview:-1"},"canonical":"https:\/\/bienlawfirm.com\/fr\/publications\/","og_locale":"fr_FR","og_type":"article","og_title":"Publications","og_description":"[vc_row css=\u00a0\u00bb.vc_custom_1519641791076{margin-top: 70px !important;margin-bottom: 60px !important;}\u00a0\u00bb][vc_column][vc_tta_tabs alignment=\u00a0\u00bbcenter\u00a0\u00bb active_section=\u00a0\u00bb1&Prime;][vc_tta_section title=\u00a0\u00bbBlog\u00a0\u00bb tab_id=\u00a0\u00bb1519291492503-cdfcc33d-3879&Prime;][vc_basic_grid post_type=\u00a0\u00bbpost\u00a0\u00bb max_items=\u00a0\u00bb-1&Prime; item=\u00a0\u00bbbasicGrid_SlideFromLeft\u00a0\u00bb css=\u00a0\u00bb\u00a0\u00bb grid_id=\u00a0\u00bbvc_gid:1723491429314-848a25c3e7ef54f3ad61dd17b0501e41-0&Prime; taxonomies=\u00a0\u00bb1&Prime;][\/vc_tta_section][vc_tta_section title=\u00a0\u00bbAnalyse des d\u00e9cisions judiciaires\u00a0\u00bb tab_id=\u00a0\u00bb1519291492527-5a8e40b7-6dd1&Prime;][vc_basic_grid post_type=\u00a0\u00bbpost\u00a0\u00bb max_items=\u00a0\u00bb-1&Prime; element_width=\u00a0\u00bb3&Prime; item=\u00a0\u00bbcmsms_GridProject\u00a0\u00bb css=\u00a0\u00bb.vc_custom_1722535814444{margin-top: 20px !important;}\u00a0\u00bb grid_id=\u00a0\u00bbvc_gid:1723491429324-a39544aaa35d9a912a5c55ef9b47ea65-0&Prime; taxonomies=\u00a0\u00bb31&Prime;][\/vc_tta_section][vc_tta_section title=\u00a0\u00bbVid\u00e9os\u00a0\u00bb tab_id=\u00a0\u00bb1519292081756-ba92f6a9-29eb\u00a0\u00bb][vc_basic_grid post_type=\u00a0\u00bbpost\u00a0\u00bb max_items=\u00a0\u00bb-1&Prime; element_width=\u00a0\u00bb3&Prime; item=\u00a0\u00bbcmsms_GridPost\u00a0\u00bb css=\u00a0\u00bb.vc_custom_1722535798365{margin-top: 20px !important;}\u00a0\u00bb grid_id=\u00a0\u00bbvc_gid:1723491429331-cf3135a85457f3dc17f7b90cea3ee6da-8&Prime; exclude=\u00a0\u00bb2418&Prime; taxonomies=\u00a0\u00bb32&Prime;][\/vc_tta_section][\/vc_tta_tabs][\/vc_column][\/vc_row]","og_url":"https:\/\/bienlawfirm.com\/fr\/publications\/","og_site_name":"BienLaw","article_modified_time":"2024-08-12T21:28:01+00:00","twitter_card":"summary_large_image","twitter_misc":{"Dur\u00e9e de lecture estim\u00e9e":"1 minute"},"schema":{"@context":"https:\/\/schema.org","@graph":[{"@type":"WebPage","@id":"https:\/\/bienlawfirm.com\/fr\/publications\/","url":"https:\/\/bienlawfirm.com\/fr\/publications\/","name":"Publications - BienLaw","isPartOf":{"@id":"https:\/\/bienlawfirm.com\/fr\/#website"},"datePublished":"2011-05-20T15:51:43+00:00","dateModified":"2024-08-12T21:28:01+00:00","breadcrumb":{"@id":"https:\/\/bienlawfirm.com\/fr\/publications\/#breadcrumb"},"inLanguage":"fr-FR","potentialAction":[{"@type":"ReadAction","target":["https:\/\/bienlawfirm.com\/fr\/publications\/"]}]},{"@type":"BreadcrumbList","@id":"https:\/\/bienlawfirm.com\/fr\/publications\/#breadcrumb","itemListElement":[{"@type":"ListItem","position":1,"name":"Anasayfa","item":"https:\/\/bienlawfirm.com\/fr\/accueil\/"},{"@type":"ListItem","position":2,"name":"Publications"}]},{"@type":"WebSite","@id":"https:\/\/bienlawfirm.com\/fr\/#website","url":"https:\/\/bienlawfirm.com\/fr\/","name":"BienLaw","description":"Hukuk ve Dan\u0131\u015fmanl\u0131k B\u00fcrosu","publisher":{"@id":"https:\/\/bienlawfirm.com\/fr\/#organization"},"potentialAction":[{"@type":"SearchAction","target":{"@type":"EntryPoint","urlTemplate":"https:\/\/bienlawfirm.com\/fr\/?s={search_term_string}"},"query-input":{"@type":"PropertyValueSpecification","valueRequired":true,"valueName":"search_term_string"}}],"inLanguage":"fr-FR"},{"@type":"Organization","@id":"https:\/\/bienlawfirm.com\/fr\/#organization","name":"BienLaw","url":"https:\/\/bienlawfirm.com\/fr\/","logo":{"@type":"ImageObject","inLanguage":"fr-FR","@id":"https:\/\/bienlawfirm.com\/fr\/#\/schema\/logo\/image\/","url":"https:\/\/bienlawfirm.com\/wp-content\/uploads\/2024\/08\/logo.svg","contentUrl":"https:\/\/bienlawfirm.com\/wp-content\/uploads\/2024\/08\/logo.svg","width":1920,"height":1080,"caption":"BienLaw"},"image":{"@id":"https:\/\/bienlawfirm.com\/fr\/#\/schema\/logo\/image\/"}}]}},"_links":{"self":[{"href":"https:\/\/bienlawfirm.com\/fr\/wp-json\/wp\/v2\/pages\/9703","targetHints":{"allow":["GET"]}}],"collection":[{"href":"https:\/\/bienlawfirm.com\/fr\/wp-json\/wp\/v2\/pages"}],"about":[{"href":"https:\/\/bienlawfirm.com\/fr\/wp-json\/wp\/v2\/types\/page"}],"author":[{"embeddable":true,"href":"https:\/\/bienlawfirm.com\/fr\/wp-json\/wp\/v2\/users\/1"}],"replies":[{"embeddable":true,"href":"https:\/\/bienlawfirm.com\/fr\/wp-json\/wp\/v2\/comments?post=9703"}],"version-history":[{"count":4,"href":"https:\/\/bienlawfirm.com\/fr\/wp-json\/wp\/v2\/pages\/9703\/revisions"}],"predecessor-version":[{"id":9729,"href":"https:\/\/bienlawfirm.com\/fr\/wp-json\/wp\/v2\/pages\/9703\/revisions\/9729"}],"wp:attachment":[{"href":"https:\/\/bienlawfirm.com\/fr\/wp-json\/wp\/v2\/media?parent=9703"}],"curies":[{"name":"wp","href":"https:\/\/api.w.org\/{rel}","templated":true}]}}