{"id":9705,"date":"2016-12-28T13:23:09","date_gmt":"2016-12-28T10:23:09","guid":{"rendered":"https:\/\/bienlawfirm.com\/iletisim\/"},"modified":"2024-08-13T00:26:51","modified_gmt":"2024-08-12T21:26:51","slug":"contact","status":"publish","type":"page","link":"https:\/\/bienlawfirm.com\/fr\/contact\/","title":{"rendered":"Contact"},"content":{"rendered":"<div class=\"wpb-content-wrapper\"><style type=\"text\/css\" data-type=\"vc_cmsms_shortcodes-custom-css\"><\/style><p>[vc_row full_width=\u00a0\u00bbstretch_row_content_no_spaces\u00a0\u00bb css=\u00a0\u00bb.vc_custom_1519121501343{margin-top: 0px !important;margin-right: 0px !important;margin-bottom: 0px !important;margin-left: 0px !important;border-top-width: 0px !important;border-right-width: 0px !important;border-bottom-width: 0px !important;border-left-width: 0px !important;padding-top: 0px !important;padding-right: 0px !important;padding-bottom: 0px !important;padding-left: 0px !important;border-left-style: none !important;border-right-style: none !important;border-top-style: none !important;border-bottom-style: none !important;}\u00a0\u00bb][vc_column css=\u00a0\u00bb.vc_custom_1519117916998{margin-top: 0px !important;margin-right: 0px !important;margin-bottom: 0px !important;margin-left: 0px !important;border-top-width: 0px !important;border-right-width: 0px !important;border-bottom-width: 0px !important;border-left-width: 0px !important;padding-top: 0px !important;padding-right: 0px !important;padding-bottom: 0px !important;padding-left: 0px !important;border-left-style: none !important;border-right-style: none !important;border-top-style: none !important;border-bottom-style: none !important;}\u00a0\u00bb][vc_gmaps link=\u00a0\u00bb#E-8_JTNDaWZyYW1lJTIwc3JjJTNEJTIyaHR0cHMlM0ElMkYlMkZ3d3cuZ29vZ2xlLmNvbSUyRm1hcHMlMkZlbWJlZCUzRnBiJTNEJTIxMW0xNCUyMTFtMTIlMjExbTMlMjExZDIxNC4zNDA1MjAzMjA3ODU3NCUyMTJkMjkuMDQyNTY0NDA1MzU3NjU1JTIxM2Q0MC45OTI2OTE5NjIzOTIyMTUlMjEybTMlMjExZjAlMjEyZjAlMjEzZjAlMjEzbTIlMjExaTEwMjQlMjEyaTc2OCUyMTRmMTMuMSUyMTVlMCUyMTNtMiUyMTFzZW4lMjEyc3RyJTIxNHYxNzIyOTQzNjgwOTM3JTIxNW0yJTIxMXNlbiUyMTJzdHIlMjIlMjB3aWR0aCUzRCUyMjYwMCUyMiUyMGhlaWdodCUzRCUyMjQ1MCUyMiUyMHN0eWxlJTNEJTIyYm9yZGVyJTNBMCUzQiUyMiUyMGFsbG93ZnVsbHNjcmVlbiUzRCUyMiUyMiUyMGxvYWRpbmclM0QlMjJsYXp5JTIyJTIwcmVmZXJyZXJwb2xpY3klM0QlMjJuby1yZWZlcnJlci13aGVuLWRvd25ncmFkZSUyMiUzRSUzQyUyRmlmcmFtZSUzRQ==\u00a0\u00bb size=\u00a0\u00bb450&Prime; css=\u00a0\u00bb.vc_custom_1722943690401{margin-top: 0px !important;margin-right: 0px !important;margin-bottom: 0px !important;margin-left: 0px !important;border-top-width: 0px !important;border-right-width: 0px !important;border-bottom-width: 0px !important;border-left-width: 0px !important;padding-top: 0px !important;padding-right: 0px !important;padding-bottom: 0px !important;padding-left: 0px !important;border-left-style: none !important;border-right-style: none !important;border-top-style: none !important;border-bottom-style: none !important;}\u00a0\u00bb][\/vc_column][\/vc_row][vc_row css=\u00a0\u00bb.vc_custom_1519121440370{margin-top: 10px !important;margin-bottom: 80px !important;}\u00a0\u00bb][vc_column width=\u00a0\u00bb1\/3&Prime; css=\u00a0\u00bb.vc_custom_1723249419746{margin-top: -50px !important;margin-bottom: 20px !important;padding-top: 60px !important;padding-right: 40px !important;padding-bottom: 70px !important;padding-left: 40px !important;background-color: #d6c399 !important;}\u00a0\u00bb offset=\u00a0\u00bbvc_col-lg-3&Prime;][vc_custom_heading text=\u00a0\u00bbCoordonn\u00e9es\u00a0\u00bb font_container=\u00a0\u00bbtag:h3|font_size:24|text_align:left|color:%23ffffff\u00a0\u00bb use_theme_fonts=\u00a0\u00bbyes\u00a0\u00bb css=\u00a0\u00bb\u00a0\u00bb][vc_column_text css=\u00a0\u00bb.vc_custom_1723493200214{margin-bottom: 0px !important;}\u00a0\u00bb]<span style=\"color: #ffffff;\"><img loading=\"lazy\" decoding=\"async\" class=\"alignnone wp-image-8817\" src=\"https:\/\/bienlawfirm.com\/wp-content\/uploads\/2024\/08\/icons8-location-30.png\" alt=\"\" width=\"19\" height=\"19\" \/> Mahalle E\u011fitim, Rue Ad\u0131m No:4 Bureau:16 Atak Plaza Kad\u0131k\u00f6y\/Istanbul<\/span>[\/vc_column_text][cmsms_icon_box icon=\u00a0\u00bbTheme-Default-Icons-mail-3&Prime; title_tag=\u00a0\u00bbh2&Prime; subtitle_tag=\u00a0\u00bbp\u00a0\u00bb uniqid=\u00a0\u00bbcmsms_shcd_66aba8fac59e35_21645197&Prime; custom_typography=\u00a0\u00bbtrue\u00a0\u00bb box_settings=\u00a0\u00bbtrue\u00a0\u00bb subtitle=\u00a0\u00bbinfo@bienlawfirm.com\u00a0\u00bb title_font_family=\u00a0\u00bbfont_family:|font_call:\u00a0\u00bb link=\u00a0\u00bburl:mailto%3Ainfo%40bienlawfirm.com|title:bienlawfirm.com\u00a0\u00bb subtitle_color=\u00a0\u00bb#ffffff\u00a0\u00bb subtitle_color_hover=\u00a0\u00bbrgba(255,255,255,0.7)\u00a0\u00bb box_bg_color=\u00a0\u00bbrgba(255,255,255,0.01)\u00a0\u00bb box_bd_color=\u00a0\u00bbrgba(255,255,255,0.01)\u00a0\u00bb icon_size=\u00a0\u00bb16&Prime; icon_padding=\u00a0\u00bb10&Prime; icon_border=\u00a0\u00bb0&Prime; icon_gap=\u00a0\u00bb0&Prime; icon_color=\u00a0\u00bb#ffffff\u00a0\u00bb icon_color_hover=\u00a0\u00bbrgba(255,255,255,0.7)\u00a0\u00bb css=\u00a0\u00bb.vc_custom_1722525919781{margin-top: 25px !important;margin-bottom: 0px !important;}\u00a0\u00bb][cmsms_icon_box icon=\u00a0\u00bbTheme-Default-Icons-phone-4&Prime; title_tag=\u00a0\u00bbh2&Prime; subtitle_tag=\u00a0\u00bbp\u00a0\u00bb uniqid=\u00a0\u00bbcmsms_shcd_66aba91bc80787_13379881&Prime; custom_typography=\u00a0\u00bbtrue\u00a0\u00bb box_settings=\u00a0\u00bbtrue\u00a0\u00bb subtitle=\u00a0\u00bb+90 (216) 446 66 76&Prime; title_font_family=\u00a0\u00bbfont_family:|font_call:\u00a0\u00bb link=\u00a0\u00bb|||\u00a0\u00bb subtitle_color=\u00a0\u00bb#ffffff\u00a0\u00bb box_bg_color=\u00a0\u00bbrgba(255,255,255,0.01)\u00a0\u00bb box_bd_color=\u00a0\u00bbrgba(255,255,255,0.01)\u00a0\u00bb icon_size=\u00a0\u00bb16&Prime; icon_padding=\u00a0\u00bb10&Prime; icon_border=\u00a0\u00bb0&Prime; icon_gap=\u00a0\u00bb0&Prime; icon_color=\u00a0\u00bb#ffffff\u00a0\u00bb css=\u00a0\u00bb.vc_custom_1722525953628{margin-top: 0px !important;margin-bottom: 0px !important;}\u00a0\u00bb][cmsms_icon_box icon=\u00a0\u00bbTheme-Default-Icons-phone-4&Prime; title_tag=\u00a0\u00bbh2&Prime; subtitle_tag=\u00a0\u00bbp\u00a0\u00bb uniqid=\u00a0\u00bbcmsms_shcd_66aba906e88829_89874369&Prime; custom_typography=\u00a0\u00bbtrue\u00a0\u00bb box_settings=\u00a0\u00bbtrue\u00a0\u00bb subtitle=\u00a0\u00bb+90 530 651 24 34&Prime; title_font_family=\u00a0\u00bbfont_family:|font_call:\u00a0\u00bb link=\u00a0\u00bb|||\u00a0\u00bb subtitle_color=\u00a0\u00bb#ffffff\u00a0\u00bb box_bg_color=\u00a0\u00bbrgba(255,255,255,0.01)\u00a0\u00bb box_bd_color=\u00a0\u00bbrgba(255,255,255,0.01)\u00a0\u00bb icon_size=\u00a0\u00bb16&Prime; icon_padding=\u00a0\u00bb10&Prime; icon_border=\u00a0\u00bb0&Prime; icon_gap=\u00a0\u00bb0&Prime; icon_color=\u00a0\u00bb#ffffff\u00a0\u00bb css=\u00a0\u00bb.vc_custom_1722525944618{margin-top: 0px !important;margin-bottom: 0px !important;}\u00a0\u00bb][\/vc_column][vc_column width=\u00a0\u00bb2\/3&Prime; css=\u00a0\u00bb.vc_custom_1519641697173{margin-top: 30px !important;border-top-width: 0px !important;padding-top: 0px !important;padding-right: 60px !important;padding-left: 60px !important;}\u00a0\u00bb offset=\u00a0\u00bbvc_col-lg-9&Prime;][vc_custom_heading text=\u00a0\u00bbFormulaire de contact\u00a0\u00bb font_container=\u00a0\u00bbtag:h2|font_size:22px|text_align:left|line_height:30px\u00a0\u00bb use_theme_fonts=\u00a0\u00bbyes\u00a0\u00bb css=\u00a0\u00bb.vc_custom_1723493222608{padding-bottom: 0px !important;}\u00a0\u00bb]\n<div class=\"wpcf7 no-js\" id=\"wpcf7-f9747-o1\" lang=\"fr-FR\" dir=\"ltr\">\n<div class=\"screen-reader-response\"><p role=\"status\" aria-live=\"polite\" aria-atomic=\"true\"><\/p> <ul><\/ul><\/div>\n<form action=\"\/fr\/wp-json\/wp\/v2\/pages\/9705#wpcf7-f9747-o1\" method=\"post\" class=\"wpcf7-form init\" aria-label=\"Formulaire de contact\" novalidate=\"novalidate\" data-status=\"init\">\n<div style=\"display: none;\">\n<input type=\"hidden\" name=\"_wpcf7\" value=\"9747\" \/>\n<input type=\"hidden\" name=\"_wpcf7_version\" value=\"5.9.8\" \/>\n<input type=\"hidden\" name=\"_wpcf7_locale\" value=\"fr_FR\" \/>\n<input type=\"hidden\" name=\"_wpcf7_unit_tag\" value=\"wpcf7-f9747-o1\" \/>\n<input type=\"hidden\" name=\"_wpcf7_container_post\" value=\"0\" \/>\n<input type=\"hidden\" name=\"_wpcf7_posted_data_hash\" value=\"\" \/>\n<\/div>\n<div class=\"cmsms_form\">\n\t<div class=\"cmsms_form_third\">\n\t\t<p><span class=\"wpcf7-form-control-wrap\" data-name=\"your-name\"><input size=\"40\" maxlength=\"400\" class=\"wpcf7-form-control wpcf7-text wpcf7-validates-as-required\" aria-required=\"true\" aria-invalid=\"false\" placeholder=\"Nom Complet\" value=\"\" type=\"text\" name=\"your-name\" \/><\/span>\n\t\t<\/p>\n\t<\/div>\n\t<div class=\"cmsms_form_third\">\n\t\t<p><span class=\"wpcf7-form-control-wrap\" data-name=\"your-email\"><input size=\"40\" maxlength=\"400\" class=\"wpcf7-form-control wpcf7-email wpcf7-validates-as-required wpcf7-text wpcf7-validates-as-email\" aria-required=\"true\" aria-invalid=\"false\" placeholder=\"E-mail\" value=\"\" type=\"email\" name=\"your-email\" \/><\/span>\n\t\t<\/p>\n\t<\/div>\n\t<div class=\"cmsms_form_third\">\n\t\t<p><span class=\"wpcf7-form-control-wrap\" data-name=\"your-phone\"><input size=\"40\" maxlength=\"400\" class=\"wpcf7-form-control wpcf7-tel wpcf7-validates-as-required wpcf7-text wpcf7-validates-as-tel\" aria-required=\"true\" aria-invalid=\"false\" placeholder=\"Num\u00e9ro de T\u00e9l\u00e9phone\" value=\"\" type=\"tel\" name=\"your-phone\" \/><\/span>\n\t\t<\/p>\n\t<\/div>\n\t<div class=\"cmsms_form_third\">\n\t\t<p><span class=\"wpcf7-form-control-wrap\" data-name=\"your-subject\"><input size=\"40\" maxlength=\"400\" class=\"wpcf7-form-control wpcf7-text\" aria-invalid=\"false\" placeholder=\"Sujet\" value=\"\" type=\"text\" name=\"your-subject\" \/><\/span>\n\t\t<\/p>\n\t<\/div>\n\t<div class=\"cmsms_form_full\">\n\t\t<p><span class=\"wpcf7-form-control-wrap\" data-name=\"your-message\"><textarea cols=\"40\" rows=\"10\" maxlength=\"2000\" class=\"wpcf7-form-control wpcf7-textarea\" aria-invalid=\"false\" placeholder=\"Message\" name=\"your-message\"><\/textarea><\/span>\n\t\t<\/p>\n\t<\/div>\n\t<div class=\"cmsms_form_full\">\n\t\t<p><input class=\"wpcf7-form-control wpcf7-submit has-spinner\" type=\"submit\" value=\"Envoyer le Message\" \/>\n\t\t<\/p>\n\t<\/div>\n<\/div><div class=\"wpcf7-response-output\" aria-hidden=\"true\"><\/div>\n<\/form>\n<\/div>\n[\/vc_column][\/vc_row]<\/p>\n<\/div>","protected":false},"excerpt":{"rendered":"<p>[vc_row full_width=\u00a0\u00bbstretch_row_content_no_spaces\u00a0\u00bb css=\u00a0\u00bb.vc_custom_1519121501343{margin-top: 0px !important;margin-right: 0px !important;margin-bottom: 0px !important;margin-left: 0px !important;border-top-width: 0px !important;border-right-width: 0px !important;border-bottom-width: 0px !important;border-left-width: 0px !important;padding-top: 0px !important;padding-right: 0px !important;padding-bottom: 0px !important;padding-left: 0px !important;border-left-style: none !important;border-right-style: none !important;border-top-style: none !important;border-bottom-style: none !important;}\u00a0\u00bb][vc_column css=\u00a0\u00bb.vc_custom_1519117916998{margin-top: 0px !important;margin-right: 0px !important;margin-bottom: 0px !important;margin-left: 0px !important;border-top-width: 0px !important;border-right-width: 0px !important;border-bottom-width: 0px !important;border-left-width: 0px !important;padding-top: 0px !important;padding-right: 0px&#8230;<\/p>\n","protected":false},"author":1,"featured_media":0,"parent":0,"menu_order":0,"comment_status":"closed","ping_status":"closed","template":"","meta":{"footnotes":""},"class_list":["post-9705","page","type-page","status-publish","hentry"],"yoast_head":"<!-- This site is optimized with the Yoast SEO Premium plugin v23.8 (Yoast SEO v23.8) - https:\/\/yoast.com\/wordpress\/plugins\/seo\/ -->\n<title>Contact - BienLaw<\/title>\n<meta name=\"robots\" content=\"index, follow, max-snippet:-1, max-image-preview:large, max-video-preview:-1\" \/>\n<link rel=\"canonical\" href=\"https:\/\/bienlawfirm.com\/fr\/contact\/\" \/>\n<meta property=\"og:locale\" content=\"fr_FR\" \/>\n<meta property=\"og:type\" content=\"article\" \/>\n<meta property=\"og:title\" content=\"Contact\" \/>\n<meta property=\"og:description\" content=\"[vc_row full_width=\u00a0\u00bbstretch_row_content_no_spaces\u00a0\u00bb css=\u00a0\u00bb.vc_custom_1519121501343{margin-top: 0px !important;margin-right: 0px !important;margin-bottom: 0px !important;margin-left: 0px !important;border-top-width: 0px !important;border-right-width: 0px !important;border-bottom-width: 0px !important;border-left-width: 0px !important;padding-top: 0px !important;padding-right: 0px !important;padding-bottom: 0px !important;padding-left: 0px !important;border-left-style: none !important;border-right-style: none !important;border-top-style: none !important;border-bottom-style: none !important;}\u00a0\u00bb][vc_column css=\u00a0\u00bb.vc_custom_1519117916998{margin-top: 0px !important;margin-right: 0px !important;margin-bottom: 0px !important;margin-left: 0px !important;border-top-width: 0px !important;border-right-width: 0px !important;border-bottom-width: 0px !important;border-left-width: 0px !important;padding-top: 0px !important;padding-right: 0px...\" \/>\n<meta property=\"og:url\" content=\"https:\/\/bienlawfirm.com\/fr\/contact\/\" \/>\n<meta property=\"og:site_name\" content=\"BienLaw\" \/>\n<meta property=\"article:modified_time\" content=\"2024-08-12T21:26:51+00:00\" \/>\n<meta property=\"og:image\" content=\"https:\/\/bienlawfirm.com\/wp-content\/uploads\/2024\/08\/icons8-location-30.png\" \/>\n<meta name=\"twitter:card\" content=\"summary_large_image\" \/>\n<meta name=\"twitter:label1\" content=\"Dur\u00e9e de lecture estim\u00e9e\" \/>\n\t<meta name=\"twitter:data1\" content=\"3 minutes\" \/>\n<script type=\"application\/ld+json\" class=\"yoast-schema-graph\">{\"@context\":\"https:\/\/schema.org\",\"@graph\":[{\"@type\":\"WebPage\",\"@id\":\"https:\/\/bienlawfirm.com\/fr\/contact\/\",\"url\":\"https:\/\/bienlawfirm.com\/fr\/contact\/\",\"name\":\"Contact - BienLaw\",\"isPartOf\":{\"@id\":\"https:\/\/bienlawfirm.com\/fr\/#website\"},\"primaryImageOfPage\":{\"@id\":\"https:\/\/bienlawfirm.com\/fr\/contact\/#primaryimage\"},\"image\":{\"@id\":\"https:\/\/bienlawfirm.com\/fr\/contact\/#primaryimage\"},\"thumbnailUrl\":\"https:\/\/bienlawfirm.com\/wp-content\/uploads\/2024\/08\/icons8-location-30.png\",\"datePublished\":\"2016-12-28T10:23:09+00:00\",\"dateModified\":\"2024-08-12T21:26:51+00:00\",\"breadcrumb\":{\"@id\":\"https:\/\/bienlawfirm.com\/fr\/contact\/#breadcrumb\"},\"inLanguage\":\"fr-FR\",\"potentialAction\":[{\"@type\":\"ReadAction\",\"target\":[\"https:\/\/bienlawfirm.com\/fr\/contact\/\"]}]},{\"@type\":\"ImageObject\",\"inLanguage\":\"fr-FR\",\"@id\":\"https:\/\/bienlawfirm.com\/fr\/contact\/#primaryimage\",\"url\":\"https:\/\/bienlawfirm.com\/wp-content\/uploads\/2024\/08\/icons8-location-30.png\",\"contentUrl\":\"https:\/\/bienlawfirm.com\/wp-content\/uploads\/2024\/08\/icons8-location-30.png\"},{\"@type\":\"BreadcrumbList\",\"@id\":\"https:\/\/bienlawfirm.com\/fr\/contact\/#breadcrumb\",\"itemListElement\":[{\"@type\":\"ListItem\",\"position\":1,\"name\":\"Anasayfa\",\"item\":\"https:\/\/bienlawfirm.com\/fr\/accueil\/\"},{\"@type\":\"ListItem\",\"position\":2,\"name\":\"Contact\"}]},{\"@type\":\"WebSite\",\"@id\":\"https:\/\/bienlawfirm.com\/fr\/#website\",\"url\":\"https:\/\/bienlawfirm.com\/fr\/\",\"name\":\"BienLaw\",\"description\":\"Hukuk ve Dan\u0131\u015fmanl\u0131k B\u00fcrosu\",\"publisher\":{\"@id\":\"https:\/\/bienlawfirm.com\/fr\/#organization\"},\"potentialAction\":[{\"@type\":\"SearchAction\",\"target\":{\"@type\":\"EntryPoint\",\"urlTemplate\":\"https:\/\/bienlawfirm.com\/fr\/?s={search_term_string}\"},\"query-input\":{\"@type\":\"PropertyValueSpecification\",\"valueRequired\":true,\"valueName\":\"search_term_string\"}}],\"inLanguage\":\"fr-FR\"},{\"@type\":\"Organization\",\"@id\":\"https:\/\/bienlawfirm.com\/fr\/#organization\",\"name\":\"BienLaw\",\"url\":\"https:\/\/bienlawfirm.com\/fr\/\",\"logo\":{\"@type\":\"ImageObject\",\"inLanguage\":\"fr-FR\",\"@id\":\"https:\/\/bienlawfirm.com\/fr\/#\/schema\/logo\/image\/\",\"url\":\"https:\/\/bienlawfirm.com\/wp-content\/uploads\/2024\/08\/logo.svg\",\"contentUrl\":\"https:\/\/bienlawfirm.com\/wp-content\/uploads\/2024\/08\/logo.svg\",\"width\":1920,\"height\":1080,\"caption\":\"BienLaw\"},\"image\":{\"@id\":\"https:\/\/bienlawfirm.com\/fr\/#\/schema\/logo\/image\/\"}}]}<\/script>\n<!-- \/ Yoast SEO Premium plugin. -->","yoast_head_json":{"title":"Contact - BienLaw","robots":{"index":"index","follow":"follow","max-snippet":"max-snippet:-1","max-image-preview":"max-image-preview:large","max-video-preview":"max-video-preview:-1"},"canonical":"https:\/\/bienlawfirm.com\/fr\/contact\/","og_locale":"fr_FR","og_type":"article","og_title":"Contact","og_description":"[vc_row full_width=\u00a0\u00bbstretch_row_content_no_spaces\u00a0\u00bb css=\u00a0\u00bb.vc_custom_1519121501343{margin-top: 0px !important;margin-right: 0px !important;margin-bottom: 0px !important;margin-left: 0px !important;border-top-width: 0px !important;border-right-width: 0px !important;border-bottom-width: 0px !important;border-left-width: 0px !important;padding-top: 0px !important;padding-right: 0px !important;padding-bottom: 0px !important;padding-left: 0px !important;border-left-style: none !important;border-right-style: none !important;border-top-style: none !important;border-bottom-style: none !important;}\u00a0\u00bb][vc_column css=\u00a0\u00bb.vc_custom_1519117916998{margin-top: 0px !important;margin-right: 0px !important;margin-bottom: 0px !important;margin-left: 0px !important;border-top-width: 0px !important;border-right-width: 0px !important;border-bottom-width: 0px !important;border-left-width: 0px !important;padding-top: 0px !important;padding-right: 0px...","og_url":"https:\/\/bienlawfirm.com\/fr\/contact\/","og_site_name":"BienLaw","article_modified_time":"2024-08-12T21:26:51+00:00","og_image":[{"url":"https:\/\/bienlawfirm.com\/wp-content\/uploads\/2024\/08\/icons8-location-30.png"}],"twitter_card":"summary_large_image","twitter_misc":{"Dur\u00e9e de lecture estim\u00e9e":"3 minutes"},"schema":{"@context":"https:\/\/schema.org","@graph":[{"@type":"WebPage","@id":"https:\/\/bienlawfirm.com\/fr\/contact\/","url":"https:\/\/bienlawfirm.com\/fr\/contact\/","name":"Contact - BienLaw","isPartOf":{"@id":"https:\/\/bienlawfirm.com\/fr\/#website"},"primaryImageOfPage":{"@id":"https:\/\/bienlawfirm.com\/fr\/contact\/#primaryimage"},"image":{"@id":"https:\/\/bienlawfirm.com\/fr\/contact\/#primaryimage"},"thumbnailUrl":"https:\/\/bienlawfirm.com\/wp-content\/uploads\/2024\/08\/icons8-location-30.png","datePublished":"2016-12-28T10:23:09+00:00","dateModified":"2024-08-12T21:26:51+00:00","breadcrumb":{"@id":"https:\/\/bienlawfirm.com\/fr\/contact\/#breadcrumb"},"inLanguage":"fr-FR","potentialAction":[{"@type":"ReadAction","target":["https:\/\/bienlawfirm.com\/fr\/contact\/"]}]},{"@type":"ImageObject","inLanguage":"fr-FR","@id":"https:\/\/bienlawfirm.com\/fr\/contact\/#primaryimage","url":"https:\/\/bienlawfirm.com\/wp-content\/uploads\/2024\/08\/icons8-location-30.png","contentUrl":"https:\/\/bienlawfirm.com\/wp-content\/uploads\/2024\/08\/icons8-location-30.png"},{"@type":"BreadcrumbList","@id":"https:\/\/bienlawfirm.com\/fr\/contact\/#breadcrumb","itemListElement":[{"@type":"ListItem","position":1,"name":"Anasayfa","item":"https:\/\/bienlawfirm.com\/fr\/accueil\/"},{"@type":"ListItem","position":2,"name":"Contact"}]},{"@type":"WebSite","@id":"https:\/\/bienlawfirm.com\/fr\/#website","url":"https:\/\/bienlawfirm.com\/fr\/","name":"BienLaw","description":"Hukuk ve Dan\u0131\u015fmanl\u0131k B\u00fcrosu","publisher":{"@id":"https:\/\/bienlawfirm.com\/fr\/#organization"},"potentialAction":[{"@type":"SearchAction","target":{"@type":"EntryPoint","urlTemplate":"https:\/\/bienlawfirm.com\/fr\/?s={search_term_string}"},"query-input":{"@type":"PropertyValueSpecification","valueRequired":true,"valueName":"search_term_string"}}],"inLanguage":"fr-FR"},{"@type":"Organization","@id":"https:\/\/bienlawfirm.com\/fr\/#organization","name":"BienLaw","url":"https:\/\/bienlawfirm.com\/fr\/","logo":{"@type":"ImageObject","inLanguage":"fr-FR","@id":"https:\/\/bienlawfirm.com\/fr\/#\/schema\/logo\/image\/","url":"https:\/\/bienlawfirm.com\/wp-content\/uploads\/2024\/08\/logo.svg","contentUrl":"https:\/\/bienlawfirm.com\/wp-content\/uploads\/2024\/08\/logo.svg","width":1920,"height":1080,"caption":"BienLaw"},"image":{"@id":"https:\/\/bienlawfirm.com\/fr\/#\/schema\/logo\/image\/"}}]}},"_links":{"self":[{"href":"https:\/\/bienlawfirm.com\/fr\/wp-json\/wp\/v2\/pages\/9705","targetHints":{"allow":["GET"]}}],"collection":[{"href":"https:\/\/bienlawfirm.com\/fr\/wp-json\/wp\/v2\/pages"}],"about":[{"href":"https:\/\/bienlawfirm.com\/fr\/wp-json\/wp\/v2\/types\/page"}],"author":[{"embeddable":true,"href":"https:\/\/bienlawfirm.com\/fr\/wp-json\/wp\/v2\/users\/1"}],"replies":[{"embeddable":true,"href":"https:\/\/bienlawfirm.com\/fr\/wp-json\/wp\/v2\/comments?post=9705"}],"version-history":[{"count":6,"href":"https:\/\/bienlawfirm.com\/fr\/wp-json\/wp\/v2\/pages\/9705\/revisions"}],"predecessor-version":[{"id":9755,"href":"https:\/\/bienlawfirm.com\/fr\/wp-json\/wp\/v2\/pages\/9705\/revisions\/9755"}],"wp:attachment":[{"href":"https:\/\/bienlawfirm.com\/fr\/wp-json\/wp\/v2\/media?parent=9705"}],"curies":[{"name":"wp","href":"https:\/\/api.w.org\/{rel}","templated":true}]}}